{"id":557,"date":"2023-02-20T02:27:51","date_gmt":"2023-02-20T02:27:51","guid":{"rendered":"https:\/\/bybatt.com\/?post_type=product&#038;p=557"},"modified":"2023-02-20T02:36:38","modified_gmt":"2023-02-20T02:36:38","slug":"52v-50amp-8-4ah-rechargeable-21700-lithium-e-bike-battery","status":"publish","type":"product","link":"https:\/\/bybatt.com\/hu\/termek\/52v-50amp-8-4ah-rechargeable-21700-lithium-e-bike-battery\/","title":{"rendered":"52V 50AMP 8,4AH \u00fajrat\u00f6lthet\u0151 21700 l\u00edtium elektromos ker\u00e9kp\u00e1r akkumul\u00e1tor"},"content":{"rendered":"","protected":false},"excerpt":{"rendered":"<p>Az 52V 50AMP 8,4AH \u00fajrat\u00f6lthet\u0151 21700 Lithium E-Bike Battery egy nagy teljes\u00edtm\u00e9ny\u0171 l\u00edtium-ion akkumul\u00e1tor, amelyet elektromos ker\u00e9kp\u00e1rokhoz terveztek. 100% \u00faj cell\u00e1kb\u00f3l k\u00e9sz\u00fcl, \u00e9s t\u00f6bbf\u00e9le konfigur\u00e1ci\u00f3ban kaphat\u00f3, 36V, 48V \u00e9s 52V n\u00e9vleges fesz\u00fclts\u00e9ggel, 13ah \u00e9s 20,4ah k\u00f6z\u00f6tti n\u00e9vleges kapacit\u00e1ssal. Az akkumul\u00e1tor 18650 3,7 V 2500 mah cell\u00e1kb\u00f3l \u00e9p\u00fcl fel, \u00e9s szabv\u00e1nyos 2 A t\u00f6lt\u0151\u00e1rammal rendelkezik, b\u00e1r ez testreszabhat\u00f3 az egyedi k\u00f6vetelm\u00e9nyeknek megfelel\u0151en.<br \/>\nAz akkumul\u00e1tor 51 A maxim\u00e1lis kis\u00fcl\u00e9si \u00e1ram lead\u00e1s\u00e1ra k\u00e9pes, \u00e9s \u00e9lettartama t\u00f6bb mint 1000-szeres. \u00c1lland\u00f3 \u00e1ram\u00fa, \u00e1lland\u00f3 fesz\u00fclts\u00e9g\u0171 t\u00f6lt\u00e9si m\u00f3dszerrel t\u00f6lthet\u0151, \u00e9s h\u00e1rom k\u00fcl\u00f6nb\u00f6z\u0151 m\u00e9retben kaphat\u00f3: Polly DP-9 367mm x 141mm x 90mm, Polly DP-5\/5C 368mm x 96mm x 90mm \u00e9s Polly DP-6\/ 6C 368mm x 112mm x 90mm. Az akkumul\u00e1tor s\u00falya k\u00f6r\u00fclbel\u00fcl 5 kg, \u00e9s 045 \u00b0C k\u00f6z\u00f6tti h\u0151m\u00e9rs\u00e9kleten t\u00f6lthet\u0151, m\u00edg a kis\u00fct\u00e9si h\u0151m\u00e9rs\u00e9klet -2060 \u00b0C k\u00f6z\u00f6tt mozog. Az akkumul\u00e1tor t\u00falt\u00f6lt\u00e9s, t\u00falkis\u00fcl\u00e9s, t\u00fal\u00e1ram, r\u00f6vidz\u00e1rlat \u00e9s egy\u00e9b vesz\u00e9lyek elleni v\u00e9delemmel is rendelkezik.<\/p>","protected":false},"featured_media":558,"template":"","meta":{"_kad_post_transparent":"default","_kad_post_title":"","_kad_post_layout":"default","_kad_post_sidebar_id":"","_kad_post_content_style":"default","_kad_post_vertical_padding":"default","_kad_post_feature":"","_kad_post_feature_position":"","_kad_post_header":false,"_kad_post_footer":false},"product_cat":[19,21],"product_tag":[341,338,342,343,340,339],"class_list":["post-557","product","type-product","status-publish","has-post-thumbnail","hentry","product_cat-custom-ebike-battery","product_cat-down-tube-ebike-battery","product_tag-21700-cell-rechargeable-ebike-battery","product_tag-21700-lithium-e-bike-battery","product_tag-52v-ebike-battery","product_tag-e-bike-battery-replacement","product_tag-electric-bike-battery-36v","product_tag-lithium-ion-e-bike-battery","entry","content-bg","loop-entry"],"_links":{"self":[{"href":"https:\/\/bybatt.com\/hu\/wp-json\/wp\/v2\/product\/557","targetHints":{"allow":["GET"]}}],"collection":[{"href":"https:\/\/bybatt.com\/hu\/wp-json\/wp\/v2\/product"}],"about":[{"href":"https:\/\/bybatt.com\/hu\/wp-json\/wp\/v2\/types\/product"}],"wp:featuredmedia":[{"embeddable":true,"href":"https:\/\/bybatt.com\/hu\/wp-json\/wp\/v2\/media\/558"}],"wp:attachment":[{"href":"https:\/\/bybatt.com\/hu\/wp-json\/wp\/v2\/media?parent=557"}],"wp:term":[{"taxonomy":"product_cat","embeddable":true,"href":"https:\/\/bybatt.com\/hu\/wp-json\/wp\/v2\/product_cat?post=557"},{"taxonomy":"product_tag","embeddable":true,"href":"https:\/\/bybatt.com\/hu\/wp-json\/wp\/v2\/product_tag?post=557"}],"curies":[{"name":"wp","href":"https:\/\/api.w.org\/{rel}","templated":true}]}}