{"id":564,"date":"2023-02-20T03:00:52","date_gmt":"2023-02-20T03:00:52","guid":{"rendered":"https:\/\/bybatt.com\/?post_type=product&#038;p=564"},"modified":"2023-02-20T03:06:21","modified_gmt":"2023-02-20T03:06:21","slug":"48v-14ah-lithium-ion-e-bike-batteries-in-aluminum-case","status":"publish","type":"product","link":"https:\/\/bybatt.com\/hu\/termek\/48v-14ah-lithium-ion-e-bike-batteries-in-aluminum-case\/","title":{"rendered":"48V 14Ah l\u00edtium-ion elektromos ker\u00e9kp\u00e1r akkumul\u00e1torok alum\u00ednium tokban"},"content":{"rendered":"","protected":false},"excerpt":{"rendered":"<p>Ez a term\u00e9k egy 48 V-os l\u00edtium-ion e-bike akkumul\u00e1tor, alum\u00ednium tokban. A haszn\u00e1lt akkumul\u00e1torcell\u00e1k 100% \u00fajak, k\u00e9miai \u00f6sszet\u00e9tel\u00fck Li(NiCoMn)O2 18650. N\u00e9vleges fesz\u00fclts\u00e9ge 36V vagy 48V, n\u00e9vleges kapacit\u00e1sa 15Ah, 17.5ah, 12.8h vagy 14ah. A haszn\u00e1lt akkumul\u00e1torcella egy h\u00edres 18650-es cella, amelynek kapacit\u00e1sa 3200 mAh vagy 3400 mAh. Az akkumul\u00e1tor konfigur\u00e1ci\u00f3ja 13S5P, az akkumul\u00e1torkezel\u0151 rendszer (BMS) pedig 16A, vagy testreszabhat\u00f3. Az akkumul\u00e1tor m\u00e9rete 40 mm x 100 mm x 430 mm, \u00e9s 52 db 18650 cell\u00e1t tartalmaz, t\u00f6meg\u00fck pedig 4,5 kg. A kis\u00fcl\u00e9si megszak\u00edt\u00f3 fesz\u00fclts\u00e9g 30 V, a t\u00f6lt\u00e9si fesz\u00fclts\u00e9g 42,6 V. Az akkumul\u00e1tor 800 ciklus ut\u00e1n 80% erej\u00e9t k\u00e9pes fenntartani, 20-60 Celsius-fok \u00fczemi h\u0151m\u00e9rs\u00e9klet-tartom\u00e1nyban.<\/p>","protected":false},"featured_media":565,"template":"","meta":{"_kad_post_transparent":"default","_kad_post_title":"","_kad_post_layout":"default","_kad_post_sidebar_id":"","_kad_post_content_style":"default","_kad_post_vertical_padding":"default","_kad_post_feature":"","_kad_post_feature_position":"","_kad_post_header":false,"_kad_post_footer":false},"product_cat":[19,21],"product_tag":[345,346,344,318],"class_list":["post-564","product","type-product","status-publish","has-post-thumbnail","hentry","product_cat-custom-ebike-battery","product_cat-down-tube-ebike-battery","product_tag-48v-14ah-lithium-pack","product_tag-bike-battery","product_tag-e-bike-batteries-in-aluminum-case","product_tag-electric-bike-battery","entry","content-bg","loop-entry"],"_links":{"self":[{"href":"https:\/\/bybatt.com\/hu\/wp-json\/wp\/v2\/product\/564","targetHints":{"allow":["GET"]}}],"collection":[{"href":"https:\/\/bybatt.com\/hu\/wp-json\/wp\/v2\/product"}],"about":[{"href":"https:\/\/bybatt.com\/hu\/wp-json\/wp\/v2\/types\/product"}],"wp:featuredmedia":[{"embeddable":true,"href":"https:\/\/bybatt.com\/hu\/wp-json\/wp\/v2\/media\/565"}],"wp:attachment":[{"href":"https:\/\/bybatt.com\/hu\/wp-json\/wp\/v2\/media?parent=564"}],"wp:term":[{"taxonomy":"product_cat","embeddable":true,"href":"https:\/\/bybatt.com\/hu\/wp-json\/wp\/v2\/product_cat?post=564"},{"taxonomy":"product_tag","embeddable":true,"href":"https:\/\/bybatt.com\/hu\/wp-json\/wp\/v2\/product_tag?post=564"}],"curies":[{"name":"wp","href":"https:\/\/api.w.org\/{rel}","templated":true}]}}