{"id":571,"date":"2023-02-20T03:07:17","date_gmt":"2023-02-20T03:07:17","guid":{"rendered":"https:\/\/bybatt.com\/?post_type=product&#038;p=571"},"modified":"2023-02-20T03:56:54","modified_gmt":"2023-02-20T03:56:54","slug":"original-48v-17-5ah-reention-dorado-e-bike-battery","status":"publish","type":"product","link":"https:\/\/bybatt.com\/hu\/termek\/original-48v-17-5ah-reention-dorado-e-bike-battery\/","title":{"rendered":"Eredeti 48V 17.5Ah Reention Dorado E ker\u00e9kp\u00e1r akkumul\u00e1tor"},"content":{"rendered":"","protected":false},"excerpt":{"rendered":"<p>Az eredeti 48V 17,5Ah Reention Dorado E Bike Battery elektromos ker\u00e9kp\u00e1rokban val\u00f3 haszn\u00e1latra k\u00e9sz\u00fclt, n\u00e9vleges fesz\u00fclts\u00e9ge 36V vagy 48V, n\u00e9vleges kapacit\u00e1sa pedig 10,4Ah, 11,6Ah, 13,6Ah, 13Ah, 14,5Ah vagy 17,5. Az akkumul\u00e1tor LiNiCoMnO2 k\u00e9mi\u00e1t \u00e9s 18650 3.7V 2500mAh cell\u00e1t haszn\u00e1l.<br \/>\nAz akkumul\u00e1tor k\u00fcls\u0151 h\u00e1z\u00e1nak st\u00edlusa egy bels\u0151 akkumul\u00e1torh\u00e1z, \u00e9s az akkumul\u00e1torban haszn\u00e1lt cell\u00e1k sz\u00e1ma modellt\u0151l f\u00fcgg\u0151en v\u00e1ltozik. A Dorado Mini 30 vagy 40 cell\u00e1t haszn\u00e1l, a Dorado Pro 40 vagy 50 cell\u00e1t, a Dorado Plus 52 vagy 65 cell\u00e1t, a Dorado Max pedig 64 vagy 80 cell\u00e1t. Az akkumul\u00e1tor s\u00falya 5,5 kg.<br \/>\nAz akkumul\u00e1tor t\u00f6lthet\u0151 norm\u00e1l t\u00f6lt\u00e9ssel 0,2 C \u00e1lland\u00f3 \u00e1rammal \u00e9s 54,6 V \u00e1lland\u00f3 fesz\u00fclts\u00e9ggel 100 mA-es lekapcsol\u00e1s mellett, vagy gyorst\u00f6lt\u00e9ssel 0,5 CA \u00e1lland\u00f3 \u00e1rammal \u00e9s 54,6 V \u00e1lland\u00f3 fesz\u00fclts\u00e9ggel 100mA lekapcsol\u00e1s. Az akkumul\u00e1tor 0,2 C \u00e1lland\u00f3 \u00e1rammal \u00e9s 39 V v\u00e9gfesz\u00fclts\u00e9ggel kis\u00fcthet\u0151.<br \/>\nAz akkumul\u00e1tor ciklusideje 500-szoros a DOD80%-vel, \u00e9s a folyamatos kis\u00fcl\u00e9si \u00e1ram 17A vagy testreszabott. A cs\u00facskis\u00fcl\u00e9si \u00e1ram 51A vagy testreszabott. Az akkumul\u00e1tor-fel\u00fcgyeleti rendszer (BMS) t\u00fal\u00e1ram-, t\u00fal-kis\u00fcl\u00e9s-, t\u00falt\u00f6lt\u00e9s-, r\u00f6vidz\u00e1r- \u00e9s egyens\u00falyv\u00e9delmet biztos\u00edt. Az akkumul\u00e1tor -10-40 \u2103 k\u00f6z\u00f6tti h\u0151m\u00e9rs\u00e9kleten, 45-75% relat\u00edv p\u00e1ratartalom mellett 86-106 KPa nyom\u00e1son t\u00e1rolhat\u00f3.<\/p>","protected":false},"featured_media":572,"template":"","meta":{"_kad_post_transparent":"default","_kad_post_title":"","_kad_post_layout":"default","_kad_post_sidebar_id":"","_kad_post_content_style":"default","_kad_post_vertical_padding":"default","_kad_post_feature":"","_kad_post_feature_position":"","_kad_post_header":false,"_kad_post_footer":false},"product_cat":[19,21],"product_tag":[350,348,349,347],"class_list":["post-571","product","type-product","status-publish","has-post-thumbnail","hentry","product_cat-custom-ebike-battery","product_cat-down-tube-ebike-battery","product_tag-13ah-25ah","product_tag-48v-17-5ah-battery","product_tag-48v-battery","product_tag-reention-dorado-e-bike-battery","entry","content-bg","loop-entry"],"_links":{"self":[{"href":"https:\/\/bybatt.com\/hu\/wp-json\/wp\/v2\/product\/571","targetHints":{"allow":["GET"]}}],"collection":[{"href":"https:\/\/bybatt.com\/hu\/wp-json\/wp\/v2\/product"}],"about":[{"href":"https:\/\/bybatt.com\/hu\/wp-json\/wp\/v2\/types\/product"}],"wp:featuredmedia":[{"embeddable":true,"href":"https:\/\/bybatt.com\/hu\/wp-json\/wp\/v2\/media\/572"}],"wp:attachment":[{"href":"https:\/\/bybatt.com\/hu\/wp-json\/wp\/v2\/media?parent=571"}],"wp:term":[{"taxonomy":"product_cat","embeddable":true,"href":"https:\/\/bybatt.com\/hu\/wp-json\/wp\/v2\/product_cat?post=571"},{"taxonomy":"product_tag","embeddable":true,"href":"https:\/\/bybatt.com\/hu\/wp-json\/wp\/v2\/product_tag?post=571"}],"curies":[{"name":"wp","href":"https:\/\/api.w.org\/{rel}","templated":true}]}}