{"id":586,"date":"2023-02-20T04:07:10","date_gmt":"2023-02-20T04:07:10","guid":{"rendered":"https:\/\/bybatt.com\/?post_type=product&#038;p=586"},"modified":"2023-02-20T04:11:38","modified_gmt":"2023-02-20T04:11:38","slug":"52v-48v-hailong-ebike-battery-electric-bike-lithium-battery","status":"publish","type":"product","link":"https:\/\/bybatt.com\/hu\/termek\/52v-48v-hailong-ebike-battery-electric-bike-lithium-battery\/","title":{"rendered":"52V 48V Hailong Ebike akkumul\u00e1tor elektromos ker\u00e9kp\u00e1r l\u00edtium akkumul\u00e1tor"},"content":{"rendered":"","protected":false},"excerpt":{"rendered":"<p>Az 52V\/48V-os Hailong Ebike Battery egy elektromos ker\u00e9kp\u00e1r l\u00edtium akkumul\u00e1tor, amelyet arra terveztek, hogy elektromos ker\u00e9kp\u00e1rt biztos\u00edtson. Az akkumul\u00e1tor 100% \u00faj cell\u00e1kb\u00f3l \u00e1ll, amelyek A oszt\u00e1ly\u00fa jap\u00e1n vagy koreai cellagy\u00e1rt\u00f3kt\u00f3l sz\u00e1rmaznak, \u00edgy biztos\u00edtva, hogy az akkumul\u00e1tor kiv\u00e1l\u00f3 min\u0151s\u00e9g\u0171 legyen.<br \/>\nAz akkumul\u00e1tor k\u00fcl\u00f6nb\u00f6z\u0151 besorol\u00e1sokban kaphat\u00f3, 36V\/48V\/52V fesz\u00fclts\u00e9ggel \u00e9s 17.4Ah\/12Ah\/13Ah\/14.5Ah\/17.5Ah\/13Ah kapacit\u00e1ssal, \u00edgy az \u00d6n ig\u00e9nyeit\u0151l f\u00fcgg\u0151en k\u00fcl\u00f6nb\u00f6z\u0151 lehet\u0151s\u00e9gek k\u00f6z\u00fcl v\u00e1laszthat. k\u00f6vetelm\u00e9nyeknek.<br \/>\nAz akkumul\u00e1tor m\u00e9rete 365 mm x 90 mm x 110 mm, \u00edgy a legt\u00f6bb elektromos ker\u00e9kp\u00e1rhoz megfelel\u0151 m\u00e9ret. Az akkumul\u00e1tor 25A\/30A teljes\u00edtm\u00e9ny\u0171 BMS-sel (Battery Management System) van felszerelve, amely biztos\u00edtja az akkumul\u00e1tor biztons\u00e1g\u00e1t \u00e9s hossz\u00fa \u00e9lettartam\u00e1t.<br \/>\nAz akkumul\u00e1torhoz egy t\u00f6lt\u0151 is tartozik, amely h\u00e1rom k\u00fcl\u00f6nb\u00f6z\u0151 besorol\u00e1sban kaphat\u00f3: 42V 2A\/54.6V 2A\/58.8V 2A, \u00e9s az akkumul\u00e1tor t\u00f6lt\u00e9smegszak\u00edt\u00f3 fesz\u00fclts\u00e9ge 42V\/54.6V\/58.8V \u00e9s kis\u00fcl\u00e9si kapcsol\u00f3. 28V\/36.4V\/39.2V fesz\u00fclts\u00e9g.<br \/>\nAz akkumul\u00e1tor \u00e9lettartama 800 ciklus ut\u00e1n 80%, ami azt jelenti, hogy ak\u00e1r 800-szor is felt\u00f6lthet\u0151 \u00e9s kis\u00fcthet\u0151, miel\u0151tt 20%-t elvesz\u00edtene eredeti kapacit\u00e1s\u00e1b\u00f3l. Az akkumul\u00e1tor t\u00edpusa Li(NiCoMn)O2 18650, amely az elektromos ker\u00e9kp\u00e1r akkumul\u00e1torokban haszn\u00e1lt \u00e1ltal\u00e1nos l\u00edtium-ion akkumul\u00e1tor k\u00e9mia.<br \/>\n\u00d6sszess\u00e9g\u00e9ben az 52V\/48V-os Hailong Ebike Battery egy kiv\u00e1l\u00f3 min\u0151s\u00e9g\u0171 l\u00edtium akkumul\u00e1tor, amely \u00fagy k\u00e9sz\u00fclt, hogy tart\u00f3s legyen, \u00e9s megb\u00edzhat\u00f3 \u00e1ramforr\u00e1st biztos\u00edtson elektromos ker\u00e9kp\u00e1rj\u00e1nak.<\/p>","protected":false},"featured_media":587,"template":"","meta":{"_kad_post_transparent":"default","_kad_post_title":"","_kad_post_layout":"default","_kad_post_sidebar_id":"","_kad_post_content_style":"default","_kad_post_vertical_padding":"default","_kad_post_feature":"","_kad_post_feature_position":"","_kad_post_header":false,"_kad_post_footer":false},"product_cat":[19,21],"product_tag":[354,353,326,351,357,355,356,352],"class_list":["post-586","product","type-product","status-publish","has-post-thumbnail","hentry","product_cat-custom-ebike-battery","product_cat-down-tube-ebike-battery","product_tag-battery-pack","product_tag-electric-bicycle-52v-20ah-battery","product_tag-electric-bicycle-battery-pack","product_tag-hailong-battery-52v-17-5ah","product_tag-hailong-ebike-battery","product_tag-hailong-s039-3-battery","product_tag-hailong-s039-3-electric-bicycle-battery","product_tag-lithium-ion-battery-pack","entry","content-bg","loop-entry"],"_links":{"self":[{"href":"https:\/\/bybatt.com\/hu\/wp-json\/wp\/v2\/product\/586","targetHints":{"allow":["GET"]}}],"collection":[{"href":"https:\/\/bybatt.com\/hu\/wp-json\/wp\/v2\/product"}],"about":[{"href":"https:\/\/bybatt.com\/hu\/wp-json\/wp\/v2\/types\/product"}],"wp:featuredmedia":[{"embeddable":true,"href":"https:\/\/bybatt.com\/hu\/wp-json\/wp\/v2\/media\/587"}],"wp:attachment":[{"href":"https:\/\/bybatt.com\/hu\/wp-json\/wp\/v2\/media?parent=586"}],"wp:term":[{"taxonomy":"product_cat","embeddable":true,"href":"https:\/\/bybatt.com\/hu\/wp-json\/wp\/v2\/product_cat?post=586"},{"taxonomy":"product_tag","embeddable":true,"href":"https:\/\/bybatt.com\/hu\/wp-json\/wp\/v2\/product_tag?post=586"}],"curies":[{"name":"wp","href":"https:\/\/api.w.org\/{rel}","templated":true}]}}