{"id":593,"date":"2023-02-20T04:17:45","date_gmt":"2023-02-20T04:17:45","guid":{"rendered":"https:\/\/bybatt.com\/?post_type=product&#038;p=593"},"modified":"2023-03-05T16:17:11","modified_gmt":"2023-03-05T16:17:11","slug":"authorized-hailong-downtube-lithium-battery-pack-for-e-bike","status":"publish","type":"product","link":"https:\/\/bybatt.com\/hu\/termek\/authorized-hailong-downtube-lithium-battery-pack-for-e-bike\/","title":{"rendered":"Enged\u00e9lyezett Hailong Downtube l\u00edtium akkumul\u00e1torcsomag elektromos ker\u00e9kp\u00e1rokhoz"},"content":{"rendered":"","protected":false},"excerpt":{"rendered":"<p>Az enged\u00e9lyezett Hailong Downtube Lithium Battery Pack for E-Bike egy kiv\u00e1l\u00f3 min\u0151s\u00e9g\u0171 akkumul\u00e1tor elektromos ker\u00e9kp\u00e1rokhoz. 100% \u00faj cell\u00e1t haszn\u00e1l, \u00e9s sz\u00e1mos fesz\u00fclts\u00e9gben \u00e9s kapacit\u00e1sban el\u00e9rhet\u0151, hogy megfeleljen a k\u00fcl\u00f6nb\u00f6z\u0151 e-bike modelleknek \u00e9s alkalmaz\u00e1soknak.<br \/>\nA 72 V, 60 V, 36 V, 48 V \u00e9s 52 V fesz\u00fclts\u00e9g, m\u00edg a 28,8 Ah, 24 Ah, 13 Ah, 15 Ah, 20 Ah \u00e9s 18 Ah kapacit\u00e1s\u00fa opci\u00f3k \u00e1llnak rendelkez\u00e9sre. Az akkumul\u00e1tor G2500 Cell\/Samsung 35E, G2500 Cell, G2500 Cell, G2500 Cell elemekb\u0151l \u00e1ll.<br \/>\nEz az akkumul\u00e1torcsomag 200-1000 W, 200-1500 W, 200-1800 W \u00e9s 200-2200 W teljes\u00edtm\u00e9nytartom\u00e1ny\u00fa e-bike motorokhoz haszn\u00e1lhat\u00f3. A rendelkez\u00e9sre \u00e1ll\u00f3 BMS (Battery Management System) opci\u00f3k 30A, 40A \u00e9s 50A, hat\u00e9kony \u00e9s megb\u00edzhat\u00f3 akkumul\u00e1torkezel\u00e9st biztos\u00edtanak.<br \/>\n\u00d6sszess\u00e9g\u00e9ben ez a Hailong Downtube Lithium Battery Pack megb\u00edzhat\u00f3 \u00e9s nagy teljes\u00edtm\u00e9ny\u0171 \u00e1ramforr\u00e1s az e-ker\u00e9kp\u00e1rokhoz, \u00edgy kiv\u00e1l\u00f3 v\u00e1laszt\u00e1s az e-bike rajong\u00f3k sz\u00e1m\u00e1ra, akik a legjobbat k\u00edv\u00e1nj\u00e1k elektromos ker\u00e9kp\u00e1rjaikt\u00f3l.<\/p>","protected":false},"featured_media":594,"template":"","meta":{"_kad_post_transparent":"default","_kad_post_title":"","_kad_post_layout":"default","_kad_post_sidebar_id":"","_kad_post_content_style":"default","_kad_post_vertical_padding":"default","_kad_post_feature":"","_kad_post_feature_position":"","_kad_post_header":false,"_kad_post_footer":false},"product_cat":[19,21],"product_tag":[354,353,326,351,358,357,355,356,352],"class_list":["post-593","product","type-product","status-publish","has-post-thumbnail","hentry","product_cat-custom-ebike-battery","product_cat-down-tube-ebike-battery","product_tag-battery-pack","product_tag-electric-bicycle-52v-20ah-battery","product_tag-electric-bicycle-battery-pack","product_tag-hailong-battery-52v-17-5ah","product_tag-hailong-downtube-lithium-battery","product_tag-hailong-ebike-battery","product_tag-hailong-s039-3-battery","product_tag-hailong-s039-3-electric-bicycle-battery","product_tag-lithium-ion-battery-pack","entry","content-bg","loop-entry"],"_links":{"self":[{"href":"https:\/\/bybatt.com\/hu\/wp-json\/wp\/v2\/product\/593","targetHints":{"allow":["GET"]}}],"collection":[{"href":"https:\/\/bybatt.com\/hu\/wp-json\/wp\/v2\/product"}],"about":[{"href":"https:\/\/bybatt.com\/hu\/wp-json\/wp\/v2\/types\/product"}],"wp:featuredmedia":[{"embeddable":true,"href":"https:\/\/bybatt.com\/hu\/wp-json\/wp\/v2\/media\/594"}],"wp:attachment":[{"href":"https:\/\/bybatt.com\/hu\/wp-json\/wp\/v2\/media?parent=593"}],"wp:term":[{"taxonomy":"product_cat","embeddable":true,"href":"https:\/\/bybatt.com\/hu\/wp-json\/wp\/v2\/product_cat?post=593"},{"taxonomy":"product_tag","embeddable":true,"href":"https:\/\/bybatt.com\/hu\/wp-json\/wp\/v2\/product_tag?post=593"}],"curies":[{"name":"wp","href":"https:\/\/api.w.org\/{rel}","templated":true}]}}