{"id":601,"date":"2023-02-20T04:24:12","date_gmt":"2023-02-20T04:24:12","guid":{"rendered":"https:\/\/bybatt.com\/?post_type=product&#038;p=601"},"modified":"2023-02-20T04:36:07","modified_gmt":"2023-02-20T04:36:07","slug":"24v-10ah-rechargeable-18650-battery-cells-battery-pack","status":"publish","type":"product","link":"https:\/\/bybatt.com\/hu\/termek\/24v-10ah-rechargeable-18650-battery-cells-battery-pack\/","title":{"rendered":"24V 10Ah \u00fajrat\u00f6lthet\u0151 18650 akkumul\u00e1tor cell\u00e1s akkumul\u00e1tor"},"content":{"rendered":"","protected":false},"excerpt":{"rendered":"<p>A le\u00edrt term\u00e9k egy 24 V-os 10 Ah-s \u00fajrat\u00f6lthet\u0151 akkumul\u00e1tor, amely 18650 elemb\u0151l \u00e1ll. Az akkumul\u00e1torcsomag 28 cell\u00e1b\u00f3l \u00e1ll, amelyek 7 p\u00e1rhuzamos 4-sorozat\u00fa konfigur\u00e1ci\u00f3ban vannak elrendezve, mindegyik cella n\u00e9vleges kapacit\u00e1sa 2500 mAh, n\u00e9vleges fesz\u00fclts\u00e9ge pedig 3,7 V.<br \/>\nAz akkumul\u00e1torcsomag forr\u00e1sellen\u00e1ll\u00e1sa kisebb, mint 40 m\u03a9, kis\u00fcl\u00e9si megszak\u00edt\u00f3fesz\u00fclts\u00e9ge 41+\/-1 V, \u00e9s t\u00f6lt\u00e9slez\u00e1r\u00e1si fesz\u00fclts\u00e9ge 29,4 V. N\u00e9vleges kis\u00fcl\u00e9si \u00e1rama 10A, pillanatnyi maxim\u00e1lis kis\u00fcl\u00e9si \u00e1rama 30A, \u00e9s maxim\u00e1lis folyamatos kis\u00fcl\u00e9si \u00e1rama 20A. A maxim\u00e1lis folyamatos t\u00f6lt\u0151\u00e1ram 5A, a t\u00f6lt\u00e9si m\u00f3d pedig CC\/CV, norm\u00e1l t\u00f6lt\u0151\u00e1rammal 2A \u00e9s t\u00f6lt\u00e9si id\u0151vel 5 \u00f3ra norm\u00e1l t\u00f6lt\u0151\u00e1ram mellett. A gyorst\u00f6lt\u00e9s 5A-es gyorst\u00f6lt\u00e9si \u00e1rammal \u00e9s gyorst\u00f6lt\u00e9si \u00e1ram mellett 2 \u00f3r\u00e1s t\u00f6lt\u00e9si id\u0151vel is el\u00e9rhet\u0151.<br \/>\nAz akkumul\u00e1torcsomag sz\u00e9les -20 \u00e9s 60\u00b0C k\u00f6z\u00f6tti h\u0151m\u00e9rs\u00e9kleti tartom\u00e1nyban tud m\u0171k\u00f6dni t\u00f6lt\u00e9skor \u00e9s kis\u00fct\u00e9skor egyar\u00e1nt. Az akkumul\u00e1torcsomag m\u00e9rete 225 x 130 x 85 mm, nett\u00f3 t\u00f6mege 2 kg, brutt\u00f3 t\u00f6mege 2,5 kg. A gy\u00e1rt\u00f3 meger\u0151s\u00edti, hogy az akkumul\u00e1torcsomagban haszn\u00e1lt \u00f6sszes cella 100% \u00faj.<\/p>","protected":false},"featured_media":602,"template":"","meta":{"_kad_post_transparent":"default","_kad_post_title":"","_kad_post_layout":"default","_kad_post_sidebar_id":"","_kad_post_content_style":"default","_kad_post_vertical_padding":"default","_kad_post_feature":"","_kad_post_feature_position":"","_kad_post_header":false,"_kad_post_footer":false},"product_cat":[19,21],"product_tag":[360,359,361,362,352,363],"class_list":["post-601","product","type-product","status-publish","has-post-thumbnail","hentry","product_cat-custom-ebike-battery","product_cat-down-tube-ebike-battery","product_tag-18650-battery-cells","product_tag-18650-battery-cells-battery-pack","product_tag-24v-10ah-silver-battery","product_tag-battery-rechargeable","product_tag-lithium-ion-battery-pack","product_tag-lithium-ion-e-bike-batteries-in-aluminum-cases","entry","content-bg","loop-entry"],"_links":{"self":[{"href":"https:\/\/bybatt.com\/hu\/wp-json\/wp\/v2\/product\/601","targetHints":{"allow":["GET"]}}],"collection":[{"href":"https:\/\/bybatt.com\/hu\/wp-json\/wp\/v2\/product"}],"about":[{"href":"https:\/\/bybatt.com\/hu\/wp-json\/wp\/v2\/types\/product"}],"wp:featuredmedia":[{"embeddable":true,"href":"https:\/\/bybatt.com\/hu\/wp-json\/wp\/v2\/media\/602"}],"wp:attachment":[{"href":"https:\/\/bybatt.com\/hu\/wp-json\/wp\/v2\/media?parent=601"}],"wp:term":[{"taxonomy":"product_cat","embeddable":true,"href":"https:\/\/bybatt.com\/hu\/wp-json\/wp\/v2\/product_cat?post=601"},{"taxonomy":"product_tag","embeddable":true,"href":"https:\/\/bybatt.com\/hu\/wp-json\/wp\/v2\/product_tag?post=601"}],"curies":[{"name":"wp","href":"https:\/\/api.w.org\/{rel}","templated":true}]}}