{"id":608,"date":"2023-02-20T04:38:46","date_gmt":"2023-02-20T04:38:46","guid":{"rendered":"https:\/\/bybatt.com\/?post_type=product&#038;p=608"},"modified":"2023-03-05T16:17:06","modified_gmt":"2023-03-05T16:17:06","slug":"24v-8ah-silverfish-ebike-battery-electric-bike-battery","status":"publish","type":"product","link":"https:\/\/bybatt.com\/hu\/termek\/24v-8ah-silverfish-ebike-battery-electric-bike-battery\/","title":{"rendered":"24V 8Ah Silverfish Ebike akkumul\u00e1tor Elektromos ker\u00e9kp\u00e1r akkumul\u00e1tor"},"content":{"rendered":"","protected":false},"excerpt":{"rendered":"<p>A 24V 8Ah Silverfish Ebike Battery egy elektromos ker\u00e9kp\u00e1r akkumul\u00e1tor, amely 100% \u00faj Li-ion akkumul\u00e1torcell\u00e1kkal k\u00e9sz\u00fcl. N\u00e9vleges fesz\u00fclts\u00e9ge 24 V vagy 36 V, n\u00e9vleges kapacit\u00e1sa pedig 8 Ah, 10 Ah, 15 Ah vagy 20 Ah, a v\u00e1lasztott konfigur\u00e1ci\u00f3t\u00f3l f\u00fcgg\u0151en. A rendelkez\u00e9sre \u00e1ll\u00f3 konfigur\u00e1ci\u00f3k 7S4P, 7S6P vagy 7S8P, a felhaszn\u00e1lt akkumul\u00e1torcell\u00e1k pedig 18650 A oszt\u00e1ly\u00fa cell\u00e1k.<br \/>\nAz akkumul\u00e1torhoz tartozik egy 15A-es BMS, amely 250 W-os motorral haszn\u00e1lhat\u00f3, \u00e9s egy t\u00f6lt\u0151 29,4 V 2A kimenettel. A kis\u00fct\u00e9si megszak\u00edt\u00f3 fesz\u00fclts\u00e9g 19,6 V-ra van \u00e1ll\u00edtva, az akkumul\u00e1tor m\u00e9rete 425*77*85 mm, s\u00falya pedig 2,5 kg, 3 kg vagy 3,8 kg, a v\u00e1lasztott konfigur\u00e1ci\u00f3t\u00f3l f\u00fcgg\u0151en.<br \/>\nAz akkumul\u00e1tor \u00e9lettartama legal\u00e1bb 800-szoros, \u00e9s -10 \u00e9s 45 Celsius k\u00f6z\u00f6tti h\u0151m\u00e9rs\u00e9kleten k\u00e9pes m\u0171k\u00f6dni. Alkalmas E-bike akkumul\u00e1tork\u00e9nt, riks\u00e1kban, triciklikben \u00e9s motorokban val\u00f3 haszn\u00e1latra. Az akkumul\u00e1tor t\u00falt\u00f6lt\u00e9s-, t\u00fal-kis\u00fcl\u00e9s-, t\u00fal\u00e1ram-, r\u00f6vidz\u00e1r- \u00e9s ellen\u00e1ll\u00e1sv\u00e9delemmel rendelkezik.<br \/>\nA t\u00f6lt\u00e9si fesz\u00fclts\u00e9g egycell\u00e1s t\u00f6lt\u00e9shez kiegyens\u00falyozott, a maxim\u00e1lis folyamatos t\u00f6lt\u0151\u00e1ram \u00e9s a maxim\u00e1lis folyamatos kis\u00fct\u0151\u00e1ram a v\u00e1lasztott konfigur\u00e1ci\u00f3t\u00f3l f\u00fcgg. \u00d6sszess\u00e9g\u00e9ben ez az akkumul\u00e1tor kiv\u00e1l\u00f3 min\u0151s\u00e9g\u0171 v\u00e1laszt\u00e1s azok sz\u00e1m\u00e1ra, akik elektromos ker\u00e9kp\u00e1rjaikat \u00e9s m\u00e1s j\u00e1rm\u0171veiket szeretn\u00e9k meghajtani.<\/p>","protected":false},"featured_media":609,"template":"","meta":{"_kad_post_transparent":"default","_kad_post_title":"","_kad_post_layout":"default","_kad_post_sidebar_id":"","_kad_post_content_style":"default","_kad_post_vertical_padding":"default","_kad_post_feature":"","_kad_post_feature_position":"","_kad_post_header":false,"_kad_post_footer":false},"product_cat":[19,21],"product_tag":[365,52,41,366,364],"class_list":["post-608","product","type-product","status-publish","has-post-thumbnail","hentry","product_cat-custom-ebike-battery","product_cat-down-tube-ebike-battery","product_tag-24v-8ah-lithium-ion-batteries","product_tag-battery","product_tag-electric-bicycle-battery","product_tag-lithium-battery","product_tag-silverfish-ebike-battery","entry","content-bg","loop-entry"],"_links":{"self":[{"href":"https:\/\/bybatt.com\/hu\/wp-json\/wp\/v2\/product\/608","targetHints":{"allow":["GET"]}}],"collection":[{"href":"https:\/\/bybatt.com\/hu\/wp-json\/wp\/v2\/product"}],"about":[{"href":"https:\/\/bybatt.com\/hu\/wp-json\/wp\/v2\/types\/product"}],"wp:featuredmedia":[{"embeddable":true,"href":"https:\/\/bybatt.com\/hu\/wp-json\/wp\/v2\/media\/609"}],"wp:attachment":[{"href":"https:\/\/bybatt.com\/hu\/wp-json\/wp\/v2\/media?parent=608"}],"wp:term":[{"taxonomy":"product_cat","embeddable":true,"href":"https:\/\/bybatt.com\/hu\/wp-json\/wp\/v2\/product_cat?post=608"},{"taxonomy":"product_tag","embeddable":true,"href":"https:\/\/bybatt.com\/hu\/wp-json\/wp\/v2\/product_tag?post=608"}],"curies":[{"name":"wp","href":"https:\/\/api.w.org\/{rel}","templated":true}]}}