{"id":205,"date":"2023-02-15T13:30:02","date_gmt":"2023-02-15T13:30:02","guid":{"rendered":"https:\/\/bybatt.com\/?post_type=product&#038;p=205"},"modified":"2023-02-15T15:11:20","modified_gmt":"2023-02-15T15:11:20","slug":"rechargeable-36-volt-lithium-battery-for-electric-bike","status":"publish","type":"product","link":"https:\/\/bybatt.com\/it\/prodotto\/rechargeable-36-volt-lithium-battery-for-electric-bike\/","title":{"rendered":"Batteria al litio ricaricabile da 36 Volt per bici elettrica"},"content":{"rendered":"","protected":false},"excerpt":{"rendered":"<p>Ti presentiamo la nostra batteria ricaricabile agli ioni di litio da 36 V, perfetta per una vasta gamma di applicazioni. Con una tensione nominale di 36 V e una tensione di carica di 42,5 V, questa batteria fornisce un&#039;alimentazione affidabile e di lunga durata. Disponibile in due capacit\u00e0 nominali, 10,5 Ah e 17,5 Ah, questa batteria \u00e8 adatta a una vasta gamma di esigenze.<br \/>\nLa batteria ha una corrente di carica standard di 4 A e una corrente di scarica continua di 20 A, con una corrente di scarica di picco di 25 A. La tensione di interruzione della scarica \u00e8 di 27,5 V, garantendo una scarica sicura e affidabile.<br \/>\nLa nostra batteria utilizza una soluzione UART BMS intelligente, assicurando che tutte le celle utilizzate siano nuove 100%. Dispone inoltre di una tensione di bilanciamento della tensione di carica per singole celle, nonch\u00e9 di protezione da sovraccarico, scarica eccessiva, sovracorrente e cortocircuito. La batteria \u00e8 progettata per avere un ciclo di vita di oltre 500 volte ed \u00e8 disponibile in nero.<br \/>\nQuesta batteria \u00e8 leggera, pesa circa 3 kg, il che la rende facile da trasportare e utilizzare in una vasta gamma di applicazioni. Il metodo di ricarica avviene tramite un alimentatore\/caricatore CC e la batteria ha un intervallo di temperatura di carica da 10\u00b0C a 45\u00b0C e un intervallo di temperatura di scarica da -20\u00b0C a 60\u00b0C.<br \/>\nScegli la nostra batteria ricaricabile agli ioni di litio da 36 V per una soluzione di alimentazione affidabile e ad alte prestazioni che soddisfi tutte le tue esigenze.<\/p>","protected":false},"featured_media":208,"template":"","meta":{"_kad_post_transparent":"default","_kad_post_title":"","_kad_post_layout":"default","_kad_post_sidebar_id":"","_kad_post_content_style":"default","_kad_post_vertical_padding":"default","_kad_post_feature":"","_kad_post_feature_position":"","_kad_post_header":false,"_kad_post_footer":false},"product_cat":[20,19],"product_tag":[38,43,44,41,40,42,39],"class_list":["post-205","product","type-product","status-publish","has-post-thumbnail","hentry","product_cat-smart-ebike-battery","product_cat-custom-ebike-battery","product_tag-36-volt-lithium-battery","product_tag-ebike-battery","product_tag-ebike-conversion-kit","product_tag-electric-bicycle-battery","product_tag-electric-bike-lithium-battery","product_tag-lithium-ion-battery","product_tag-rechargeable-lithium-battery","entry","content-bg","loop-entry"],"_links":{"self":[{"href":"https:\/\/bybatt.com\/it\/wp-json\/wp\/v2\/product\/205","targetHints":{"allow":["GET"]}}],"collection":[{"href":"https:\/\/bybatt.com\/it\/wp-json\/wp\/v2\/product"}],"about":[{"href":"https:\/\/bybatt.com\/it\/wp-json\/wp\/v2\/types\/product"}],"wp:featuredmedia":[{"embeddable":true,"href":"https:\/\/bybatt.com\/it\/wp-json\/wp\/v2\/media\/208"}],"wp:attachment":[{"href":"https:\/\/bybatt.com\/it\/wp-json\/wp\/v2\/media?parent=205"}],"wp:term":[{"taxonomy":"product_cat","embeddable":true,"href":"https:\/\/bybatt.com\/it\/wp-json\/wp\/v2\/product_cat?post=205"},{"taxonomy":"product_tag","embeddable":true,"href":"https:\/\/bybatt.com\/it\/wp-json\/wp\/v2\/product_tag?post=205"}],"curies":[{"name":"wp","href":"https:\/\/api.w.org\/{rel}","templated":true}]}}