{"id":223,"date":"2023-02-16T03:51:27","date_gmt":"2023-02-16T03:51:27","guid":{"rendered":"https:\/\/bybatt.com\/?post_type=product&#038;p=223"},"modified":"2023-02-16T04:04:58","modified_gmt":"2023-02-16T04:04:58","slug":"original-xiaomi-no-9-36v-electric-scooter-lithium-battery","status":"publish","type":"product","link":"https:\/\/bybatt.com\/it\/prodotto\/original-xiaomi-no-9-36v-electric-scooter-lithium-battery\/","title":{"rendered":"Batteria al litio per scooter elettrico originale Xiaomi No.9 36V"},"content":{"rendered":"","protected":false},"excerpt":{"rendered":"<p>Presentazione della batteria al litio per scooter elettrico Xiaomi n. 9, il compagno perfetto per il tuo scooter elettrico in fibra di carbonio. Questa batteria \u00e8 disponibile in 24 V, 36 V e 48 V con una capacit\u00e0 di 4-12 Ah. La dimensione del prodotto \u00e8 personalizzabile in base alle proprie esigenze.<br \/>\nLa batteria al litio per scooter elettrico Xiaomi n. 9 \u00e8 composta da nuovissime batterie al litio 18650 di grado automobilistico di grado A, note per la loro affidabilit\u00e0 e prestazioni elevate. \u00c8 assemblato con schede di protezione IC importate, garantendo che sia sicuro e protetto. Prima di lasciare la fabbrica, questo prodotto viene sottoposto a test di invecchiamento per garantire che soddisfi i pi\u00f9 elevati standard di qualit\u00e0.<br \/>\nQuesto pacco batteria viene fornito con una garanzia di 1 anno per le batterie domestiche e una garanzia di 2 anni per le batterie importate. Oltre al pacco batteria, questo prodotto include anche tutti gli accessori necessari, come i documenti, per assicurarti di avere tutto il necessario per iniziare.<br \/>\nSia che tu stia andando al lavoro o esplorando la citt\u00e0, la batteria al litio per scooter elettrico Xiaomi n. 9 ti fornir\u00e0 la potenza e l&#039;affidabilit\u00e0 di cui hai bisogno per arrivare dove stai andando. Ordina ora e prova la comodit\u00e0 di questo prodotto originale made in China!<\/p>","protected":false},"featured_media":224,"template":"","meta":{"_kad_post_transparent":"default","_kad_post_title":"","_kad_post_layout":"default","_kad_post_sidebar_id":"","_kad_post_content_style":"default","_kad_post_vertical_padding":"default","_kad_post_feature":"","_kad_post_feature_position":"","_kad_post_header":false,"_kad_post_footer":false},"product_cat":[33],"product_tag":[48,52,51,47,46,50,49],"class_list":["post-223","product","type-product","status-publish","has-post-thumbnail","hentry","product_cat-custom-battery-pack","product_tag-36v-scooter-lithium-battery","product_tag-battery","product_tag-battery-electric-bike","product_tag-electric-scooter-lithium-battery","product_tag-original-xiaomi-lithium-battery","product_tag-xiaomi-ebike-battery","product_tag-xiaomi-no-9-lithium-battery","entry","content-bg","loop-entry"],"_links":{"self":[{"href":"https:\/\/bybatt.com\/it\/wp-json\/wp\/v2\/product\/223","targetHints":{"allow":["GET"]}}],"collection":[{"href":"https:\/\/bybatt.com\/it\/wp-json\/wp\/v2\/product"}],"about":[{"href":"https:\/\/bybatt.com\/it\/wp-json\/wp\/v2\/types\/product"}],"wp:featuredmedia":[{"embeddable":true,"href":"https:\/\/bybatt.com\/it\/wp-json\/wp\/v2\/media\/224"}],"wp:attachment":[{"href":"https:\/\/bybatt.com\/it\/wp-json\/wp\/v2\/media?parent=223"}],"wp:term":[{"taxonomy":"product_cat","embeddable":true,"href":"https:\/\/bybatt.com\/it\/wp-json\/wp\/v2\/product_cat?post=223"},{"taxonomy":"product_tag","embeddable":true,"href":"https:\/\/bybatt.com\/it\/wp-json\/wp\/v2\/product_tag?post=223"}],"curies":[{"name":"wp","href":"https:\/\/api.w.org\/{rel}","templated":true}]}}