{"id":230,"date":"2023-02-16T04:08:07","date_gmt":"2023-02-16T04:08:07","guid":{"rendered":"https:\/\/bybatt.com\/?post_type=product&#038;p=230"},"modified":"2023-02-16T04:25:03","modified_gmt":"2023-02-16T04:25:03","slug":"8-5-inch-universal-original-battery-pack-for-xiaomi-scooter","status":"publish","type":"product","link":"https:\/\/bybatt.com\/it\/prodotto\/8-5-inch-universal-original-battery-pack-for-xiaomi-scooter\/","title":{"rendered":"Batteria originale universale da 8,5 pollici per scooter Xiaomi"},"content":{"rendered":"","protected":false},"excerpt":{"rendered":"<p>Presentazione del nostro pacco batteria originale universale da 8,5 pollici per scooter Xiaomi M365! Con una tensione nominale di 36 V e una capacit\u00e0 di 7,5-10,4 A, questo pacco batteria presenta un marchio di batterie domestiche LG di alta qualit\u00e0 ed \u00e8 progettato per velocit\u00e0 naturali di 30-40 nodi 10s3P. Con una corrente di uscita di 15-20 A e una potenza di 250-350 watt, puoi aspettarti un chilometraggio di guida di 25-50 chilometri con una singola carica.<br \/>\nQuesto pacco batteria viene fornito con una potenza nominale del caricabatterie di 71 watt e una tensione di ingresso nominale del caricabatterie di 100-240 V~, 50\/60 Hz. La tensione limite di ricarica della batteria \u00e8 di 42 V e il tempo di ricarica \u00e8 di circa 4 ore.<br \/>\nDotato di un BMS intelligente, questo pacco batteria offre anomalia di temperatura\/cortocircuito\/spegnimento automatico sottotensione\/sovracorrente\/doppio sovraccarico\/doppio sovraccarico, garantendo la tua sicurezza durante l&#039;utilizzo dello scooter.<br \/>\nCon una lunghezza di 28,7 x 4 x 7 cm e un peso di 1,8 kg, questa batteria \u00e8 confezionata in un unico cartone con una dimensione di 65 x 10 x 10 cm e un peso di 2 kg. \u00c8 compatibile solo con l&#039;auto originale Xiaomi (con comunicazione) e comunemente utilizzata nei modelli Mi Pro, Pro2, 1S, M365 originali sul mercato. Aggiorna oggi il tuo scooter Xiaomi M365 con il nostro pacco batteria di alta qualit\u00e0!<\/p>","protected":false},"featured_media":231,"template":"","meta":{"_kad_post_transparent":"default","_kad_post_title":"","_kad_post_layout":"default","_kad_post_sidebar_id":"","_kad_post_content_style":"default","_kad_post_vertical_padding":"default","_kad_post_feature":"","_kad_post_feature_position":"","_kad_post_header":false,"_kad_post_footer":false},"product_cat":[33],"product_tag":[55,54,53,56,59,57,58],"class_list":["post-230","product","type-product","status-publish","has-post-thumbnail","hentry","product_cat-custom-battery-pack","product_tag-8-5-inch-universal-battery-pack","product_tag-original-xiaomi-scooter-battery-pack","product_tag-universal-original-battery-pack","product_tag-xiaomi-m365-scooter-battery-pack","product_tag-xiaomi-mi-1s-scooter-battery-pack","product_tag-xiaomi-mi-pro-scooter-battery-pack","product_tag-xiaomi-mi-pro2-scooter-battery-pack","entry","content-bg","loop-entry"],"_links":{"self":[{"href":"https:\/\/bybatt.com\/it\/wp-json\/wp\/v2\/product\/230","targetHints":{"allow":["GET"]}}],"collection":[{"href":"https:\/\/bybatt.com\/it\/wp-json\/wp\/v2\/product"}],"about":[{"href":"https:\/\/bybatt.com\/it\/wp-json\/wp\/v2\/types\/product"}],"wp:featuredmedia":[{"embeddable":true,"href":"https:\/\/bybatt.com\/it\/wp-json\/wp\/v2\/media\/231"}],"wp:attachment":[{"href":"https:\/\/bybatt.com\/it\/wp-json\/wp\/v2\/media?parent=230"}],"wp:term":[{"taxonomy":"product_cat","embeddable":true,"href":"https:\/\/bybatt.com\/it\/wp-json\/wp\/v2\/product_cat?post=230"},{"taxonomy":"product_tag","embeddable":true,"href":"https:\/\/bybatt.com\/it\/wp-json\/wp\/v2\/product_tag?post=230"}],"curies":[{"name":"wp","href":"https:\/\/api.w.org\/{rel}","templated":true}]}}