{"id":268,"date":"2023-02-17T08:08:39","date_gmt":"2023-02-17T08:08:39","guid":{"rendered":"https:\/\/bybatt.com\/?post_type=product&#038;p=268"},"modified":"2023-02-17T08:15:14","modified_gmt":"2023-02-17T08:15:14","slug":"12v-24v-36v-rechargeable-lifepo4-lithium-solar-battery-pack","status":"publish","type":"product","link":"https:\/\/bybatt.com\/it\/prodotto\/12v-24v-36v-rechargeable-lifepo4-lithium-solar-battery-pack\/","title":{"rendered":"Batteria solare al litio ricaricabile LiFePO4 12V 24V 36V"},"content":{"rendered":"","protected":false},"excerpt":{"rendered":"<p>Presentazione del pacco batteria solare al litio LiFePO4 ricaricabile da 12 V 24 V 36 V, la soluzione perfetta per le tue esigenze di accumulo di energia. Costruita utilizzando la chimica brevettata al litio ferro fosfato (LiFePO\u2084), questa batteria \u00e8 altamente versatile e pu\u00f2 essere utilizzata per un&#039;ampia gamma di applicazioni.<br \/>\nL&#039;LFP-3650 \u00e8 dotato di un sistema di gestione della batteria (BMS) integrato che garantisce prestazioni ottimali prevenendo il surriscaldamento, il sovraccarico e massimizzando la durata del ciclo delle celle. Con il BMS interno (chip elettronico), la batteria viene monitorata in tempo reale e avvisa l&#039;utente se vengono rilevate anomalie di tensione o capacit\u00e0.<br \/>\nCon solo da met\u00e0 a un terzo del peso di una batteria al piombo acido, la batteria LiFePO4 \u00e8 la scelta ideale per applicazioni marine, camper, golf cart, motocicli e off-grid. Le nostre batterie al litio lifepo4 sono anche pi\u00f9 rispettose dell&#039;ambiente rispetto alle batterie SLA, in quanto non contengono metalli pesanti corrosivi o nocivi.<br \/>\nLe batterie Lifepo4 hanno un basso tasso di scarica e una lunga durata, con un&#039;aspettativa di vita media di circa 5-10 anni. Possono gestire una capacit\u00e0 fino a 85% per 6.000 cicli in condizioni consigliate - 8.000 volte (40% dod).<br \/>\nLa batteria al litio da 36 V 50 Ah \u00e8 costruita utilizzando celle della batteria LifePo4 di grado A da 3,2 V di alta qualit\u00e0, un BMS di alta qualit\u00e0, una custodia in metallo\/SS e uno schermo LCD (display) per un facile monitoraggio. \u00c8 progettato per fornire prestazioni affidabili e di lunga durata, rendendolo un prodotto pi\u00f9 venduto.<br \/>\nAggiorna il tuo accumulo di energia con la batteria agli ioni di litio da 36 V 50 Ah al litio e goditi i vantaggi di una fonte di alimentazione leggera, ecologica e di lunga durata.<\/p>","protected":false},"featured_media":269,"template":"","meta":{"_kad_post_transparent":"default","_kad_post_title":"","_kad_post_layout":"default","_kad_post_sidebar_id":"","_kad_post_content_style":"default","_kad_post_vertical_padding":"default","_kad_post_feature":"","_kad_post_feature_position":"","_kad_post_header":false,"_kad_post_footer":false},"product_cat":[25,30],"product_tag":[86,66,88,92,87,91,89,90,85],"class_list":["post-268","product","type-product","status-publish","has-post-thumbnail","hentry","product_cat-home-storage-battery","product_cat-solar-battery","product_tag-grade-a-36v-lithium-battery","product_tag-lifepo4-battery","product_tag-lifepo4-battery-for-electric-vehicle","product_tag-lifepo4-battery-packs","product_tag-lifepo4-lfp4-battery-50ah","product_tag-lifepo4-lithium-battery-for-solar","product_tag-lithium-battery-solar","product_tag-lithium-solar-batteries","product_tag-lithium-solar-battery","entry","content-bg","loop-entry"],"_links":{"self":[{"href":"https:\/\/bybatt.com\/it\/wp-json\/wp\/v2\/product\/268","targetHints":{"allow":["GET"]}}],"collection":[{"href":"https:\/\/bybatt.com\/it\/wp-json\/wp\/v2\/product"}],"about":[{"href":"https:\/\/bybatt.com\/it\/wp-json\/wp\/v2\/types\/product"}],"wp:featuredmedia":[{"embeddable":true,"href":"https:\/\/bybatt.com\/it\/wp-json\/wp\/v2\/media\/269"}],"wp:attachment":[{"href":"https:\/\/bybatt.com\/it\/wp-json\/wp\/v2\/media?parent=268"}],"wp:term":[{"taxonomy":"product_cat","embeddable":true,"href":"https:\/\/bybatt.com\/it\/wp-json\/wp\/v2\/product_cat?post=268"},{"taxonomy":"product_tag","embeddable":true,"href":"https:\/\/bybatt.com\/it\/wp-json\/wp\/v2\/product_tag?post=268"}],"curies":[{"name":"wp","href":"https:\/\/api.w.org\/{rel}","templated":true}]}}