{"id":271,"date":"2023-02-17T13:19:40","date_gmt":"2023-02-17T13:19:40","guid":{"rendered":"https:\/\/bybatt.com\/?post_type=product&#038;p=271"},"modified":"2023-02-17T13:39:53","modified_gmt":"2023-02-17T13:39:53","slug":"high-voltage-home-storage-system-stackable-lifepo4-battery","status":"publish","type":"product","link":"https:\/\/bybatt.com\/it\/prodotto\/high-voltage-home-storage-system-stackable-lifepo4-battery\/","title":{"rendered":"Sistema di archiviazione domestica ad alta tensione Batteria LiFePo4 impilabile"},"content":{"rendered":"","protected":false},"excerpt":{"rendered":"<p>Presentazione della batteria LiFePo4 impilabile per sistema di archiviazione domestica ad alta tensione: la soluzione perfetta per le esigenze di alimentazione domestica! Questa batteria di accumulo di energia per la casa mobile vanta un&#039;incredibile durata del ciclo di oltre 6000 volte, garantendo che duri per gli anni a venire.<br \/>\nProgettata pensando alla tua comodit\u00e0, questa batteria supporta la comunicazione e la personalizzazione dell&#039;inverter, quindi puoi personalizzarla per soddisfare le tue esigenze specifiche. Con una singola batteria che fornisce un potente 10KWH di energia, questa batteria \u00e8 perfetta per i sistemi di alimentazione domestica e la ricarica delle applicazioni domestiche.<br \/>\nCon il suo design sicuro e la garanzia di assenza di perdite, puoi essere certo che questa batteria \u00e8 una scelta affidabile e senza preoccupazioni. Inoltre, il suo design esente da manutenzione lo rende incredibilmente facile da usare e mantenere.<br \/>\nCostruita per l&#039;uso con i sistemi solari domestici, questa batteria vanta una maggiore densit\u00e0 di energia e una durata estrema, assicurando che duri pi\u00f9 a lungo e fornisca pi\u00f9 energia che mai. E con il suo design a rotella di spinta inferiore, non dovrai preoccuparti dell&#039;installazione: \u00e8 facile come spingerlo in posizione!<br \/>\nProgettata per la massima efficienza, questa batteria supporta l&#039;uso in parallelo e vanta oltre 6000 cicli di prestazioni affidabili. Il suo sistema di gestione della batteria assicura che funzioni sempre al meglio, e con 95% DOD e una maggiore capacit\u00e0 utilizzabile, avrai tutta la potenza di cui hai bisogno per far funzionare la tua casa senza intoppi.<\/p>","protected":false},"featured_media":272,"template":"","meta":{"_kad_post_transparent":"default","_kad_post_title":"","_kad_post_layout":"default","_kad_post_sidebar_id":"","_kad_post_content_style":"default","_kad_post_vertical_padding":"default","_kad_post_feature":"","_kad_post_feature_position":"","_kad_post_header":false,"_kad_post_footer":false},"product_cat":[25,28],"product_tag":[95,99,96,97,94,93,98],"class_list":["post-271","product","type-product","status-publish","has-post-thumbnail","hentry","product_cat-home-storage-battery","product_cat-base-station-battery","product_tag-50kw-51-2v-lithium-battery","product_tag-home-storage-battery","product_tag-life-power-station","product_tag-prismatic-primary-off-lithium-battery-for-cycle","product_tag-stackable-energy-storage-systems","product_tag-stackable-lifepo4-battery","product_tag-stackable-lithium-battery","entry","content-bg","loop-entry"],"_links":{"self":[{"href":"https:\/\/bybatt.com\/it\/wp-json\/wp\/v2\/product\/271","targetHints":{"allow":["GET"]}}],"collection":[{"href":"https:\/\/bybatt.com\/it\/wp-json\/wp\/v2\/product"}],"about":[{"href":"https:\/\/bybatt.com\/it\/wp-json\/wp\/v2\/types\/product"}],"wp:featuredmedia":[{"embeddable":true,"href":"https:\/\/bybatt.com\/it\/wp-json\/wp\/v2\/media\/272"}],"wp:attachment":[{"href":"https:\/\/bybatt.com\/it\/wp-json\/wp\/v2\/media?parent=271"}],"wp:term":[{"taxonomy":"product_cat","embeddable":true,"href":"https:\/\/bybatt.com\/it\/wp-json\/wp\/v2\/product_cat?post=271"},{"taxonomy":"product_tag","embeddable":true,"href":"https:\/\/bybatt.com\/it\/wp-json\/wp\/v2\/product_tag?post=271"}],"curies":[{"name":"wp","href":"https:\/\/api.w.org\/{rel}","templated":true}]}}