{"id":311,"date":"2023-02-18T08:35:21","date_gmt":"2023-02-18T08:35:21","guid":{"rendered":"https:\/\/bybatt.com\/?post_type=product&#038;p=311"},"modified":"2023-02-18T08:41:37","modified_gmt":"2023-02-18T08:41:37","slug":"grid-hybrid-inverter-wall-mounted-battery-home-solar-system","status":"publish","type":"product","link":"https:\/\/bybatt.com\/it\/prodotto\/grid-hybrid-inverter-wall-mounted-battery-home-solar-system\/","title":{"rendered":"Grid Hybrid Inverter a parete Sistema solare domestico a batteria"},"content":{"rendered":"","protected":false},"excerpt":{"rendered":"<p>Questo sistema solare domestico a batteria con inverter ibrido a rete \u00e8 progettato per uso residenziale ed \u00e8 costituito da un banco batterie, un inverter ibrido e pannelli solari. Il banco batterie ha una capacit\u00e0 di 48V ed \u00e8 disponibile in quattro diverse dimensioni: 50Ah, 100Ah, 150Ah e 200Ah, con un accumulo di energia corrispondente rispettivamente di 2,56KWH, 5,12KWH, 7,68KWH e 10,24KWH. Le celle della batteria utilizzate sono tutte nuove di zecca, garantendo prestazioni di alta qualit\u00e0.<br \/>\nLa potenza massima del sistema varia a seconda delle dimensioni della batteria, con la capacit\u00e0 massima di 200 Ah in grado di produrre una potenza massima di 10240 W. La batteria ha una lunga durata fino a 6000 cicli quando viene scaricata fino a 80% della sua capacit\u00e0 a una temperatura di 25\u00b0C.<br \/>\nLa batteria pu\u00f2 essere conservata fino a 5 mesi a una temperatura di 25\u00b0C, 3 mesi a 35\u00b0C e 1 mese a 45\u00b0C, offrendo agli utenti flessibilit\u00e0 e praticit\u00e0. Il sistema pu\u00f2 funzionare in un intervallo di temperatura da -20\u00b0C a 60\u00b0C, con un&#039;umidit\u00e0 relativa di 60+\/-25%.<br \/>\nLe dimensioni del banco batterie sono 360*140*570 mm, facilitando il montaggio a parete per un&#039;installazione salvaspazio. Questo sistema solare \u00e8 una soluzione ideale per le famiglie che cercano di ridurre le bollette elettriche e la dipendenza dalla rete, avendo anche un impatto positivo sull&#039;ambiente<\/p>","protected":false},"featured_media":312,"template":"","meta":{"_kad_post_transparent":"default","_kad_post_title":"","_kad_post_layout":"default","_kad_post_sidebar_id":"","_kad_post_content_style":"default","_kad_post_vertical_padding":"default","_kad_post_feature":"","_kad_post_feature_position":"","_kad_post_header":false,"_kad_post_footer":false},"product_cat":[25,27],"product_tag":[151,131,68,152,153,155,150,154,130],"class_list":["post-311","product","type-product","status-publish","has-post-thumbnail","hentry","product_cat-home-storage-battery","product_cat-home-battery-powerwall","product_tag-battery-storage","product_tag-energy-storage-system","product_tag-lifepo4-lithium-battery","product_tag-power-battery-wall","product_tag-power-storage","product_tag-power-wall-hybrid-grid","product_tag-powerwall-energy","product_tag-solar-battery-storage-system","product_tag-wall-mounted-battery","entry","content-bg","loop-entry"],"_links":{"self":[{"href":"https:\/\/bybatt.com\/it\/wp-json\/wp\/v2\/product\/311","targetHints":{"allow":["GET"]}}],"collection":[{"href":"https:\/\/bybatt.com\/it\/wp-json\/wp\/v2\/product"}],"about":[{"href":"https:\/\/bybatt.com\/it\/wp-json\/wp\/v2\/types\/product"}],"wp:featuredmedia":[{"embeddable":true,"href":"https:\/\/bybatt.com\/it\/wp-json\/wp\/v2\/media\/312"}],"wp:attachment":[{"href":"https:\/\/bybatt.com\/it\/wp-json\/wp\/v2\/media?parent=311"}],"wp:term":[{"taxonomy":"product_cat","embeddable":true,"href":"https:\/\/bybatt.com\/it\/wp-json\/wp\/v2\/product_cat?post=311"},{"taxonomy":"product_tag","embeddable":true,"href":"https:\/\/bybatt.com\/it\/wp-json\/wp\/v2\/product_tag?post=311"}],"curies":[{"name":"wp","href":"https:\/\/api.w.org\/{rel}","templated":true}]}}