{"id":354,"date":"2023-02-18T14:14:30","date_gmt":"2023-02-18T14:14:30","guid":{"rendered":"https:\/\/bybatt.com\/?post_type=product&#038;p=354"},"modified":"2023-02-18T14:30:29","modified_gmt":"2023-02-18T14:30:29","slug":"multi-function-lithium-portable-power-station-solar-generator","status":"publish","type":"product","link":"https:\/\/bybatt.com\/it\/prodotto\/multi-function-lithium-portable-power-station-solar-generator\/","title":{"rendered":"Generatore solare multifunzione per centrale elettrica portatile al litio"},"content":{"rendered":"","protected":false},"excerpt":{"rendered":"<p>Il generatore solare multifunzione per centrale elettrica portatile al litio \u00e8 una fonte di alimentazione versatile e ad alta capacit\u00e0 progettata per l&#039;uso in vari ambienti. \u00c8 dotato di una nuova batteria 100% con una capacit\u00e0 di 208800 mAh a 3,7 V, che fornisce un totale di 772 wattora (WH) di potenza.<br \/>\nLa stazione di alimentazione pu\u00f2 essere caricata in 7-8 ore utilizzando un input di 25,2 V\/5 A o tramite ricarica solare con un input massimo di 18-23 V\/100 W. La stazione di alimentazione \u00e8 inoltre dotata di varie porte di uscita, tra cui 3 porte USB con capacit\u00e0 di ricarica rapida QC3.0, 1 porta di tipo C con capacit\u00e0 di ricarica PD 60 W, 2 porte CC con uscita 14,4 V\/7 A e 1 porta accendisigari con 14,4 Uscita V\/7A.<br \/>\nOltre alle porte di uscita CC, la stazione di alimentazione dispone anche di un&#039;uscita continua CA di onda nera pura 1000 W con opzioni di uscita di tensione di 110 (100-120)\/230 (220-240) V. La centrale elettrica \u00e8 dotata di un display indicatore di alimentazione LCD e ha una dimensione compatta di 334 * 167 * 204 mm, che la rende facile da trasportare e riporre.<br \/>\nNel complesso, il generatore solare multifunzione per centrale elettrica portatile al litio \u00e8 una fonte di alimentazione affidabile ed efficiente che pu\u00f2 essere utilizzata per varie applicazioni, tra cui avventure all&#039;aria aperta, alimentazione di emergenza e altro ancora.<\/p>","protected":false},"featured_media":355,"template":"","meta":{"_kad_post_transparent":"default","_kad_post_title":"","_kad_post_layout":"default","_kad_post_sidebar_id":"","_kad_post_content_style":"default","_kad_post_vertical_padding":"default","_kad_post_feature":"","_kad_post_feature_position":"","_kad_post_header":false,"_kad_post_footer":false},"product_cat":[25,26],"product_tag":[186,185,184,182,188,183,176,187],"class_list":["post-354","product","type-product","status-publish","has-post-thumbnail","hentry","product_cat-home-storage-battery","product_cat-portable-power-station","product_tag-1000w-solar-power-generator","product_tag-2000wh-portable-acdc-power-station-outdoor","product_tag-generator-solar-charging-banks","product_tag-portable-power-station","product_tag-portable-power-station-manufacturer","product_tag-power-station-with-solar-panels","product_tag-protable-solar-power-generator","product_tag-solar-power-generator","entry","content-bg","loop-entry"],"_links":{"self":[{"href":"https:\/\/bybatt.com\/it\/wp-json\/wp\/v2\/product\/354","targetHints":{"allow":["GET"]}}],"collection":[{"href":"https:\/\/bybatt.com\/it\/wp-json\/wp\/v2\/product"}],"about":[{"href":"https:\/\/bybatt.com\/it\/wp-json\/wp\/v2\/types\/product"}],"wp:featuredmedia":[{"embeddable":true,"href":"https:\/\/bybatt.com\/it\/wp-json\/wp\/v2\/media\/355"}],"wp:attachment":[{"href":"https:\/\/bybatt.com\/it\/wp-json\/wp\/v2\/media?parent=354"}],"wp:term":[{"taxonomy":"product_cat","embeddable":true,"href":"https:\/\/bybatt.com\/it\/wp-json\/wp\/v2\/product_cat?post=354"},{"taxonomy":"product_tag","embeddable":true,"href":"https:\/\/bybatt.com\/it\/wp-json\/wp\/v2\/product_tag?post=354"}],"curies":[{"name":"wp","href":"https:\/\/api.w.org\/{rel}","templated":true}]}}