{"id":361,"date":"2023-02-18T14:32:26","date_gmt":"2023-02-18T14:32:26","guid":{"rendered":"https:\/\/bybatt.com\/?post_type=product&#038;p=361"},"modified":"2023-03-05T16:18:35","modified_gmt":"2023-03-05T16:18:35","slug":"portable-power-station-solar-generator-manufacturer-in-china","status":"publish","type":"product","link":"https:\/\/bybatt.com\/it\/prodotto\/portable-power-station-solar-generator-manufacturer-in-china\/","title":{"rendered":"Produttore di generatori solari per centrali elettriche portatili in Cina"},"content":{"rendered":"","protected":false},"excerpt":{"rendered":"<p>Questo generatore solare per centrale elettrica portatile \u00e8 una fonte di alimentazione affidabile ed efficiente progettata per attivit\u00e0 all&#039;aperto o situazioni di emergenza. \u00c8 prodotto in Cina ed \u00e8 realizzato utilizzando nuove celle 100% per prestazioni di lunga durata.<br \/>\nLa capacit\u00e0 della batteria \u00e8 di 83200 mAh con una tensione di 3,7 V e una capacit\u00e0 energetica totale di 300 Wh. L&#039;ingresso richiesto per la ricarica \u00e8 16,8 V\/5 A e sono necessarie 5-6 ore per una ricarica completa. Questa centrale elettrica ha anche una capacit\u00e0 di ricarica solare con un intervallo di ingresso di 18-23 V\/100 W max.<br \/>\n\u00c8 dotato di diverse uscite DC tra cui 2x USB (5V\/9V\/2A, \/12V\/1.5A con QC3.0), 1x Type-C (5V\/9V\/15V20V\/3A) PD 60W, 2x DC12V\/10A e 1x sigaretta pi\u00f9 leggero (14,4 V\/10 A). Inoltre, la centrale ha un&#039;uscita continua CA di onda nera pura 300 W con un&#039;uscita di tensione CA di 110 (100-120)\/230 (220-240) V frequenza di uscita CA 50 Hz\/60 Hz \u00b1 5%.<br \/>\nLa centrale elettrica \u00e8 dotata di un display LCD con indicatore di alimentazione per un facile monitoraggio e ha una dimensione compatta di 270 * 154 * 242 mm. La centrale elettrica viene fornita con un adattatore da 80 W per la ricarica. Nel complesso, questo generatore solare per centrale elettrica portatile \u00e8 una fonte di alimentazione versatile e di alta qualit\u00e0 adatta a varie situazioni all&#039;aperto e di emergenza.<\/p>","protected":false},"featured_media":362,"template":"","meta":{"_kad_post_transparent":"default","_kad_post_title":"","_kad_post_layout":"default","_kad_post_sidebar_id":"","_kad_post_content_style":"default","_kad_post_vertical_padding":"default","_kad_post_feature":"","_kad_post_feature_position":"","_kad_post_header":false,"_kad_post_footer":false},"product_cat":[25,26],"product_tag":[191,192,190,182,197,199,195,196,194,188,198,193,189],"class_list":["post-361","product","type-product","status-publish","has-post-thumbnail","hentry","product_cat-home-storage-battery","product_cat-portable-power-station","product_tag-300w-power-station","product_tag-500w-power-station","product_tag-lifepo4-power-station","product_tag-portable-power-station","product_tag-portable-power-station-brand","product_tag-portable-power-station-camping","product_tag-portable-power-station-europe","product_tag-portable-power-station-factory","product_tag-portable-power-station-germany","product_tag-portable-power-station-manufacturer","product_tag-portable-power-station-market","product_tag-portable-power-station-usa","product_tag-power-station","entry","content-bg","loop-entry"],"_links":{"self":[{"href":"https:\/\/bybatt.com\/it\/wp-json\/wp\/v2\/product\/361","targetHints":{"allow":["GET"]}}],"collection":[{"href":"https:\/\/bybatt.com\/it\/wp-json\/wp\/v2\/product"}],"about":[{"href":"https:\/\/bybatt.com\/it\/wp-json\/wp\/v2\/types\/product"}],"wp:featuredmedia":[{"embeddable":true,"href":"https:\/\/bybatt.com\/it\/wp-json\/wp\/v2\/media\/362"}],"wp:attachment":[{"href":"https:\/\/bybatt.com\/it\/wp-json\/wp\/v2\/media?parent=361"}],"wp:term":[{"taxonomy":"product_cat","embeddable":true,"href":"https:\/\/bybatt.com\/it\/wp-json\/wp\/v2\/product_cat?post=361"},{"taxonomy":"product_tag","embeddable":true,"href":"https:\/\/bybatt.com\/it\/wp-json\/wp\/v2\/product_tag?post=361"}],"curies":[{"name":"wp","href":"https:\/\/api.w.org\/{rel}","templated":true}]}}