{"id":369,"date":"2023-02-18T14:44:28","date_gmt":"2023-02-18T14:44:28","guid":{"rendered":"https:\/\/bybatt.com\/?post_type=product&#038;p=369"},"modified":"2023-02-18T14:56:30","modified_gmt":"2023-02-18T14:56:30","slug":"catl-prismatic-3-2v-300ah-lithium-lifepo4-battery-cells","status":"publish","type":"product","link":"https:\/\/bybatt.com\/it\/prodotto\/catl-prismatic-3-2v-300ah-lithium-lifepo4-battery-cells\/","title":{"rendered":"Celle batteria al litio LiFePO4 prismatiche CATL 3.2V 300AH"},"content":{"rendered":"","protected":false},"excerpt":{"rendered":"<p>Le celle batteria CATL Prismatic 3.2V 300AH Lithium LiFePO4 sono celle solari di alta qualit\u00e0 progettate per la costruzione di banchi di alimentazione per roulotte, camper, camper o conversioni di veicoli elettrici. Queste nuovissime celle non sono realizzate con materiali riciclati, garantendo la loro longevit\u00e0 e affidabilit\u00e0.<br \/>\nOgni cella misura 174 l x 208 a x 72 p (mm) e pesa 5,4 kg. Hanno quasi la met\u00e0 del peso delle batterie AGM o piombo-acido e offrono cicli di carica pi\u00f9 elevati, rendendole la scelta ideale per i sistemi di energia rinnovabile.<br \/>\nSi noti che questa \u00e8 una singola cella da 3,2 V e per creare una batteria da 12 V, sar\u00e0 necessario collegare quattro celle in serie o otto celle per un sistema a 24 V. Per garantire sicurezza e longevit\u00e0, \u00e8 essenziale utilizzare un BMS (Battery Management System) con un sensore di temperatura quando si collegano le celle in serie.<br \/>\nSe sei interessato all&#039;acquisto di un pacchetto di batterie compatibile, offriamo sistemi da 12 V, 24 V, 36 V e 48 V con BMS, separatamente o in bundle. Scegli il pacchetto che meglio si adatta alle tue esigenze per creare un power bank affidabile ed efficiente per il tuo sistema di energia rinnovabile.<\/p>","protected":false},"featured_media":370,"template":"","meta":{"_kad_post_transparent":"default","_kad_post_title":"","_kad_post_layout":"default","_kad_post_sidebar_id":"","_kad_post_content_style":"default","_kad_post_vertical_padding":"default","_kad_post_feature":"","_kad_post_feature_position":"","_kad_post_header":false,"_kad_post_footer":false},"product_cat":[24],"product_tag":[204,205,200,109,203,201,202],"class_list":["post-369","product","type-product","status-publish","has-post-thumbnail","hentry","product_cat-battery-cell","product_tag-catl-3-2v-300ah","product_tag-lifepo4-battery-cell","product_tag-lifepo4-battery-cells","product_tag-lifepo4-battery-pack","product_tag-lifepo4-cells","product_tag-lifepo4-prismatic-cells","product_tag-lithium-battery-cells","entry","content-bg","loop-entry"],"_links":{"self":[{"href":"https:\/\/bybatt.com\/it\/wp-json\/wp\/v2\/product\/369","targetHints":{"allow":["GET"]}}],"collection":[{"href":"https:\/\/bybatt.com\/it\/wp-json\/wp\/v2\/product"}],"about":[{"href":"https:\/\/bybatt.com\/it\/wp-json\/wp\/v2\/types\/product"}],"wp:featuredmedia":[{"embeddable":true,"href":"https:\/\/bybatt.com\/it\/wp-json\/wp\/v2\/media\/370"}],"wp:attachment":[{"href":"https:\/\/bybatt.com\/it\/wp-json\/wp\/v2\/media?parent=369"}],"wp:term":[{"taxonomy":"product_cat","embeddable":true,"href":"https:\/\/bybatt.com\/it\/wp-json\/wp\/v2\/product_cat?post=369"},{"taxonomy":"product_tag","embeddable":true,"href":"https:\/\/bybatt.com\/it\/wp-json\/wp\/v2\/product_tag?post=369"}],"curies":[{"name":"wp","href":"https:\/\/api.w.org\/{rel}","templated":true}]}}