{"id":393,"date":"2023-02-18T15:39:42","date_gmt":"2023-02-18T15:39:42","guid":{"rendered":"https:\/\/bybatt.com\/?post_type=product&#038;p=393"},"modified":"2023-02-19T08:22:15","modified_gmt":"2023-02-19T08:22:15","slug":"36v-48v-52v-electric-bike-lithium-battery-with-charger","status":"publish","type":"product","link":"https:\/\/bybatt.com\/it\/prodotto\/36v-48v-52v-electric-bike-lithium-battery-with-charger\/","title":{"rendered":"Batteria al litio per bici elettrica 36V 48V 52V con caricabatterie"},"content":{"rendered":"","protected":false},"excerpt":{"rendered":"<div class=\"A3dMNc\" data-initial-text=\"\">La batteria al litio per bici elettrica 36V 48V 52V con caricabatterie \u00e8 una batteria di alta qualit\u00e0 progettata per alimentare biciclette elettriche. La batteria utilizza le nuove celle Li(NiCoMn)O2 18650 100% ed \u00e8 disponibile con opzioni di tensione nominale di 36 V e 48 V con opzioni di capacit\u00e0 nominale di 10-20 Ah. L&#039;involucro esterno \u00e8 realizzato in alluminio, che lo rende robusto e durevole.<br \/>\nLa batteria ha una dimensione di 257150147 mm e pesa circa 3,5 kg\/4,5 kg. Viene fornito con un caricabatterie standard che carica la batteria utilizzando una corrente costante di 0,2 C e una tensione costante di 42 V. L&#039;opzione di ricarica rapida utilizza una corrente costante di 0,5 CA.<br \/>\nLa velocit\u00e0 di scarica standard della batteria \u00e8 una corrente costante di 0,2 C, con una tensione finale di 36,4 V. La batteria ha una corrente di scarica continua di 20 A e una corrente di scarica di picco di 60 A, che la rendono in grado di erogare potenza elevata quando richiesto.<br \/>\nLa batteria ha un ciclo di vita di 500 volte con DOD80%, il che significa che pu\u00f2 essere caricata e scaricata fino a 500 volte mantenendo 80% della sua capacit\u00e0 originale. La batteria dispone anche di una funzione BMS che include protezione da sovracorrente, protezione da scarica eccessiva, protezione da sovraccarico, protezione da cortocircuito e bilanciamento. Ci\u00f2 garantisce che la batteria sia protetta da eventuali danni e ne prolunghi la durata.<br \/>\nLa batteria pu\u00f2 essere conservata in un intervallo di temperatura di -10-40 \u2103, con un intervallo di umidit\u00e0 relativa di 45-75% e un intervallo di pressione di 86-106 KPa. Questo lo rende adatto per l&#039;uso in una variet\u00e0 di ambienti. Nel complesso, questa batteria \u00e8 un&#039;opzione affidabile e ad alte prestazioni per alimentare le biciclette elettriche.<\/div>","protected":false},"featured_media":394,"template":"","meta":{"_kad_post_transparent":"default","_kad_post_title":"","_kad_post_layout":"default","_kad_post_sidebar_id":"","_kad_post_content_style":"default","_kad_post_vertical_padding":"default","_kad_post_feature":"","_kad_post_feature_position":"","_kad_post_header":false,"_kad_post_footer":false},"product_cat":[19,22],"product_tag":[226,232,231,234,230,229,41,227,40,225,233,228],"class_list":["post-393","product","type-product","status-publish","has-post-thumbnail","hentry","product_cat-custom-ebike-battery","product_cat-rear-ebike-battery","product_tag-36v-10ah-lithium-battery","product_tag-36v-lithium-battery-for-electric-bikes","product_tag-48v-lithium-ion-battery-for-electric-bike","product_tag-e-bike-battery","product_tag-ebike-lithium-battery","product_tag-electric-bicycle-batteries","product_tag-electric-bicycle-battery","product_tag-electric-bike-14ah-24v-electric-bicycle-battery","product_tag-electric-bike-lithium-battery","product_tag-kangaroo-ebike-battery","product_tag-lithium-battery-for-motorcycle","product_tag-lithium-bicycle-battery","entry","content-bg","loop-entry"],"_links":{"self":[{"href":"https:\/\/bybatt.com\/it\/wp-json\/wp\/v2\/product\/393","targetHints":{"allow":["GET"]}}],"collection":[{"href":"https:\/\/bybatt.com\/it\/wp-json\/wp\/v2\/product"}],"about":[{"href":"https:\/\/bybatt.com\/it\/wp-json\/wp\/v2\/types\/product"}],"wp:featuredmedia":[{"embeddable":true,"href":"https:\/\/bybatt.com\/it\/wp-json\/wp\/v2\/media\/394"}],"wp:attachment":[{"href":"https:\/\/bybatt.com\/it\/wp-json\/wp\/v2\/media?parent=393"}],"wp:term":[{"taxonomy":"product_cat","embeddable":true,"href":"https:\/\/bybatt.com\/it\/wp-json\/wp\/v2\/product_cat?post=393"},{"taxonomy":"product_tag","embeddable":true,"href":"https:\/\/bybatt.com\/it\/wp-json\/wp\/v2\/product_tag?post=393"}],"curies":[{"name":"wp","href":"https:\/\/api.w.org\/{rel}","templated":true}]}}