{"id":415,"date":"2023-02-19T07:37:27","date_gmt":"2023-02-19T07:37:27","guid":{"rendered":"https:\/\/bybatt.com\/?post_type=product&#038;p=415"},"modified":"2023-02-19T08:21:03","modified_gmt":"2023-02-19T08:21:03","slug":"100-new-cell-li-ion-e-bike-battery-mounted-on-rear-rack","status":"publish","type":"product","link":"https:\/\/bybatt.com\/it\/prodotto\/100-new-cell-li-ion-e-bike-battery-mounted-on-rear-rack\/","title":{"rendered":"100% Batteria per bici elettrica agli ioni di litio New Cell montata sul portapacchi posteriore"},"content":{"rendered":"","protected":false},"excerpt":{"rendered":"<p>La batteria per bici elettrica agli ioni di litio New Cell 100% montata sul portapacchi posteriore \u00e8 una batteria affidabile e di alta qualit\u00e0 progettata per le biciclette elettriche. La batteria \u00e8 realizzata utilizzando nuove celle 100% con una chimica di Li(NiCoMn)O2 18650. \u00c8 disponibile in due diverse tensioni nominali, 36v e 48v, e ha una capacit\u00e0 nominale di 10-20ah.<br \/>\nL&#039;involucro esterno della batteria \u00e8 realizzato in alluminio resistente e le sue dimensioni sono 257*150*147 mm. La batteria pu\u00f2 essere caricata utilizzando un metodo di carica standard, che prevede una corrente costante di 0,2 C e una tensione costante di 42 V, con un&#039;interruzione di 100 mA. In alternativa, \u00e8 possibile utilizzare un metodo di ricarica rapida, che prevede una corrente costante di 0,5 CA, una tensione costante di 42 V e un&#039;interruzione di 100 mA.<br \/>\nDurante l&#039;uso, la batteria pu\u00f2 essere scaricata utilizzando una corrente costante di 0,2 C fino a quando la tensione finale raggiunge 36,4 V. La batteria pesa circa 3,5 kg\/4,5 kg e ha una corrente di scarica continua di 20 A, con una corrente di scarica di picco di 60 A. La batteria ha un ciclo di vita di 500 volte con DOD80%.<br \/>\nLa batteria \u00e8 dotata di un BMS (Battery Management System), che fornisce protezione contro gli eventi di sovracorrente, sovraccarico, sovraccarico e cortocircuito. Ha anche una funzione di bilanciamento per garantire che tutte le celle della batteria vengano caricate e scaricate in modo uniforme.<br \/>\nLa batteria ha un intervallo di temperatura di stoccaggio di -10-40 \u2103, un intervallo di umidit\u00e0 relativa di 45-75% e un intervallo di pressione di 86-106 KPa. Questa batteria \u00e8 un&#039;ottima scelta per chiunque desideri aggiornare o sostituire la propria attuale batteria per e-bike.<\/p>","protected":false},"featured_media":416,"template":"","meta":{"_kad_post_transparent":"default","_kad_post_title":"","_kad_post_layout":"default","_kad_post_sidebar_id":"","_kad_post_content_style":"default","_kad_post_vertical_padding":"default","_kad_post_feature":"","_kad_post_feature_position":"","_kad_post_header":false,"_kad_post_footer":false},"product_cat":[19,22],"product_tag":[248,247,252,253,249,245,250,254,251],"class_list":["post-415","product","type-product","status-publish","has-post-thumbnail","hentry","product_cat-custom-ebike-battery","product_cat-rear-ebike-battery","product_tag-24v-rear-rack-battery","product_tag-36v-rear-rack-battery","product_tag-48-volt-rear-rack-electric-bicycle-battery","product_tag-48v-10ah-ebike-battery-with-carrier","product_tag-48v-rear-rack-battery","product_tag-kangaroo-battery","product_tag-li-ion-e-bike-battery","product_tag-rack-ebike-rear-rack","product_tag-rechargeable-lithium-ion","entry","content-bg","loop-entry"],"_links":{"self":[{"href":"https:\/\/bybatt.com\/it\/wp-json\/wp\/v2\/product\/415","targetHints":{"allow":["GET"]}}],"collection":[{"href":"https:\/\/bybatt.com\/it\/wp-json\/wp\/v2\/product"}],"about":[{"href":"https:\/\/bybatt.com\/it\/wp-json\/wp\/v2\/types\/product"}],"wp:featuredmedia":[{"embeddable":true,"href":"https:\/\/bybatt.com\/it\/wp-json\/wp\/v2\/media\/416"}],"wp:attachment":[{"href":"https:\/\/bybatt.com\/it\/wp-json\/wp\/v2\/media?parent=415"}],"wp:term":[{"taxonomy":"product_cat","embeddable":true,"href":"https:\/\/bybatt.com\/it\/wp-json\/wp\/v2\/product_cat?post=415"},{"taxonomy":"product_tag","embeddable":true,"href":"https:\/\/bybatt.com\/it\/wp-json\/wp\/v2\/product_tag?post=415"}],"curies":[{"name":"wp","href":"https:\/\/api.w.org\/{rel}","templated":true}]}}