{"id":422,"date":"2023-02-19T08:03:36","date_gmt":"2023-02-19T08:03:36","guid":{"rendered":"https:\/\/bybatt.com\/?post_type=product&#038;p=422"},"modified":"2023-02-19T08:20:43","modified_gmt":"2023-02-19T08:20:43","slug":"electric-bike-tricycle-lithium-battery-pack-rear-rack-type","status":"publish","type":"product","link":"https:\/\/bybatt.com\/it\/prodotto\/electric-bike-tricycle-lithium-battery-pack-rear-rack-type\/","title":{"rendered":"Tipo di portapacchi posteriore per bici elettrica triciclo batteria al litio"},"content":{"rendered":"","protected":false},"excerpt":{"rendered":"<p>montato sul portapacchi posteriore di una bicicletta o di un triciclo. La batteria utilizza nuove celle 100% e ha una chimica di Li(NiCoMn)O2 18650. \u00c8 disponibile in due opzioni di voltaggio nominale: 36v e 48v, con una capacit\u00e0 nominale di 10-20ah. L&#039;involucro esterno della batteria \u00e8 realizzato in alluminio e le sue dimensioni sono 257*150*147 mm.<br \/>\nLa batteria pu\u00f2 essere caricata utilizzando una carica standard di corrente costante 0,2 C e tensione costante 42 V con interruzione di 100 mA o una carica rapida di corrente costante 0,5 CA, tensione costante 42 V con interruzione di 100 mA. La sua velocit\u00e0 di scarica standard \u00e8 di corrente costante 0,2 C, con una tensione finale di 36,4 V. La batteria pesa circa 3,5 kg\/4,5 kg e ha una corrente di scarica continua di 20 A e una corrente di scarica di picco di 60 A.<br \/>\nLa batteria ha una durata del ciclo di 500 volte con DOD80% e include funzionalit\u00e0 BMS (sistema di gestione della batteria) per fornire protezione da sovracorrente, protezione da scarica eccessiva, protezione da sovraccarico, protezione da cortocircuito e bilanciamento. La batteria pu\u00f2 essere conservata a una temperatura compresa tra -10 e 40 \u2103, con un&#039;umidit\u00e0 relativa di 45-75% e una pressione di 86-106 KPa.<br \/>\nNel complesso, questo pacco batteria \u00e8 progettato per ciclisti elettrici o tricicli che necessitano di una fonte di alimentazione affidabile, facile da montare e utilizzare. Fornisce un alto livello di prestazioni e sicurezza, rendendolo una scelta eccellente per gli appassionati di bici elettriche o tricicli.<\/p>","protected":false},"featured_media":424,"template":"","meta":{"_kad_post_transparent":"default","_kad_post_title":"","_kad_post_layout":"default","_kad_post_sidebar_id":"","_kad_post_content_style":"default","_kad_post_vertical_padding":"default","_kad_post_feature":"","_kad_post_feature_position":"","_kad_post_header":false,"_kad_post_footer":false},"product_cat":[19,22],"product_tag":[258,248,247,256,249,236,257,255],"class_list":["post-422","product","type-product","status-publish","has-post-thumbnail","hentry","product_cat-custom-ebike-battery","product_cat-rear-ebike-battery","product_tag-18650-lithium-ion-battery-pack","product_tag-24v-rear-rack-battery","product_tag-36v-rear-rack-battery","product_tag-48v-32ah-lithium-battery","product_tag-48v-rear-rack-battery","product_tag-rear-rack-ebike-battery","product_tag-recharge-storage-battery","product_tag-tricycle-lithium-battery-pack","entry","content-bg","loop-entry"],"_links":{"self":[{"href":"https:\/\/bybatt.com\/it\/wp-json\/wp\/v2\/product\/422","targetHints":{"allow":["GET"]}}],"collection":[{"href":"https:\/\/bybatt.com\/it\/wp-json\/wp\/v2\/product"}],"about":[{"href":"https:\/\/bybatt.com\/it\/wp-json\/wp\/v2\/types\/product"}],"wp:featuredmedia":[{"embeddable":true,"href":"https:\/\/bybatt.com\/it\/wp-json\/wp\/v2\/media\/424"}],"wp:attachment":[{"href":"https:\/\/bybatt.com\/it\/wp-json\/wp\/v2\/media?parent=422"}],"wp:term":[{"taxonomy":"product_cat","embeddable":true,"href":"https:\/\/bybatt.com\/it\/wp-json\/wp\/v2\/product_cat?post=422"},{"taxonomy":"product_tag","embeddable":true,"href":"https:\/\/bybatt.com\/it\/wp-json\/wp\/v2\/product_tag?post=422"}],"curies":[{"name":"wp","href":"https:\/\/api.w.org\/{rel}","templated":true}]}}