{"id":430,"date":"2023-02-19T08:26:22","date_gmt":"2023-02-19T08:26:22","guid":{"rendered":"https:\/\/bybatt.com\/?post_type=product&#038;p=430"},"modified":"2023-02-19T09:32:04","modified_gmt":"2023-02-19T09:32:04","slug":"customized-high-capacity-brand-new-e-bike-rack-battery","status":"publish","type":"product","link":"https:\/\/bybatt.com\/it\/prodotto\/customized-high-capacity-brand-new-e-bike-rack-battery\/","title":{"rendered":"Batteria per portabici E nuovissima ad alta capacit\u00e0 personalizzata"},"content":{"rendered":"","protected":false},"excerpt":{"rendered":"<p>Questo prodotto \u00e8 una nuovissima batteria per portabiciclette ad alta capacit\u00e0 che pu\u00f2 essere personalizzata per soddisfare esigenze specifiche. La batteria utilizza nuove celle 100% e ha una chimica di Li (NiCoMn) O2 18650. Ha una tensione nominale di 36 V o 48 V e una capacit\u00e0 nominale di 10-20 Ah. La custodia esterna \u00e8 realizzata in alluminio e ha dimensioni di 257*150*147 mm.<br \/>\nLa batteria pu\u00f2 essere caricata in due modi: carica standard e carica rapida. La carica standard utilizza una corrente costante di 0,2 C, una tensione costante di 42 V e un&#039;interruzione di 100 mA. La ricarica rapida utilizza una corrente costante di 0,5 CA, una tensione costante di 42 V e un&#039;interruzione di 100 mA.<br \/>\nQuando \u00e8 in uso, la batteria ha una corrente di scarica continua di 20A e una corrente di scarica di picco di 60A. La durata del ciclo \u00e8 di circa 500 volte con una classificazione DOD80%.<br \/>\nLa batteria ha un BMS (sistema di gestione della batteria) integrato che fornisce protezione da sovracorrente, scaricamento eccessivo, sovraccarico e cortocircuito. Il BMS garantisce anche l&#039;equilibrio tra le celle della batteria.<br \/>\nL&#039;intervallo di temperatura di conservazione della batteria \u00e8 compreso tra -10 e 40 \u2103, con un intervallo di umidit\u00e0 relativa di 45-75% e un intervallo di pressione di 86-106 KPa. Il peso della batteria \u00e8 di circa 3,5 kg o 4,5 kg, a seconda della capacit\u00e0.<\/p>","protected":false},"featured_media":431,"template":"","meta":{"_kad_post_transparent":"default","_kad_post_title":"","_kad_post_layout":"default","_kad_post_sidebar_id":"","_kad_post_content_style":"default","_kad_post_vertical_padding":"default","_kad_post_feature":"","_kad_post_feature_position":"","_kad_post_header":false,"_kad_post_footer":false},"product_cat":[19,22],"product_tag":[248,247,249,259,236],"class_list":["post-430","product","type-product","status-publish","has-post-thumbnail","hentry","product_cat-custom-ebike-battery","product_cat-rear-ebike-battery","product_tag-24v-rear-rack-battery","product_tag-36v-rear-rack-battery","product_tag-48v-rear-rack-battery","product_tag-e-bike-rack-battery","product_tag-rear-rack-ebike-battery","entry","content-bg","loop-entry"],"_links":{"self":[{"href":"https:\/\/bybatt.com\/it\/wp-json\/wp\/v2\/product\/430","targetHints":{"allow":["GET"]}}],"collection":[{"href":"https:\/\/bybatt.com\/it\/wp-json\/wp\/v2\/product"}],"about":[{"href":"https:\/\/bybatt.com\/it\/wp-json\/wp\/v2\/types\/product"}],"wp:featuredmedia":[{"embeddable":true,"href":"https:\/\/bybatt.com\/it\/wp-json\/wp\/v2\/media\/431"}],"wp:attachment":[{"href":"https:\/\/bybatt.com\/it\/wp-json\/wp\/v2\/media?parent=430"}],"wp:term":[{"taxonomy":"product_cat","embeddable":true,"href":"https:\/\/bybatt.com\/it\/wp-json\/wp\/v2\/product_cat?post=430"},{"taxonomy":"product_tag","embeddable":true,"href":"https:\/\/bybatt.com\/it\/wp-json\/wp\/v2\/product_tag?post=430"}],"curies":[{"name":"wp","href":"https:\/\/api.w.org\/{rel}","templated":true}]}}