{"id":452,"date":"2023-02-19T10:15:33","date_gmt":"2023-02-19T10:15:33","guid":{"rendered":"https:\/\/bybatt.com\/?post_type=product&#038;p=452"},"modified":"2023-02-19T10:26:45","modified_gmt":"2023-02-19T10:26:45","slug":"cheap-authorized-reention-dorado-mini-batteries-for-e-bike","status":"publish","type":"product","link":"https:\/\/bybatt.com\/it\/prodotto\/cheap-authorized-reention-dorado-mini-batteries-for-e-bike\/","title":{"rendered":"Mini batterie Reention Dorado autorizzate economiche per E-bike"},"content":{"rendered":"","protected":false},"excerpt":{"rendered":"<p>Questo prodotto \u00e8 una batteria ricaricabile per una e-bike, in particolare la Reention Dorado Mini. Le celle utilizzate nella batteria sono tutte nuove di zecca e la chimica \u00e8 LiNiCoMno2. La batteria \u00e8 disponibile in diverse tensioni nominali (36V o 48V) e capacit\u00e0 (che vanno da 10,4ah a 14ah). L&#039;involucro esterno della batteria \u00e8 realizzato in materiale EEL.<br \/>\nLa batteria pu\u00f2 essere caricata utilizzando una corrente costante di 0,2 C e una tensione costante di 54,6 V, con un&#039;interruzione di 100 mA. Pu\u00f2 anche essere caricato rapidamente utilizzando una corrente costante di 0,5 CA e la stessa tensione costante e interruzione. La corrente di scarica standard \u00e8 di 0,2 C, con una tensione finale di 30 V.<br \/>\nLa batteria ha un ciclo di vita di 500 volte con un DOD80% e un peso di circa 3,5 kg o 4,5 kg. Pu\u00f2 fornire una corrente di scarica continua di 10A, con una corrente di scarica di picco di 30A. La funzione BMS della batteria include la protezione da sovracorrente, scaricamento eccessivo, sovraccarico e cortocircuito, oltre al bilanciamento.<br \/>\nLa batteria pu\u00f2 essere conservata a una temperatura compresa tra -10 e 40 \u2103, con un&#039;umidit\u00e0 relativa di 45-75% e una pressione di 86-106 KPa. Questo prodotto offre un&#039;opzione economica e autorizzata per i proprietari di e-bike che necessitano di una batteria sostitutiva o aggiuntiva per il loro Reention Dorado Mini.<\/p>","protected":false},"featured_media":453,"template":"","meta":{"_kad_post_transparent":"default","_kad_post_title":"","_kad_post_layout":"default","_kad_post_sidebar_id":"","_kad_post_content_style":"default","_kad_post_vertical_padding":"default","_kad_post_feature":"","_kad_post_feature_position":"","_kad_post_header":false,"_kad_post_footer":false},"product_cat":[19,23],"product_tag":[275,274,41,268,273,272],"class_list":["post-452","product","type-product","status-publish","has-post-thumbnail","hentry","product_cat-custom-ebike-battery","product_cat-inner-ebike-battery","product_tag-36v-cheapest-ebike-battery","product_tag-dorado-mini-batteries","product_tag-electric-bicycle-battery","product_tag-reention-battery","product_tag-reention-dorado-battery","product_tag-reention-dorado-mini-batteries","entry","content-bg","loop-entry"],"_links":{"self":[{"href":"https:\/\/bybatt.com\/it\/wp-json\/wp\/v2\/product\/452","targetHints":{"allow":["GET"]}}],"collection":[{"href":"https:\/\/bybatt.com\/it\/wp-json\/wp\/v2\/product"}],"about":[{"href":"https:\/\/bybatt.com\/it\/wp-json\/wp\/v2\/types\/product"}],"wp:featuredmedia":[{"embeddable":true,"href":"https:\/\/bybatt.com\/it\/wp-json\/wp\/v2\/media\/453"}],"wp:attachment":[{"href":"https:\/\/bybatt.com\/it\/wp-json\/wp\/v2\/media?parent=452"}],"wp:term":[{"taxonomy":"product_cat","embeddable":true,"href":"https:\/\/bybatt.com\/it\/wp-json\/wp\/v2\/product_cat?post=452"},{"taxonomy":"product_tag","embeddable":true,"href":"https:\/\/bybatt.com\/it\/wp-json\/wp\/v2\/product_tag?post=452"}],"curies":[{"name":"wp","href":"https:\/\/api.w.org\/{rel}","templated":true}]}}