{"id":466,"date":"2023-02-19T13:40:46","date_gmt":"2023-02-19T13:40:46","guid":{"rendered":"https:\/\/bybatt.com\/?post_type=product&#038;p=466"},"modified":"2023-02-19T13:48:58","modified_gmt":"2023-02-19T13:48:58","slug":"36v-48v-reention-eel-inner-frame-battery-pack-for-e-bike","status":"publish","type":"product","link":"https:\/\/bybatt.com\/it\/prodotto\/36v-48v-reention-eel-inner-frame-battery-pack-for-e-bike\/","title":{"rendered":"36V 48V Reention EEL Pacco batteria per telaio interno per bici elettrica"},"content":{"rendered":"","protected":false},"excerpt":{"rendered":"<p>Il 36V 48V Reention EEL Inner Frame Battery Pack \u00e8 una batteria ricaricabile di alta qualit\u00e0 progettata per l&#039;uso nelle e-bike. \u00c8 costruito utilizzando nuove celle 100% con una chimica di LiNiCoMno2, che fornisce prestazioni affidabili e durata.<br \/>\nLa batteria \u00e8 disponibile in varie capacit\u00e0, tra cui 10.4ah, 11.6ah, 13ah, 13.6ah e 14ah, e ha una tensione nominale di 36V o 48V. \u00c8 alloggiato in una robusta custodia EEL e pesa circa 3,5 kg o 4,5 kg, a seconda della capacit\u00e0.<br \/>\nLa batteria pu\u00f2 essere caricata utilizzando una carica standard o una carica rapida, rispettivamente con una corrente costante di 0,2 C o 0,5 CA. La corrente di scarica standard \u00e8 0,2 C e la tensione finale \u00e8 30 V. La batteria ha un ciclo di vita di 500 volte con DOD80% e pu\u00f2 fornire una corrente di scarica continua di 10 A o una corrente di scarica di picco di 30 A, a seconda della personalizzazione.<br \/>\nLa batteria \u00e8 dotata di un BMS (sistema di gestione della batteria) integrato, che fornisce protezione da sovracorrente, scaricamento eccessivo, sovraccarico e cortocircuito. Ha anche una funzione di bilanciamento per garantire che tutte le celle siano caricate e scaricate allo stesso modo.<br \/>\nLa batteria pu\u00f2 essere conservata a una temperatura compresa tra -10 e 40 \u2103 con un&#039;umidit\u00e0 relativa di 45-75% e una pressione di 86-106 KPa. Nel complesso, il pacco batteria per telaio interno Reention EEL da 36 V 48 V \u00e8 una batteria affidabile e ad alte prestazioni, ideale per gli appassionati di e-bike che desiderano una fonte di alimentazione duratura e duratura per le loro corse.<\/p>","protected":false},"featured_media":467,"template":"","meta":{"_kad_post_transparent":"default","_kad_post_title":"","_kad_post_layout":"default","_kad_post_sidebar_id":"","_kad_post_content_style":"default","_kad_post_vertical_padding":"default","_kad_post_feature":"","_kad_post_feature_position":"","_kad_post_header":false,"_kad_post_footer":false},"product_cat":[19,23],"product_tag":[275,52,274,278,41,268,273,272,277,276],"class_list":["post-466","product","type-product","status-publish","has-post-thumbnail","hentry","product_cat-custom-ebike-battery","product_cat-inner-ebike-battery","product_tag-36v-cheapest-ebike-battery","product_tag-battery","product_tag-dorado-mini-batteries","product_tag-electric-bicycle-36volt","product_tag-electric-bicycle-battery","product_tag-reention-battery","product_tag-reention-dorado-battery","product_tag-reention-dorado-mini-batteries","product_tag-reention-eel-inner-battery-pack","product_tag-reention-eel-inner-frame-battery","entry","content-bg","loop-entry"],"_links":{"self":[{"href":"https:\/\/bybatt.com\/it\/wp-json\/wp\/v2\/product\/466","targetHints":{"allow":["GET"]}}],"collection":[{"href":"https:\/\/bybatt.com\/it\/wp-json\/wp\/v2\/product"}],"about":[{"href":"https:\/\/bybatt.com\/it\/wp-json\/wp\/v2\/types\/product"}],"wp:featuredmedia":[{"embeddable":true,"href":"https:\/\/bybatt.com\/it\/wp-json\/wp\/v2\/media\/467"}],"wp:attachment":[{"href":"https:\/\/bybatt.com\/it\/wp-json\/wp\/v2\/media?parent=466"}],"wp:term":[{"taxonomy":"product_cat","embeddable":true,"href":"https:\/\/bybatt.com\/it\/wp-json\/wp\/v2\/product_cat?post=466"},{"taxonomy":"product_tag","embeddable":true,"href":"https:\/\/bybatt.com\/it\/wp-json\/wp\/v2\/product_tag?post=466"}],"curies":[{"name":"wp","href":"https:\/\/api.w.org\/{rel}","templated":true}]}}