{"id":473,"date":"2023-02-19T13:50:46","date_gmt":"2023-02-19T13:50:46","guid":{"rendered":"https:\/\/bybatt.com\/?post_type=product&#038;p=473"},"modified":"2023-02-19T13:55:44","modified_gmt":"2023-02-19T13:55:44","slug":"li-ion-36v-14ah-reention-thunder-downtube-battery-for-e-bike","status":"publish","type":"product","link":"https:\/\/bybatt.com\/it\/prodotto\/li-ion-36v-14ah-reention-thunder-downtube-battery-for-e-bike\/","title":{"rendered":"Batteria Li-ion 36V 14Ah Reention Thunder Downtube per E-Bike"},"content":{"rendered":"","protected":false},"excerpt":{"rendered":"<p>La batteria Li-ion 36V 14Ah Reention Thunder Downtube \u00e8 una batteria di alta qualit\u00e0 progettata per le e-bike. La batteria \u00e8 composta da 100% nuove celle e ha una tensione nominale di 36V, 48V, 52V o 72V, con una capacit\u00e0 nominale di 20Ah. Le opzioni della cella della batteria includono 2500 mAh, 3000 mAh, 3200 mAh o 3500 mAh, con una configurazione di 8P14S.<br \/>\nIl sistema di gestione della batteria (BMS) ha una potenza nominale di 30 A e pu\u00f2 essere personalizzato in base alle esigenze dell&#039;utente. La corrente di carica standard \u00e8 3A, con una corrente di carica massima di 5A, entrambe personalizzabili. La tensione di interruzione della scarica della batteria \u00e8 di 39 V e la tensione di carica \u00e8 di 58,8 V.<br \/>\nLa batteria ha una durata del ciclo di 80% dopo 600-1000 cicli. Ci\u00f2 significa che la batteria \u00e8 in grado di fornire 80% della sua capacit\u00e0 originale dopo essere stata completamente caricata e scaricata per 600-1000 cicli. Nel complesso, la batteria Li-ion 36V 14Ah Reention Thunder Downtube \u00e8 una batteria affidabile e ad alte prestazioni adatta per l&#039;uso nelle e-bike.<\/p>","protected":false},"featured_media":474,"template":"","meta":{"_kad_post_transparent":"default","_kad_post_title":"","_kad_post_layout":"default","_kad_post_sidebar_id":"","_kad_post_content_style":"default","_kad_post_vertical_padding":"default","_kad_post_feature":"","_kad_post_feature_position":"","_kad_post_header":false,"_kad_post_footer":false},"product_cat":[19,23],"product_tag":[41,268,273,272,277,276,279],"class_list":["post-473","product","type-product","status-publish","has-post-thumbnail","hentry","product_cat-custom-ebike-battery","product_cat-inner-ebike-battery","product_tag-electric-bicycle-battery","product_tag-reention-battery","product_tag-reention-dorado-battery","product_tag-reention-dorado-mini-batteries","product_tag-reention-eel-inner-battery-pack","product_tag-reention-eel-inner-frame-battery","product_tag-reention-thunder-downtube-battery","entry","content-bg","loop-entry"],"_links":{"self":[{"href":"https:\/\/bybatt.com\/it\/wp-json\/wp\/v2\/product\/473","targetHints":{"allow":["GET"]}}],"collection":[{"href":"https:\/\/bybatt.com\/it\/wp-json\/wp\/v2\/product"}],"about":[{"href":"https:\/\/bybatt.com\/it\/wp-json\/wp\/v2\/types\/product"}],"wp:featuredmedia":[{"embeddable":true,"href":"https:\/\/bybatt.com\/it\/wp-json\/wp\/v2\/media\/474"}],"wp:attachment":[{"href":"https:\/\/bybatt.com\/it\/wp-json\/wp\/v2\/media?parent=473"}],"wp:term":[{"taxonomy":"product_cat","embeddable":true,"href":"https:\/\/bybatt.com\/it\/wp-json\/wp\/v2\/product_cat?post=473"},{"taxonomy":"product_tag","embeddable":true,"href":"https:\/\/bybatt.com\/it\/wp-json\/wp\/v2\/product_tag?post=473"}],"curies":[{"name":"wp","href":"https:\/\/api.w.org\/{rel}","templated":true}]}}