{"id":480,"date":"2023-02-19T13:56:47","date_gmt":"2023-02-19T13:56:47","guid":{"rendered":"https:\/\/bybatt.com\/?post_type=product&#038;p=480"},"modified":"2023-02-19T14:05:06","modified_gmt":"2023-02-19T14:05:06","slug":"48v-52v-rechargeable-lithium-ion-triangular-e-bike-battery","status":"publish","type":"product","link":"https:\/\/bybatt.com\/it\/prodotto\/48v-52v-rechargeable-lithium-ion-triangular-e-bike-battery\/","title":{"rendered":"48V 52V Batteria triangolare per bici ricaricabile agli ioni di litio"},"content":{"rendered":"","protected":false},"excerpt":{"rendered":"<p>La batteria per bici elettrica triangolare ricaricabile agli ioni di litio da 48 V 52 V \u00e8 una batteria durevole e ad alte prestazioni progettata per alimentare le bici elettriche. Questa batteria \u00e8 disponibile in diverse tensioni nominali, tra cui 36 V, 48 V, 52 V e 72 V, e ha una capacit\u00e0 nominale di 20 Ah. Le celle della batteria utilizzate sono da 2500 mAh, 3000 mAh, famosa 3200 mAh o 3500 mAh, a seconda della configurazione scelta.<br \/>\nLa configurazione della batteria \u00e8 8P14S e il sistema di gestione della batteria (BMS) ha una potenza nominale di 30 A o pu\u00f2 essere personalizzato per soddisfare requisiti specifici. La corrente di carica standard \u00e8 di 3 A, ma pu\u00f2 anche essere personalizzata per soddisfare requisiti di carica specifici. La corrente di carica massima \u00e8 di 5 A, che garantisce una ricarica rapida della batteria.<br \/>\nLa tensione di interruzione della scarica \u00e8 di 39 V e la tensione di carica \u00e8 di 58,8 V. Con una durata del ciclo fino a 600-1000 cicli, la batteria pu\u00f2 fornire fino a 80% della sua potenza, rendendola una fonte di energia affidabile e duratura per le bici elettriche. Questa batteria ricaricabile agli ioni di litio \u00e8 progettata per essere sicura, affidabile ed efficiente, fornendo agli utenti una fonte di alimentazione di alta qualit\u00e0 per le loro biciclette elettriche.<\/p>","protected":false},"featured_media":481,"template":"","meta":{"_kad_post_transparent":"default","_kad_post_title":"","_kad_post_layout":"default","_kad_post_sidebar_id":"","_kad_post_content_style":"default","_kad_post_vertical_padding":"default","_kad_post_feature":"","_kad_post_feature_position":"","_kad_post_header":false,"_kad_post_footer":false},"product_cat":[19,21],"product_tag":[289,287,293,281,291,288,285,290,292,286,282,283,280,284],"class_list":["post-480","product","type-product","status-publish","has-post-thumbnail","hentry","product_cat-custom-ebike-battery","product_cat-down-tube-ebike-battery","product_tag-52v-30ah-triangle-battery","product_tag-52v-triangle-battery","product_tag-72v-triangle-battery","product_tag-ebike-triangle-battery","product_tag-ebike-triangle-battery-hard-case","product_tag-em3ev-triangle-battery","product_tag-large-triangle-batteries","product_tag-triangle-battery-case","product_tag-triangle-ebike-battery-36v","product_tag-triangle-ebike-battery-48v","product_tag-triangle-electric-bike-battery","product_tag-triangle-lithium-battery","product_tag-triangular-e-bike-battery","product_tag-triangular-ebike-battery","entry","content-bg","loop-entry"],"_links":{"self":[{"href":"https:\/\/bybatt.com\/it\/wp-json\/wp\/v2\/product\/480","targetHints":{"allow":["GET"]}}],"collection":[{"href":"https:\/\/bybatt.com\/it\/wp-json\/wp\/v2\/product"}],"about":[{"href":"https:\/\/bybatt.com\/it\/wp-json\/wp\/v2\/types\/product"}],"wp:featuredmedia":[{"embeddable":true,"href":"https:\/\/bybatt.com\/it\/wp-json\/wp\/v2\/media\/481"}],"wp:attachment":[{"href":"https:\/\/bybatt.com\/it\/wp-json\/wp\/v2\/media?parent=480"}],"wp:term":[{"taxonomy":"product_cat","embeddable":true,"href":"https:\/\/bybatt.com\/it\/wp-json\/wp\/v2\/product_cat?post=480"},{"taxonomy":"product_tag","embeddable":true,"href":"https:\/\/bybatt.com\/it\/wp-json\/wp\/v2\/product_tag?post=480"}],"curies":[{"name":"wp","href":"https:\/\/api.w.org\/{rel}","templated":true}]}}