{"id":488,"date":"2023-02-19T14:10:59","date_gmt":"2023-02-19T14:10:59","guid":{"rendered":"https:\/\/bybatt.com\/?post_type=product&#038;p=488"},"modified":"2023-02-19T14:20:29","modified_gmt":"2023-02-19T14:20:29","slug":"36v-water-bottle-battery-pack-mini-bottle-ebike-battery","status":"publish","type":"product","link":"https:\/\/bybatt.com\/it\/prodotto\/36v-water-bottle-battery-pack-mini-bottle-ebike-battery\/","title":{"rendered":"Batteria per bottiglia d&#039;acqua da 36 V Batteria per mini bottiglia Ebike"},"content":{"rendered":"","protected":false},"excerpt":{"rendered":"<p>La batteria per bottiglia d&#039;acqua da 36 V Mini Bottle Ebike Battery \u00e8 una batteria di dimensioni mini progettata per biciclette elettriche (e-bike). Ha una tensione nominale di 24 V o 36 V ed \u00e8 disponibile in quattro diverse capacit\u00e0 nominali: 5,2 Ah, 5,8 Ah, 6,8 Ah e 10 Ah. La chimica della batteria \u00e8 Li(NiCoMn)O2 18650, che fornisce un buon equilibrio tra densit\u00e0 energetica e sicurezza.<br \/>\nIl pacco batteria \u00e8 contenuto in una custodia a bottiglia di seppia con dimensioni di 63*75*325 mm (21 celle 18650) o 86*86*347 mm (20 celle 21700). Pesa circa 3,5 kg.<br \/>\nIl pacco batteria pu\u00f2 essere caricato utilizzando metodi di ricarica standard o rapida. La ricarica standard viene eseguita con una corrente costante di 0,2 C, una tensione costante di 54,6 V e un&#039;interruzione di 100 mA. La ricarica rapida viene eseguita con una corrente costante di 0,5 CA, una tensione costante di 54,6 V e un&#039;interruzione di 100 mA.<br \/>\nIl pacco batteria pu\u00f2 essere scaricato a una corrente continua di 20 A o personalizzato per soddisfare requisiti specifici. Ha una corrente di scarica di picco di 60 A o personalizzata. Il pacco batteria ha una durata di 500 cicli con un DOD80% ed \u00e8 dotato di funzione BMS che fornisce protezione da sovracorrente, protezione da scarica eccessiva, protezione da sovraccarico, protezione da cortocircuito e bilanciamento.<br \/>\nL&#039;intervallo di temperatura di conservazione del pacco batteria \u00e8 compreso tra -10 e 40 \u2103, con un&#039;umidit\u00e0 relativa di 45-75% e una pressione di 86-106 KPa.<\/p>","protected":false},"featured_media":489,"template":"","meta":{"_kad_post_transparent":"default","_kad_post_title":"","_kad_post_layout":"default","_kad_post_sidebar_id":"","_kad_post_content_style":"default","_kad_post_vertical_padding":"default","_kad_post_feature":"","_kad_post_feature_position":"","_kad_post_header":false,"_kad_post_footer":false},"product_cat":[19,21],"product_tag":[298,294,296,297,299,295],"class_list":["post-488","product","type-product","status-publish","has-post-thumbnail","hentry","product_cat-custom-ebike-battery","product_cat-down-tube-ebike-battery","product_tag-bottle-battery","product_tag-mini-bottle-ebike-battery","product_tag-mini-bottle-lithium-battery","product_tag-mini-ebike-battery-pack","product_tag-protable-water-bottle-battery","product_tag-water-bottle-battery-pack","entry","content-bg","loop-entry"],"_links":{"self":[{"href":"https:\/\/bybatt.com\/it\/wp-json\/wp\/v2\/product\/488","targetHints":{"allow":["GET"]}}],"collection":[{"href":"https:\/\/bybatt.com\/it\/wp-json\/wp\/v2\/product"}],"about":[{"href":"https:\/\/bybatt.com\/it\/wp-json\/wp\/v2\/types\/product"}],"wp:featuredmedia":[{"embeddable":true,"href":"https:\/\/bybatt.com\/it\/wp-json\/wp\/v2\/media\/489"}],"wp:attachment":[{"href":"https:\/\/bybatt.com\/it\/wp-json\/wp\/v2\/media?parent=488"}],"wp:term":[{"taxonomy":"product_cat","embeddable":true,"href":"https:\/\/bybatt.com\/it\/wp-json\/wp\/v2\/product_cat?post=488"},{"taxonomy":"product_tag","embeddable":true,"href":"https:\/\/bybatt.com\/it\/wp-json\/wp\/v2\/product_tag?post=488"}],"curies":[{"name":"wp","href":"https:\/\/api.w.org\/{rel}","templated":true}]}}