{"id":493,"date":"2023-02-19T14:23:38","date_gmt":"2023-02-19T14:23:38","guid":{"rendered":"https:\/\/bybatt.com\/?post_type=product&#038;p=493"},"modified":"2023-02-19T14:31:49","modified_gmt":"2023-02-19T14:31:49","slug":"36v-7ah-252wh-downtube-mini-water-bottle-ebike-battery","status":"publish","type":"product","link":"https:\/\/bybatt.com\/it\/prodotto\/36v-7ah-252wh-downtube-mini-water-bottle-ebike-battery\/","title":{"rendered":"36V 7Ah 252Wh Mini bottiglia d&#039;acqua per eBike Batteria"},"content":{"rendered":"","protected":false},"excerpt":{"rendered":"<p>La batteria per eBike Mini Water Bottle da 36 V 7 Ah 252 Wh Downtube \u00e8 una batteria durevole e di alta qualit\u00e0 progettata specificamente per le biciclette elettriche. \u00c8 dotato delle nuove celle 100% Li(NiCoMn)O2 18650, che forniscono prestazioni e affidabilit\u00e0 eccellenti.<br \/>\nCon una tensione nominale di 24 V o 36 V e una capacit\u00e0 nominale di 5,2 Ah, 5,8 Ah, 6,8 Ah o 10 Ah, questa batteria offre una buona autonomia e potenza per vari modelli di e-bike. \u00c8 disponibile in due dimensioni con diversi tipi di celle: 63*75*325 mm con 21 celle 18650 o 86*86*347 mm con 20 celle 21700.<br \/>\nLa custodia esterna \u00e8 realizzata in custodia per bottiglia di seppia, robusta e resistente all&#039;usura. La batteria ha una carica standard di corrente costante 0,2 C, tensione costante 54,6 V e interruzione 100 mA e pu\u00f2 essere caricata rapidamente con una corrente costante di 0,5 CA, tensione costante 54,6 V e interruzione 100 mA.<br \/>\nLa batteria ha una scarica standard di corrente costante 0,2 C e una tensione finale di 36,4 V e pu\u00f2 gestire una corrente di scarica continua di 20 A o un valore personalizzato. La corrente di scarica di picco \u00e8 di 60 A o un valore personalizzato. La durata della batteria \u00e8 di circa 500 volte con un DOD80% e ha funzioni BMS, tra cui protezione da sovracorrente, protezione da scarica eccessiva, protezione da sovraccarico, protezione da cortocircuito e bilanciamento.<br \/>\nLa batteria pu\u00f2 essere conservata in un intervallo di temperatura di -10-40 \u2103, umidit\u00e0 relativa di 45-75% e pressione di 86-106 KPa. Nel complesso, la batteria per eBike Mini Water Bottle da 36 V 7 Ah 252 Wh Downtube \u00e8 un&#039;opzione affidabile e ad alte prestazioni per gli appassionati di e-bike.<\/p>","protected":false},"featured_media":494,"template":"","meta":{"_kad_post_transparent":"default","_kad_post_title":"","_kad_post_layout":"default","_kad_post_sidebar_id":"","_kad_post_content_style":"default","_kad_post_vertical_padding":"default","_kad_post_feature":"","_kad_post_feature_position":"","_kad_post_header":false,"_kad_post_footer":false},"product_cat":[19,21],"product_tag":[302,304,303,294,300,299,301],"class_list":["post-493","product","type-product","status-publish","has-post-thumbnail","hentry","product_cat-custom-ebike-battery","product_cat-down-tube-ebike-battery","product_tag-bottle-battery-ebike","product_tag-downtube-ebike-battery","product_tag-micro-bottle-ebike-battery","product_tag-mini-bottle-ebike-battery","product_tag-mini-water-bottle-ebike-battery","product_tag-protable-water-bottle-battery","product_tag-water-bottle-ebike-battery","entry","content-bg","loop-entry"],"_links":{"self":[{"href":"https:\/\/bybatt.com\/it\/wp-json\/wp\/v2\/product\/493","targetHints":{"allow":["GET"]}}],"collection":[{"href":"https:\/\/bybatt.com\/it\/wp-json\/wp\/v2\/product"}],"about":[{"href":"https:\/\/bybatt.com\/it\/wp-json\/wp\/v2\/types\/product"}],"wp:featuredmedia":[{"embeddable":true,"href":"https:\/\/bybatt.com\/it\/wp-json\/wp\/v2\/media\/494"}],"wp:attachment":[{"href":"https:\/\/bybatt.com\/it\/wp-json\/wp\/v2\/media?parent=493"}],"wp:term":[{"taxonomy":"product_cat","embeddable":true,"href":"https:\/\/bybatt.com\/it\/wp-json\/wp\/v2\/product_cat?post=493"},{"taxonomy":"product_tag","embeddable":true,"href":"https:\/\/bybatt.com\/it\/wp-json\/wp\/v2\/product_tag?post=493"}],"curies":[{"name":"wp","href":"https:\/\/api.w.org\/{rel}","templated":true}]}}