{"id":500,"date":"2023-02-19T14:42:35","date_gmt":"2023-02-19T14:42:35","guid":{"rendered":"https:\/\/bybatt.com\/?post_type=product&#038;p=500"},"modified":"2023-02-19T15:00:42","modified_gmt":"2023-02-19T15:00:42","slug":"rechargeable-lithium-ion-seatpost-electric-bicycle-battery","status":"publish","type":"product","link":"https:\/\/bybatt.com\/it\/prodotto\/rechargeable-lithium-ion-seatpost-electric-bicycle-battery\/","title":{"rendered":"Batteria ricaricabile per bicicletta elettrica reggisella agli ioni di litio"},"content":{"rendered":"","protected":false},"excerpt":{"rendered":"<p>La batteria ricaricabile per bicicletta elettrica per reggisella agli ioni di litio \u00e8 una fonte di energia di alta qualit\u00e0, affidabile e di lunga durata per biciclette elettriche. Presenta nuove celle 100% e una custodia esterna in plastica. La batteria \u00e8 disponibile in due diverse opzioni di voltaggio nominale, 36V o 48V, con una capacit\u00e0 nominale di 10-21Ah, a seconda dell&#039;opzione scelta.<br \/>\nLa batteria \u00e8 progettata per essere caricata utilizzando un metodo di ricarica standard, che prevede una corrente costante di 0,2 C e una tensione costante di 54,6 V, con un&#039;interruzione di 100 mA. Pu\u00f2 anche essere caricato rapidamente utilizzando un metodo di ricarica rapida, che prevede una corrente costante di 0,5 CA e una tensione costante di 54,6 V, con un&#039;interruzione di 100 mA.<br \/>\nLa batteria ha una velocit\u00e0 di scarica standard di 0,2 C, con una tensione finale di 36,4 V. Ha un peso di circa 3,5 kg\/4,5 kg, a seconda della capacit\u00e0 scelta. La batteria pu\u00f2 fornire una corrente di scarica continua di 20 A o pu\u00f2 essere personalizzata per soddisfare esigenze specifiche. Pu\u00f2 anche fornire una corrente di scarica di picco di 60 A o pu\u00f2 essere personalizzato per soddisfare esigenze specifiche.<br \/>\nLa batteria ha una durata del ciclo di 500 volte con DOD80% ed \u00e8 dotata di una funzione BMS che fornisce protezione da sovracorrente, protezione da scarica eccessiva, protezione da sovraccarico, protezione da cortocircuito e bilanciamento. Pu\u00f2 essere conservato in un intervallo di temperatura di -10-40 \u2103, umidit\u00e0 relativa di 45-75% e pressione di 86-106 KPa. Nel complesso, la batteria ricaricabile per bicicletta elettrica per reggisella agli ioni di litio \u00e8 una fonte di alimentazione durevole e di alta qualit\u00e0 per biciclette elettriche.<\/p>","protected":false},"featured_media":501,"template":"","meta":{"_kad_post_transparent":"default","_kad_post_title":"","_kad_post_layout":"default","_kad_post_sidebar_id":"","_kad_post_content_style":"default","_kad_post_vertical_padding":"default","_kad_post_feature":"","_kad_post_feature_position":"","_kad_post_header":false,"_kad_post_footer":false},"product_cat":[19,21],"product_tag":[307,306,262,43,308,309,305],"class_list":["post-500","product","type-product","status-publish","has-post-thumbnail","hentry","product_cat-custom-ebike-battery","product_cat-down-tube-ebike-battery","product_tag-36v-13ah-ebike-battery","product_tag-e-bike-phylion-battery","product_tag-e-bike-seat-post-battery","product_tag-ebike-battery","product_tag-rechargeable-electric-battery","product_tag-seat-post-battery","product_tag-seatpost-electric-bicycle-battery","entry","content-bg","loop-entry"],"_links":{"self":[{"href":"https:\/\/bybatt.com\/it\/wp-json\/wp\/v2\/product\/500","targetHints":{"allow":["GET"]}}],"collection":[{"href":"https:\/\/bybatt.com\/it\/wp-json\/wp\/v2\/product"}],"about":[{"href":"https:\/\/bybatt.com\/it\/wp-json\/wp\/v2\/types\/product"}],"wp:featuredmedia":[{"embeddable":true,"href":"https:\/\/bybatt.com\/it\/wp-json\/wp\/v2\/media\/501"}],"wp:attachment":[{"href":"https:\/\/bybatt.com\/it\/wp-json\/wp\/v2\/media?parent=500"}],"wp:term":[{"taxonomy":"product_cat","embeddable":true,"href":"https:\/\/bybatt.com\/it\/wp-json\/wp\/v2\/product_cat?post=500"},{"taxonomy":"product_tag","embeddable":true,"href":"https:\/\/bybatt.com\/it\/wp-json\/wp\/v2\/product_tag?post=500"}],"curies":[{"name":"wp","href":"https:\/\/api.w.org\/{rel}","templated":true}]}}