{"id":507,"date":"2023-02-19T15:01:23","date_gmt":"2023-02-19T15:01:23","guid":{"rendered":"https:\/\/bybatt.com\/?post_type=product&#038;p=507"},"modified":"2023-02-19T15:10:49","modified_gmt":"2023-02-19T15:10:49","slug":"24v-10ah-lithium-little-frog-style-battery-for-e-bike","status":"publish","type":"product","link":"https:\/\/bybatt.com\/it\/prodotto\/24v-10ah-lithium-little-frog-style-battery-for-e-bike\/","title":{"rendered":"Batteria al litio 24V 10Ah Little Frog Style per E-Bike"},"content":{"rendered":"","protected":false},"excerpt":{"rendered":"<p>La batteria 24V 10Ah Lithium Little Frog Style \u00e8 una batteria di alta qualit\u00e0 progettata per l&#039;uso nelle e-bike. La batteria utilizza nuove celle 100% e presenta una chimica LiNiCoMno2. \u00c8 disponibile in diverse opzioni di tensione e capacit\u00e0, inclusi 36 V e 48 V, con una capacit\u00e0 nominale che va da 10,4 a 14 ah. La custodia esterna \u00e8 realizzata in materiale della custodia EEL, che la rende durevole e resistente ai danni.<br \/>\nLa batteria pu\u00f2 essere caricata utilizzando un metodo di carica standard con una corrente costante di 0,2 C e una tensione costante di 54,6 V, con un&#039;interruzione di 100 mA. Pu\u00f2 anche essere caricato rapidamente utilizzando una corrente costante di 0,5 CA, una tensione costante di 54,6 V e un&#039;interruzione di 100 mA. Il metodo di scarica standard utilizza una corrente costante di 0,2 C e una tensione finale di 30 V.<br \/>\nLa batteria ha un ciclo di vita di 500 volte con DOD80%, il che significa che pu\u00f2 essere ricaricata e scaricata fino a 500 volte con profondit\u00e0 di scarica 80%. La corrente di scarica continua \u00e8 di 10 A o pu\u00f2 essere personalizzata e la corrente di scarica di picco \u00e8 di 30 A o pu\u00f2 essere personalizzata per soddisfare requisiti specifici. La batteria dispone anche di funzioni BMS, tra cui protezione da sovracorrente, protezione da scarica eccessiva, protezione da sovraccarico, protezione da cortocircuito e bilanciamento.<br \/>\nL&#039;intervallo di temperatura di conservazione della batteria \u00e8 compreso tra -10 e 40 \u2103, con un&#039;umidit\u00e0 relativa di 45-75% e una pressione di 86-106 KPa. La batteria ha un peso approssimativo di 3,5 kg\/4,5 kg, a seconda del modello specifico. Questa batteria \u00e8 una scelta affidabile ed efficiente per chiunque desideri alimentare la propria e-bike con una batteria agli ioni di litio di alta qualit\u00e0.<\/p>","protected":false},"featured_media":508,"template":"","meta":{"_kad_post_transparent":"default","_kad_post_title":"","_kad_post_layout":"default","_kad_post_sidebar_id":"","_kad_post_content_style":"default","_kad_post_vertical_padding":"default","_kad_post_feature":"","_kad_post_feature_position":"","_kad_post_header":false,"_kad_post_footer":false},"product_cat":[19,21],"product_tag":[262,43,313,311,267,310,312],"class_list":["post-507","product","type-product","status-publish","has-post-thumbnail","hentry","product_cat-custom-ebike-battery","product_cat-down-tube-ebike-battery","product_tag-e-bike-seat-post-battery","product_tag-ebike-battery","product_tag-ebike-frog-battery","product_tag-frog-battery","product_tag-frog-ebike-battery","product_tag-frog-style-battery","product_tag-little-frog-battery-pack","entry","content-bg","loop-entry"],"_links":{"self":[{"href":"https:\/\/bybatt.com\/it\/wp-json\/wp\/v2\/product\/507","targetHints":{"allow":["GET"]}}],"collection":[{"href":"https:\/\/bybatt.com\/it\/wp-json\/wp\/v2\/product"}],"about":[{"href":"https:\/\/bybatt.com\/it\/wp-json\/wp\/v2\/types\/product"}],"wp:featuredmedia":[{"embeddable":true,"href":"https:\/\/bybatt.com\/it\/wp-json\/wp\/v2\/media\/508"}],"wp:attachment":[{"href":"https:\/\/bybatt.com\/it\/wp-json\/wp\/v2\/media?parent=507"}],"wp:term":[{"taxonomy":"product_cat","embeddable":true,"href":"https:\/\/bybatt.com\/it\/wp-json\/wp\/v2\/product_cat?post=507"},{"taxonomy":"product_tag","embeddable":true,"href":"https:\/\/bybatt.com\/it\/wp-json\/wp\/v2\/product_tag?post=507"}],"curies":[{"name":"wp","href":"https:\/\/api.w.org\/{rel}","templated":true}]}}