{"id":514,"date":"2023-02-19T15:13:45","date_gmt":"2023-02-19T15:13:45","guid":{"rendered":"https:\/\/bybatt.com\/?post_type=product&#038;p=514"},"modified":"2023-02-19T15:22:48","modified_gmt":"2023-02-19T15:22:48","slug":"48v-downtube-reention-eel-inner-frame-electric-bike-battery","status":"publish","type":"product","link":"https:\/\/bybatt.com\/it\/prodotto\/48v-downtube-reention-eel-inner-frame-electric-bike-battery\/","title":{"rendered":"48V Downtube Reention EEL Batteria per bici elettrica con telaio interno"},"content":{"rendered":"","protected":false},"excerpt":{"rendered":"<p>La batteria per bici elettrica da 48 V Downtube Reention EEL con telaio interno \u00e8 una batteria ricaricabile di alta qualit\u00e0 progettata per biciclette elettriche. \u00c8 realizzato utilizzando nuove celle 100% e ha una chimica di LiNiCoMno2. La batteria viene fornita in una resistente custodia EEL ed \u00e8 disponibile in diverse capacit\u00e0 nominali tra cui 10.4ah, 11.6ah, 13ah, 13.6ah e 14ah.<br \/>\nPer caricare la batteria viene utilizzata una carica standard, che prevede una corrente costante di 0,2 C e una tensione costante di 54,6 V con un&#039;interruzione di 100 mA. La batteria pu\u00f2 anche essere caricata rapidamente utilizzando una corrente costante di 0,5 CA e una tensione costante di 54,6 V con un&#039;interruzione di 100 mA.<br \/>\nLa batteria ha una corrente di scarica continua di 10A o pu\u00f2 essere personalizzata per soddisfare esigenze specifiche. Ha anche una corrente di scarica di picco di 30 A o pu\u00f2 essere personalizzata per soddisfare esigenze specifiche. La batteria \u00e8 progettata per funzionare fino a 500 volte con un DOD80% e dispone di una funzione BMS che include protezione da sovracorrente, protezione da scarica eccessiva, protezione da sovraccarico, protezione da cortocircuito e bilanciamento.<br \/>\nLa batteria \u00e8 progettata per funzionare in un intervallo di temperatura di -10-40 \u2103, umidit\u00e0 relativa di 45-75% e pressione di 86-106 KPa. Pesa circa 3,5 kg\/4,5 kg ed \u00e8 un&#039;opzione eccellente per gli appassionati di bici elettriche che cercano una batteria affidabile ed efficiente per alimentare la loro corsa.<\/p>","protected":false},"featured_media":515,"template":"","meta":{"_kad_post_transparent":"default","_kad_post_title":"","_kad_post_layout":"default","_kad_post_sidebar_id":"","_kad_post_content_style":"default","_kad_post_vertical_padding":"default","_kad_post_feature":"","_kad_post_feature_position":"","_kad_post_header":false,"_kad_post_footer":false},"product_cat":[19,23],"product_tag":[317,52,318,315,316,314],"class_list":["post-514","product","type-product","status-publish","has-post-thumbnail","hentry","product_cat-custom-ebike-battery","product_cat-inner-ebike-battery","product_tag-48v-10-4ah-14ah-ebike-batteries","product_tag-battery","product_tag-electric-bike-battery","product_tag-electric-bike-frame-battery-inside","product_tag-frame-electric-bike-battery","product_tag-inner-frame-electric-bike-battery","entry","content-bg","loop-entry"],"_links":{"self":[{"href":"https:\/\/bybatt.com\/it\/wp-json\/wp\/v2\/product\/514","targetHints":{"allow":["GET"]}}],"collection":[{"href":"https:\/\/bybatt.com\/it\/wp-json\/wp\/v2\/product"}],"about":[{"href":"https:\/\/bybatt.com\/it\/wp-json\/wp\/v2\/types\/product"}],"wp:featuredmedia":[{"embeddable":true,"href":"https:\/\/bybatt.com\/it\/wp-json\/wp\/v2\/media\/515"}],"wp:attachment":[{"href":"https:\/\/bybatt.com\/it\/wp-json\/wp\/v2\/media?parent=514"}],"wp:term":[{"taxonomy":"product_cat","embeddable":true,"href":"https:\/\/bybatt.com\/it\/wp-json\/wp\/v2\/product_cat?post=514"},{"taxonomy":"product_tag","embeddable":true,"href":"https:\/\/bybatt.com\/it\/wp-json\/wp\/v2\/product_tag?post=514"}],"curies":[{"name":"wp","href":"https:\/\/api.w.org\/{rel}","templated":true}]}}