{"id":543,"date":"2023-02-20T01:56:32","date_gmt":"2023-02-20T01:56:32","guid":{"rendered":"https:\/\/bybatt.com\/?post_type=product&#038;p=543"},"modified":"2023-02-20T02:03:31","modified_gmt":"2023-02-20T02:03:31","slug":"36v-24-5ah-reention-kirin-electric-bicycle-battery-pack","status":"publish","type":"product","link":"https:\/\/bybatt.com\/it\/prodotto\/36v-24-5ah-reention-kirin-electric-bicycle-battery-pack\/","title":{"rendered":"Pacco batteria per bicicletta elettrica 36V 24.5Ah Reention Kirin"},"content":{"rendered":"","protected":false},"excerpt":{"rendered":"<p>Il pacco batteria per bicicletta elettrica Reention Kirin \u00e8 un pacco batteria di alta qualit\u00e0 progettato per biciclette elettriche. Ha una tensione di 36 V e una capacit\u00e0 di 24,5 Ah, fornendo un totale di 696-910 Wh di potenza a seconda della configurazione. Il pacco batteria \u00e8 composto da celle 13S5P o 14S5P, che hanno una capacit\u00e0 di 3000mAh-3500mAh ciascuna. Il sistema di gestione della batteria (BMS) \u00e8 valutato a 30 A e la batteria pu\u00f2 gestire una corrente di carica di 2-5 A.<br \/>\nIl pacco batteria \u00e8 progettato per funzionare con motori elettrici con una gamma di potenza di 48 V 250-1000 W o 48 V e 52 V 250-1000 W. Ha un intervallo di temperatura di carica di 0-45\u00b0C e un intervallo di temperatura di scarica di -20-65\u00b0C. Il pacco batteria ha una durata del ciclo di almeno 800 cicli, con un tasso di mantenimento della capacit\u00e0 di \u226580%.<br \/>\nIl pacco batteria pesa tra 4,5 e 5 kg e ha dimensioni di 526 mm x 79 mm x 104 mm. Tutte le celle utilizzate nel pacco batteria sono nuove di zecca, garantendo prestazioni di alta qualit\u00e0 e longevit\u00e0.<\/p>","protected":false},"featured_media":544,"template":"","meta":{"_kad_post_transparent":"default","_kad_post_title":"","_kad_post_layout":"default","_kad_post_sidebar_id":"","_kad_post_content_style":"default","_kad_post_vertical_padding":"default","_kad_post_feature":"","_kad_post_feature_position":"","_kad_post_header":false,"_kad_post_footer":false},"product_cat":[19,23],"product_tag":[330,51,328,326,331,327,329],"class_list":["post-543","product","type-product","status-publish","has-post-thumbnail","hentry","product_cat-custom-ebike-battery","product_cat-inner-ebike-battery","product_tag-21ah-36v","product_tag-battery-electric-bike","product_tag-bosch-ebike-battery-replacement","product_tag-electric-bicycle-battery-pack","product_tag-reention-kirin-battery","product_tag-reention-kirin-ebike-battery","product_tag-reention-kirin-electric-bicycle-battery-pack","entry","content-bg","loop-entry"],"_links":{"self":[{"href":"https:\/\/bybatt.com\/it\/wp-json\/wp\/v2\/product\/543","targetHints":{"allow":["GET"]}}],"collection":[{"href":"https:\/\/bybatt.com\/it\/wp-json\/wp\/v2\/product"}],"about":[{"href":"https:\/\/bybatt.com\/it\/wp-json\/wp\/v2\/types\/product"}],"wp:featuredmedia":[{"embeddable":true,"href":"https:\/\/bybatt.com\/it\/wp-json\/wp\/v2\/media\/544"}],"wp:attachment":[{"href":"https:\/\/bybatt.com\/it\/wp-json\/wp\/v2\/media?parent=543"}],"wp:term":[{"taxonomy":"product_cat","embeddable":true,"href":"https:\/\/bybatt.com\/it\/wp-json\/wp\/v2\/product_cat?post=543"},{"taxonomy":"product_tag","embeddable":true,"href":"https:\/\/bybatt.com\/it\/wp-json\/wp\/v2\/product_tag?post=543"}],"curies":[{"name":"wp","href":"https:\/\/api.w.org\/{rel}","templated":true}]}}