{"id":550,"date":"2023-02-20T02:15:50","date_gmt":"2023-02-20T02:15:50","guid":{"rendered":"https:\/\/bybatt.com\/?post_type=product&#038;p=550"},"modified":"2023-02-20T02:24:42","modified_gmt":"2023-02-20T02:24:42","slug":"tiger-shark-48v-lithium-ion-downtube-mounted-e-bike-battery","status":"publish","type":"product","link":"https:\/\/bybatt.com\/it\/prodotto\/tiger-shark-48v-lithium-ion-downtube-mounted-e-bike-battery\/","title":{"rendered":"Batteria per bici elettrica Tiger Shark 48V agli ioni di litio montata sul tubo obliquo"},"content":{"rendered":"","protected":false},"excerpt":{"rendered":"<p>La batteria per bici elettrica Tiger Shark 48V agli ioni di litio montata sul tubo obliquo \u00e8 una batteria di alta qualit\u00e0 progettata per le biciclette elettriche. La batteria utilizza nuove celle 100% ed \u00e8 disponibile in tre diverse opzioni di tensione: 36 V, 48 V e 52 V. La capacit\u00e0 nominale della batteria varia da 13ah a 20,4ah, fornendo ampia potenza per viaggi prolungati.<br \/>\nLe celle della batteria utilizzate nella batteria per bici elettrica montata su tubo obliquo agli ioni di litio Tiger Shark 48V sono 18650 3,7 V 2500 mAh. La corrente di carica standard \u00e8 2A, ma pu\u00f2 essere personalizzata e la corrente di scarica massima \u00e8 20A, anch&#039;essa personalizzabile. La durata del ciclo della batteria \u00e8 superiore a 1000 volte, il che la rende un&#039;opzione di lunga durata ed economica.<br \/>\nLa batteria per bici elettrica Tiger Shark 48V agli ioni di litio montata sul tubo obliquo \u00e8 disponibile in sei diverse dimensioni, ciascuna con una configurazione unica delle celle. La batteria \u00e8 montata sul tubo obliquo, il che consente di installarla facilmente sulla maggior parte delle e-bike. Il peso della batteria \u00e8 di circa 5 kg, il che la rende un&#039;opzione relativamente leggera.<br \/>\nLa batteria \u00e8 dotata di vari meccanismi di protezione, tra cui protezione da sovraccarico, protezione da scarica eccessiva, protezione da sovracorrente, protezione da cortocircuito e altro ancora. L&#039;intervallo della temperatura di carica \u00e8 di 045\u00b0C e l&#039;intervallo della temperatura di scarica \u00e8 di -2060\u00b0C. L&#039;intervallo di temperatura di conservazione \u00e8 di 20~35\u00b0C, garantendo che la batteria possa essere conservata in modo sicuro ed efficiente.<br \/>\nNel complesso, la batteria per bici elettrica montata su tubo obliquo agli ioni di litio Tiger Shark 48V \u00e8 un&#039;opzione di alta qualit\u00e0, di lunga durata e affidabile per chiunque desideri alimentare la propria bicicletta elettrica.<\/p>","protected":false},"featured_media":551,"template":"","meta":{"_kad_post_transparent":"default","_kad_post_title":"","_kad_post_layout":"default","_kad_post_sidebar_id":"","_kad_post_content_style":"default","_kad_post_vertical_padding":"default","_kad_post_feature":"","_kad_post_feature_position":"","_kad_post_header":false,"_kad_post_footer":false},"product_cat":[19,21],"product_tag":[335,336,304,332,43,333,334,337],"class_list":["post-550","product","type-product","status-publish","has-post-thumbnail","hentry","product_cat-custom-ebike-battery","product_cat-down-tube-ebike-battery","product_tag-bosch-ebike-battery","product_tag-downtube-battery","product_tag-downtube-ebike-battery","product_tag-downtube-mounted-e-bike-battery","product_tag-ebike-battery","product_tag-ebike-battery-parts","product_tag-tiger-shark-48v10ah","product_tag-tiger-shark-ebike-battery","entry","content-bg","loop-entry"],"_links":{"self":[{"href":"https:\/\/bybatt.com\/it\/wp-json\/wp\/v2\/product\/550","targetHints":{"allow":["GET"]}}],"collection":[{"href":"https:\/\/bybatt.com\/it\/wp-json\/wp\/v2\/product"}],"about":[{"href":"https:\/\/bybatt.com\/it\/wp-json\/wp\/v2\/types\/product"}],"wp:featuredmedia":[{"embeddable":true,"href":"https:\/\/bybatt.com\/it\/wp-json\/wp\/v2\/media\/551"}],"wp:attachment":[{"href":"https:\/\/bybatt.com\/it\/wp-json\/wp\/v2\/media?parent=550"}],"wp:term":[{"taxonomy":"product_cat","embeddable":true,"href":"https:\/\/bybatt.com\/it\/wp-json\/wp\/v2\/product_cat?post=550"},{"taxonomy":"product_tag","embeddable":true,"href":"https:\/\/bybatt.com\/it\/wp-json\/wp\/v2\/product_tag?post=550"}],"curies":[{"name":"wp","href":"https:\/\/api.w.org\/{rel}","templated":true}]}}