{"id":557,"date":"2023-02-20T02:27:51","date_gmt":"2023-02-20T02:27:51","guid":{"rendered":"https:\/\/bybatt.com\/?post_type=product&#038;p=557"},"modified":"2023-02-20T02:36:38","modified_gmt":"2023-02-20T02:36:38","slug":"52v-50amp-8-4ah-rechargeable-21700-lithium-e-bike-battery","status":"publish","type":"product","link":"https:\/\/bybatt.com\/it\/prodotto\/52v-50amp-8-4ah-rechargeable-21700-lithium-e-bike-battery\/","title":{"rendered":"52V 50AMP 8.4AH Batteria ricaricabile per bici elettrica al litio 21700"},"content":{"rendered":"","protected":false},"excerpt":{"rendered":"<p>La batteria ricaricabile per bici elettrica al litio 21700 da 52 V 50 AMP 8,4 Ah \u00e8 una batteria agli ioni di litio ad alte prestazioni progettata per l&#039;uso in biciclette elettriche. \u00c8 realizzato con nuove celle 100% ed \u00e8 disponibile in diverse configurazioni, con tensioni nominali di 36 V, 48 V e 52 V e capacit\u00e0 nominali che vanno da 13 Ah a 20,4 Ah. La batteria \u00e8 costruita utilizzando celle 18650 da 3,7 V 2500 mAh e presenta una corrente di carica standard di 2 A, sebbene possa essere personalizzata per soddisfare requisiti specifici.<br \/>\nLa batteria \u00e8 in grado di fornire una corrente di scarica massima di 51 A e ha una durata del ciclo di oltre 1000 volte. Pu\u00f2 essere caricato utilizzando il metodo di carica a corrente costante e tensione costante ed \u00e8 disponibile in tre diverse dimensioni: Polly DP-9 367 mm x 141 mm x 90 mm, Polly DP-5\/5C 368 mm x 96 mm x 90 mm e Polly DP-6\/ 6C 368 mm x 112 mm x 90 mm. La batteria pesa circa 5KG e pu\u00f2 essere caricata a temperature comprese tra 045\u00b0C, mentre la temperatura di scarica \u00e8 compresa tra -2060\u00b0C. La batteria \u00e8 inoltre dotata di protezione da sovraccarico, scaricamento eccessivo, sovracorrente, cortocircuiti e altri pericoli.<\/p>","protected":false},"featured_media":558,"template":"","meta":{"_kad_post_transparent":"default","_kad_post_title":"","_kad_post_layout":"default","_kad_post_sidebar_id":"","_kad_post_content_style":"default","_kad_post_vertical_padding":"default","_kad_post_feature":"","_kad_post_feature_position":"","_kad_post_header":false,"_kad_post_footer":false},"product_cat":[19,21],"product_tag":[341,338,342,343,340,339],"class_list":["post-557","product","type-product","status-publish","has-post-thumbnail","hentry","product_cat-custom-ebike-battery","product_cat-down-tube-ebike-battery","product_tag-21700-cell-rechargeable-ebike-battery","product_tag-21700-lithium-e-bike-battery","product_tag-52v-ebike-battery","product_tag-e-bike-battery-replacement","product_tag-electric-bike-battery-36v","product_tag-lithium-ion-e-bike-battery","entry","content-bg","loop-entry"],"_links":{"self":[{"href":"https:\/\/bybatt.com\/it\/wp-json\/wp\/v2\/product\/557","targetHints":{"allow":["GET"]}}],"collection":[{"href":"https:\/\/bybatt.com\/it\/wp-json\/wp\/v2\/product"}],"about":[{"href":"https:\/\/bybatt.com\/it\/wp-json\/wp\/v2\/types\/product"}],"wp:featuredmedia":[{"embeddable":true,"href":"https:\/\/bybatt.com\/it\/wp-json\/wp\/v2\/media\/558"}],"wp:attachment":[{"href":"https:\/\/bybatt.com\/it\/wp-json\/wp\/v2\/media?parent=557"}],"wp:term":[{"taxonomy":"product_cat","embeddable":true,"href":"https:\/\/bybatt.com\/it\/wp-json\/wp\/v2\/product_cat?post=557"},{"taxonomy":"product_tag","embeddable":true,"href":"https:\/\/bybatt.com\/it\/wp-json\/wp\/v2\/product_tag?post=557"}],"curies":[{"name":"wp","href":"https:\/\/api.w.org\/{rel}","templated":true}]}}