{"id":564,"date":"2023-02-20T03:00:52","date_gmt":"2023-02-20T03:00:52","guid":{"rendered":"https:\/\/bybatt.com\/?post_type=product&#038;p=564"},"modified":"2023-02-20T03:06:21","modified_gmt":"2023-02-20T03:06:21","slug":"48v-14ah-lithium-ion-e-bike-batteries-in-aluminum-case","status":"publish","type":"product","link":"https:\/\/bybatt.com\/it\/prodotto\/48v-14ah-lithium-ion-e-bike-batteries-in-aluminum-case\/","title":{"rendered":"Batterie per bici elettriche da 48 V 14 Ah agli ioni di litio in custodia in alluminio"},"content":{"rendered":"","protected":false},"excerpt":{"rendered":"<p>Questo prodotto \u00e8 una batteria per e-bike agli ioni di litio da 48V contenuta in una custodia in alluminio. Le celle della batteria utilizzate sono 100% nuove e hanno una chimica di Li(NiCoMn)O2 18650. Ha una tensione nominale di 36V o 48V e una capacit\u00e0 nominale di 15Ah, 17.5ah, 12.8ah o 14ah. La cella della batteria utilizzata \u00e8 una famosa cella 18650 con una capacit\u00e0 di 3200 mAh o 3400 mAh. La configurazione della batteria \u00e8 13S5P e il sistema di gestione della batteria (BMS) \u00e8 16A o pu\u00f2 essere personalizzato. La batteria ha una dimensione di 40 mm x 100 mm x 430 mm e contiene 52 celle 18650, con un peso di 4,5 kg. La tensione di interruzione della scarica \u00e8 di 30 V e la tensione di carica \u00e8 di 42,6 V. La batteria pu\u00f2 mantenere 80% della sua potenza dopo 800 cicli, con un intervallo di temperatura di lavoro di 20 ~ 60 gradi Celsius.<\/p>","protected":false},"featured_media":565,"template":"","meta":{"_kad_post_transparent":"default","_kad_post_title":"","_kad_post_layout":"default","_kad_post_sidebar_id":"","_kad_post_content_style":"default","_kad_post_vertical_padding":"default","_kad_post_feature":"","_kad_post_feature_position":"","_kad_post_header":false,"_kad_post_footer":false},"product_cat":[19,21],"product_tag":[345,346,344,318],"class_list":["post-564","product","type-product","status-publish","has-post-thumbnail","hentry","product_cat-custom-ebike-battery","product_cat-down-tube-ebike-battery","product_tag-48v-14ah-lithium-pack","product_tag-bike-battery","product_tag-e-bike-batteries-in-aluminum-case","product_tag-electric-bike-battery","entry","content-bg","loop-entry"],"_links":{"self":[{"href":"https:\/\/bybatt.com\/it\/wp-json\/wp\/v2\/product\/564","targetHints":{"allow":["GET"]}}],"collection":[{"href":"https:\/\/bybatt.com\/it\/wp-json\/wp\/v2\/product"}],"about":[{"href":"https:\/\/bybatt.com\/it\/wp-json\/wp\/v2\/types\/product"}],"wp:featuredmedia":[{"embeddable":true,"href":"https:\/\/bybatt.com\/it\/wp-json\/wp\/v2\/media\/565"}],"wp:attachment":[{"href":"https:\/\/bybatt.com\/it\/wp-json\/wp\/v2\/media?parent=564"}],"wp:term":[{"taxonomy":"product_cat","embeddable":true,"href":"https:\/\/bybatt.com\/it\/wp-json\/wp\/v2\/product_cat?post=564"},{"taxonomy":"product_tag","embeddable":true,"href":"https:\/\/bybatt.com\/it\/wp-json\/wp\/v2\/product_tag?post=564"}],"curies":[{"name":"wp","href":"https:\/\/api.w.org\/{rel}","templated":true}]}}