{"id":586,"date":"2023-02-20T04:07:10","date_gmt":"2023-02-20T04:07:10","guid":{"rendered":"https:\/\/bybatt.com\/?post_type=product&#038;p=586"},"modified":"2023-02-20T04:11:38","modified_gmt":"2023-02-20T04:11:38","slug":"52v-48v-hailong-ebike-battery-electric-bike-lithium-battery","status":"publish","type":"product","link":"https:\/\/bybatt.com\/it\/prodotto\/52v-48v-hailong-ebike-battery-electric-bike-lithium-battery\/","title":{"rendered":"Batteria al litio per bici elettrica Hailong Ebike 52V 48V"},"content":{"rendered":"","protected":false},"excerpt":{"rendered":"<p>La batteria Hailong Ebike da 52 V\/48 V \u00e8 una batteria al litio per bici elettrica progettata per fornire energia a una bici elettrica. La batteria \u00e8 composta da nuove celle 100% provenienti da produttori di celle di grado A in Giappone o Corea, garantendo che la batteria abbia una struttura di alta qualit\u00e0.<br \/>\nLa batteria \u00e8 disponibile in diversi valori nominali, con una tensione nominale di 36 V\/48 V\/52 V e una capacit\u00e0 nominale di 17,4 Ah\/12 Ah\/13 Ah\/14,5 Ah\/17,5 Ah\/13 Ah, offrendo diverse opzioni tra cui scegliere in base al proprio requisiti.<br \/>\nLe dimensioni della batteria sono 365 mm x 90 mm x 110 mm, il che la rende una dimensione adatta per la maggior parte delle bici elettriche. La batteria \u00e8 dotata di un BMS (Battery Management System) con un rating di 25A\/30A, che garantisce la sicurezza e la longevit\u00e0 della batteria.<br \/>\nLa batteria viene fornita con un caricabatterie, disponibile in tre diversi valori nominali: 42 V 2 A\/54,6 V 2 A\/58,8 V 2 A, e la batteria ha una tensione di interruzione della carica di 42 V\/54,6 V\/58,8 V e un&#039;interruzione della scarica tensione di 28V\/36.4V\/39.2V.<br \/>\nLa batteria ha una durata di 80% dopo 800 cicli, il che significa che pu\u00f2 essere caricata e scaricata fino a 800 volte prima di perdere 20% della sua capacit\u00e0 originale. Il tipo di batteria \u00e8 Li(NiCoMn)O2 18650, che \u00e8 una comune chimica delle batterie agli ioni di litio utilizzata nelle batterie delle biciclette elettriche.<br \/>\nNel complesso, la batteria Hailong Ebike da 52 V\/48 V \u00e8 una batteria al litio di alta qualit\u00e0 costruita per durare e fornire una fonte di alimentazione affidabile per la tua bici elettrica.<\/p>","protected":false},"featured_media":587,"template":"","meta":{"_kad_post_transparent":"default","_kad_post_title":"","_kad_post_layout":"default","_kad_post_sidebar_id":"","_kad_post_content_style":"default","_kad_post_vertical_padding":"default","_kad_post_feature":"","_kad_post_feature_position":"","_kad_post_header":false,"_kad_post_footer":false},"product_cat":[19,21],"product_tag":[354,353,326,351,357,355,356,352],"class_list":["post-586","product","type-product","status-publish","has-post-thumbnail","hentry","product_cat-custom-ebike-battery","product_cat-down-tube-ebike-battery","product_tag-battery-pack","product_tag-electric-bicycle-52v-20ah-battery","product_tag-electric-bicycle-battery-pack","product_tag-hailong-battery-52v-17-5ah","product_tag-hailong-ebike-battery","product_tag-hailong-s039-3-battery","product_tag-hailong-s039-3-electric-bicycle-battery","product_tag-lithium-ion-battery-pack","entry","content-bg","loop-entry"],"_links":{"self":[{"href":"https:\/\/bybatt.com\/it\/wp-json\/wp\/v2\/product\/586","targetHints":{"allow":["GET"]}}],"collection":[{"href":"https:\/\/bybatt.com\/it\/wp-json\/wp\/v2\/product"}],"about":[{"href":"https:\/\/bybatt.com\/it\/wp-json\/wp\/v2\/types\/product"}],"wp:featuredmedia":[{"embeddable":true,"href":"https:\/\/bybatt.com\/it\/wp-json\/wp\/v2\/media\/587"}],"wp:attachment":[{"href":"https:\/\/bybatt.com\/it\/wp-json\/wp\/v2\/media?parent=586"}],"wp:term":[{"taxonomy":"product_cat","embeddable":true,"href":"https:\/\/bybatt.com\/it\/wp-json\/wp\/v2\/product_cat?post=586"},{"taxonomy":"product_tag","embeddable":true,"href":"https:\/\/bybatt.com\/it\/wp-json\/wp\/v2\/product_tag?post=586"}],"curies":[{"name":"wp","href":"https:\/\/api.w.org\/{rel}","templated":true}]}}