{"id":593,"date":"2023-02-20T04:17:45","date_gmt":"2023-02-20T04:17:45","guid":{"rendered":"https:\/\/bybatt.com\/?post_type=product&#038;p=593"},"modified":"2023-03-05T16:17:11","modified_gmt":"2023-03-05T16:17:11","slug":"authorized-hailong-downtube-lithium-battery-pack-for-e-bike","status":"publish","type":"product","link":"https:\/\/bybatt.com\/it\/prodotto\/authorized-hailong-downtube-lithium-battery-pack-for-e-bike\/","title":{"rendered":"Batteria al litio Hailong Downtube autorizzata per E-Bike"},"content":{"rendered":"","protected":false},"excerpt":{"rendered":"<p>Il pacco batteria al litio autorizzato Hailong Downtube per E-Bike \u00e8 una batteria di alta qualit\u00e0 progettata per biciclette elettriche. Utilizza nuove celle 100% ed \u00e8 disponibile in una gamma di tensioni e capacit\u00e0 per adattarsi a diversi modelli e applicazioni di e-bike.<br \/>\nLe opzioni di tensione disponibili sono 72 V, 60 V, 36 V, 48 V e 52 V, mentre le opzioni di capacit\u00e0 disponibili sono 28,8 Ah, 24 Ah, 13 Ah, 15 Ah, 20 Ah e 18 Ah. La batteria \u00e8 composta da G2500 Cell\/Samsung 35E, G2500 Cell, G2500 Cell, G2500 Cell.<br \/>\nQuesto pacco batteria pu\u00f2 essere applicato a motori per e-bike con una gamma di potenza di 200-1000 W, 200-1500 W, 200-1800 W e 200-2200 W. Le opzioni BMS (Battery Management System) disponibili sono 30A, 40A e 50A, fornendo una gestione della batteria efficiente e affidabile.<br \/>\nNel complesso, questa batteria al litio Hailong Downtube \u00e8 una fonte di alimentazione affidabile e ad alte prestazioni per le e-bike, rendendola una scelta eccellente per gli appassionati di e-bike che richiedono il meglio dalle loro bici elettriche.<\/p>","protected":false},"featured_media":594,"template":"","meta":{"_kad_post_transparent":"default","_kad_post_title":"","_kad_post_layout":"default","_kad_post_sidebar_id":"","_kad_post_content_style":"default","_kad_post_vertical_padding":"default","_kad_post_feature":"","_kad_post_feature_position":"","_kad_post_header":false,"_kad_post_footer":false},"product_cat":[19,21],"product_tag":[354,353,326,351,358,357,355,356,352],"class_list":["post-593","product","type-product","status-publish","has-post-thumbnail","hentry","product_cat-custom-ebike-battery","product_cat-down-tube-ebike-battery","product_tag-battery-pack","product_tag-electric-bicycle-52v-20ah-battery","product_tag-electric-bicycle-battery-pack","product_tag-hailong-battery-52v-17-5ah","product_tag-hailong-downtube-lithium-battery","product_tag-hailong-ebike-battery","product_tag-hailong-s039-3-battery","product_tag-hailong-s039-3-electric-bicycle-battery","product_tag-lithium-ion-battery-pack","entry","content-bg","loop-entry"],"_links":{"self":[{"href":"https:\/\/bybatt.com\/it\/wp-json\/wp\/v2\/product\/593","targetHints":{"allow":["GET"]}}],"collection":[{"href":"https:\/\/bybatt.com\/it\/wp-json\/wp\/v2\/product"}],"about":[{"href":"https:\/\/bybatt.com\/it\/wp-json\/wp\/v2\/types\/product"}],"wp:featuredmedia":[{"embeddable":true,"href":"https:\/\/bybatt.com\/it\/wp-json\/wp\/v2\/media\/594"}],"wp:attachment":[{"href":"https:\/\/bybatt.com\/it\/wp-json\/wp\/v2\/media?parent=593"}],"wp:term":[{"taxonomy":"product_cat","embeddable":true,"href":"https:\/\/bybatt.com\/it\/wp-json\/wp\/v2\/product_cat?post=593"},{"taxonomy":"product_tag","embeddable":true,"href":"https:\/\/bybatt.com\/it\/wp-json\/wp\/v2\/product_tag?post=593"}],"curies":[{"name":"wp","href":"https:\/\/api.w.org\/{rel}","templated":true}]}}