{"id":601,"date":"2023-02-20T04:24:12","date_gmt":"2023-02-20T04:24:12","guid":{"rendered":"https:\/\/bybatt.com\/?post_type=product&#038;p=601"},"modified":"2023-02-20T04:36:07","modified_gmt":"2023-02-20T04:36:07","slug":"24v-10ah-rechargeable-18650-battery-cells-battery-pack","status":"publish","type":"product","link":"https:\/\/bybatt.com\/it\/prodotto\/24v-10ah-rechargeable-18650-battery-cells-battery-pack\/","title":{"rendered":"Pacco batterie ricaricabili 18650 24V 10Ah"},"content":{"rendered":"","protected":false},"excerpt":{"rendered":"<p>Il prodotto descritto \u00e8 un pacco batteria ricaricabile da 24V 10Ah composto da 18650 celle batteria. Il pacco batteria \u00e8 composto da 28 celle, disposte in una configurazione a 4 serie di 7 parallele, con ciascuna cella avente una capacit\u00e0 nominale di 2500 mAh e una tensione nominale di 3,7 V.<br \/>\nIl pacco batteria ha una resistenza alla sorgente inferiore a 40 m\u03a9, una tensione di interruzione della scarica di 41+\/-1 V e una tensione di interruzione della carica di 29,4 V. Ha una corrente di scarica nominale di 10 A, una corrente di scarica massima istantanea di 30 A e una corrente di scarica continua massima di 20 A. La corrente di carica continua massima \u00e8 di 5 A e la modalit\u00e0 di carica \u00e8 CC\/CV, con una corrente di carica standard di 2 A e un tempo di carica di 5 ore con corrente di carica standard. La ricarica rapida \u00e8 disponibile anche con una corrente di carica rapida di 5 A e un tempo di ricarica di 2 ore con corrente di carica rapida.<br \/>\nIl pacco batteria pu\u00f2 funzionare in un ampio intervallo di temperature da -20 a 60\u00b0C sia per la carica che per la scarica. Le dimensioni del pacco batteria sono 225 x 130 x 85 mm, con un peso netto di 2 kg e un peso lordo di 2,5 kg. Il produttore conferma che tutte le celle utilizzate nel pacco batteria sono 100% nuove.<\/p>","protected":false},"featured_media":602,"template":"","meta":{"_kad_post_transparent":"default","_kad_post_title":"","_kad_post_layout":"default","_kad_post_sidebar_id":"","_kad_post_content_style":"default","_kad_post_vertical_padding":"default","_kad_post_feature":"","_kad_post_feature_position":"","_kad_post_header":false,"_kad_post_footer":false},"product_cat":[19,21],"product_tag":[360,359,361,362,352,363],"class_list":["post-601","product","type-product","status-publish","has-post-thumbnail","hentry","product_cat-custom-ebike-battery","product_cat-down-tube-ebike-battery","product_tag-18650-battery-cells","product_tag-18650-battery-cells-battery-pack","product_tag-24v-10ah-silver-battery","product_tag-battery-rechargeable","product_tag-lithium-ion-battery-pack","product_tag-lithium-ion-e-bike-batteries-in-aluminum-cases","entry","content-bg","loop-entry"],"_links":{"self":[{"href":"https:\/\/bybatt.com\/it\/wp-json\/wp\/v2\/product\/601","targetHints":{"allow":["GET"]}}],"collection":[{"href":"https:\/\/bybatt.com\/it\/wp-json\/wp\/v2\/product"}],"about":[{"href":"https:\/\/bybatt.com\/it\/wp-json\/wp\/v2\/types\/product"}],"wp:featuredmedia":[{"embeddable":true,"href":"https:\/\/bybatt.com\/it\/wp-json\/wp\/v2\/media\/602"}],"wp:attachment":[{"href":"https:\/\/bybatt.com\/it\/wp-json\/wp\/v2\/media?parent=601"}],"wp:term":[{"taxonomy":"product_cat","embeddable":true,"href":"https:\/\/bybatt.com\/it\/wp-json\/wp\/v2\/product_cat?post=601"},{"taxonomy":"product_tag","embeddable":true,"href":"https:\/\/bybatt.com\/it\/wp-json\/wp\/v2\/product_tag?post=601"}],"curies":[{"name":"wp","href":"https:\/\/api.w.org\/{rel}","templated":true}]}}