{"id":608,"date":"2023-02-20T04:38:46","date_gmt":"2023-02-20T04:38:46","guid":{"rendered":"https:\/\/bybatt.com\/?post_type=product&#038;p=608"},"modified":"2023-03-05T16:17:06","modified_gmt":"2023-03-05T16:17:06","slug":"24v-8ah-silverfish-ebike-battery-electric-bike-battery","status":"publish","type":"product","link":"https:\/\/bybatt.com\/it\/prodotto\/24v-8ah-silverfish-ebike-battery-electric-bike-battery\/","title":{"rendered":"Batteria per bici elettrica 24V 8Ah Silverfish Ebike"},"content":{"rendered":"","protected":false},"excerpt":{"rendered":"<p>La batteria 24V 8Ah Silverfish Ebike \u00e8 una batteria per bici elettrica realizzata con nuove celle agli ioni di litio 100%. Ha una tensione nominale di 24V o 36V e una capacit\u00e0 nominale di 8Ah, 10Ah, 15Ah o 20Ah, a seconda della configurazione scelta. Le configurazioni disponibili sono 7S4P, 7S6P o 7S8P e le celle della batteria utilizzate sono celle di grado 18650 A.<br \/>\nLa batteria viene fornita con un BMS da 15 A adatto per l&#039;uso con un motore da 250 W e un caricabatterie con un&#039;uscita di 29,4 V 2 A. La tensione di interruzione della scarica \u00e8 impostata a 19,6 V e la batteria ha una dimensione di 425*77*85 mm e un peso di 2,5 kg, 3 kg o 3,8 kg, a seconda della configurazione scelta.<br \/>\nLa batteria ha un ciclo di vita di almeno 800 volte e pu\u00f2 funzionare a temperature comprese tra -10 e 45 gradi Celsius. \u00c8 adatto per l&#039;uso come batteria per E-bike, per l&#039;uso in risci\u00f2, tricicli e moto. La batteria \u00e8 dotata di protezione da sovraccarico, protezione da scarica eccessiva, protezione da sovracorrente, protezione da cortocircuito e protezione dalla resistenza.<br \/>\nLa tensione di carica \u00e8 bilanciata per la carica a cella singola e la corrente di carica continua massima e la corrente di scarica continua massima dipendono dalla configurazione scelta. Nel complesso, questa batteria \u00e8 un&#039;opzione di alta qualit\u00e0 per coloro che desiderano alimentare le proprie biciclette elettriche e altri veicoli.<\/p>","protected":false},"featured_media":609,"template":"","meta":{"_kad_post_transparent":"default","_kad_post_title":"","_kad_post_layout":"default","_kad_post_sidebar_id":"","_kad_post_content_style":"default","_kad_post_vertical_padding":"default","_kad_post_feature":"","_kad_post_feature_position":"","_kad_post_header":false,"_kad_post_footer":false},"product_cat":[19,21],"product_tag":[365,52,41,366,364],"class_list":["post-608","product","type-product","status-publish","has-post-thumbnail","hentry","product_cat-custom-ebike-battery","product_cat-down-tube-ebike-battery","product_tag-24v-8ah-lithium-ion-batteries","product_tag-battery","product_tag-electric-bicycle-battery","product_tag-lithium-battery","product_tag-silverfish-ebike-battery","entry","content-bg","loop-entry"],"_links":{"self":[{"href":"https:\/\/bybatt.com\/it\/wp-json\/wp\/v2\/product\/608","targetHints":{"allow":["GET"]}}],"collection":[{"href":"https:\/\/bybatt.com\/it\/wp-json\/wp\/v2\/product"}],"about":[{"href":"https:\/\/bybatt.com\/it\/wp-json\/wp\/v2\/types\/product"}],"wp:featuredmedia":[{"embeddable":true,"href":"https:\/\/bybatt.com\/it\/wp-json\/wp\/v2\/media\/609"}],"wp:attachment":[{"href":"https:\/\/bybatt.com\/it\/wp-json\/wp\/v2\/media?parent=608"}],"wp:term":[{"taxonomy":"product_cat","embeddable":true,"href":"https:\/\/bybatt.com\/it\/wp-json\/wp\/v2\/product_cat?post=608"},{"taxonomy":"product_tag","embeddable":true,"href":"https:\/\/bybatt.com\/it\/wp-json\/wp\/v2\/product_tag?post=608"}],"curies":[{"name":"wp","href":"https:\/\/api.w.org\/{rel}","templated":true}]}}