{"id":205,"date":"2023-02-15T13:30:02","date_gmt":"2023-02-15T13:30:02","guid":{"rendered":"https:\/\/bybatt.com\/?post_type=product&#038;p=205"},"modified":"2023-02-15T15:11:20","modified_gmt":"2023-02-15T15:11:20","slug":"rechargeable-36-volt-lithium-battery-for-electric-bike","status":"publish","type":"product","link":"https:\/\/bybatt.com\/pt\/produto\/rechargeable-36-volt-lithium-battery-for-electric-bike\/","title":{"rendered":"Bateria de l\u00edtio recarreg\u00e1vel de 36 volts para bicicleta el\u00e9trica"},"content":{"rendered":"","protected":false},"excerpt":{"rendered":"<p>Apresentamos nossa bateria recarreg\u00e1vel de \u00edons de l\u00edtio de 36 V, perfeita para uma variedade de aplica\u00e7\u00f5es. Com uma tens\u00e3o nominal de 36V e uma tens\u00e3o de carga de 42,5V, esta bateria fornece energia confi\u00e1vel e duradoura. Dispon\u00edvel em duas capacidades nominais, 10,5Ah e 17,5Ah, esta bateria \u00e9 adequada para uma variedade de necessidades.<br \/>\nA bateria tem uma corrente de carga padr\u00e3o de 4A e uma corrente de descarga cont\u00ednua de 20A, com uma corrente de pico de descarga de 25A. A tens\u00e3o de corte de descarga \u00e9 de 27,5 V, garantindo uma descarga segura e confi\u00e1vel.<br \/>\nNossa bateria usa uma solu\u00e7\u00e3o UART BMS inteligente, garantindo que todas as c\u00e9lulas usadas sejam 100% novas. Ele tamb\u00e9m possui uma tens\u00e3o de equil\u00edbrio de tens\u00e3o de carga para c\u00e9lulas individuais, bem como prote\u00e7\u00e3o contra sobrecarga, descarga excessiva, sobrecorrente e curto. A bateria foi projetada para ter um ciclo de vida de mais de 500 vezes e est\u00e1 dispon\u00edvel na cor preta.<br \/>\nEsta bateria \u00e9 leve, pesando aproximadamente 3kg, facilitando o transporte e o uso em diversas aplica\u00e7\u00f5es. O m\u00e9todo de carga \u00e9 por meio de uma fonte de alimenta\u00e7\u00e3o\/carregador CC, e a bateria tem uma faixa de temperatura de carga de 10\u00b0C a 45\u00b0C e uma faixa de temperatura de descarga de -20\u00b0C a 60\u00b0C.<br \/>\nEscolha nossa bateria de \u00edons de l\u00edtio recarreg\u00e1vel de 36 V para obter uma solu\u00e7\u00e3o de energia confi\u00e1vel e de alto desempenho que atenda a todas as suas necessidades.<\/p>","protected":false},"featured_media":208,"template":"","meta":{"_kad_post_transparent":"default","_kad_post_title":"","_kad_post_layout":"default","_kad_post_sidebar_id":"","_kad_post_content_style":"default","_kad_post_vertical_padding":"default","_kad_post_feature":"","_kad_post_feature_position":"","_kad_post_header":false,"_kad_post_footer":false},"product_cat":[20,19],"product_tag":[38,43,44,41,40,42,39],"class_list":["post-205","product","type-product","status-publish","has-post-thumbnail","hentry","product_cat-smart-ebike-battery","product_cat-custom-ebike-battery","product_tag-36-volt-lithium-battery","product_tag-ebike-battery","product_tag-ebike-conversion-kit","product_tag-electric-bicycle-battery","product_tag-electric-bike-lithium-battery","product_tag-lithium-ion-battery","product_tag-rechargeable-lithium-battery","entry","content-bg","loop-entry"],"_links":{"self":[{"href":"https:\/\/bybatt.com\/pt\/wp-json\/wp\/v2\/product\/205","targetHints":{"allow":["GET"]}}],"collection":[{"href":"https:\/\/bybatt.com\/pt\/wp-json\/wp\/v2\/product"}],"about":[{"href":"https:\/\/bybatt.com\/pt\/wp-json\/wp\/v2\/types\/product"}],"wp:featuredmedia":[{"embeddable":true,"href":"https:\/\/bybatt.com\/pt\/wp-json\/wp\/v2\/media\/208"}],"wp:attachment":[{"href":"https:\/\/bybatt.com\/pt\/wp-json\/wp\/v2\/media?parent=205"}],"wp:term":[{"taxonomy":"product_cat","embeddable":true,"href":"https:\/\/bybatt.com\/pt\/wp-json\/wp\/v2\/product_cat?post=205"},{"taxonomy":"product_tag","embeddable":true,"href":"https:\/\/bybatt.com\/pt\/wp-json\/wp\/v2\/product_tag?post=205"}],"curies":[{"name":"wp","href":"https:\/\/api.w.org\/{rel}","templated":true}]}}