{"id":223,"date":"2023-02-16T03:51:27","date_gmt":"2023-02-16T03:51:27","guid":{"rendered":"https:\/\/bybatt.com\/?post_type=product&#038;p=223"},"modified":"2023-02-16T04:04:58","modified_gmt":"2023-02-16T04:04:58","slug":"original-xiaomi-no-9-36v-electric-scooter-lithium-battery","status":"publish","type":"product","link":"https:\/\/bybatt.com\/pt\/produto\/original-xiaomi-no-9-36v-electric-scooter-lithium-battery\/","title":{"rendered":"Bateria de l\u00edtio para scooter el\u00e9trico original Xiaomi No.9 36V"},"content":{"rendered":"","protected":false},"excerpt":{"rendered":"<p>Apresentando a bateria de l\u00edtio para scooter el\u00e9trica Xiaomi No. 9, a companhia perfeita para sua scooter el\u00e9trica de fibra de carbono. Esta bateria est\u00e1 dispon\u00edvel em 24V, 36V e 48V com capacidade de 4-12Ah. O tamanho do produto \u00e9 personaliz\u00e1vel para atender \u00e0s suas necessidades.<br \/>\nA bateria de l\u00edtio para scooter el\u00e9trica Xiaomi No. \u00c9 montado com placas de prote\u00e7\u00e3o IC importadas, garantindo sua seguran\u00e7a. Antes de sair da f\u00e1brica, este produto passa por testes de envelhecimento para garantir que atenda aos mais altos padr\u00f5es de qualidade.<br \/>\nEsta bateria vem com garantia de 1 ano para baterias nacionais e garantia de 2 anos para baterias importadas. Al\u00e9m da bateria, este produto tamb\u00e9m inclui todos os acess\u00f3rios necess\u00e1rios, como documentos, para garantir que voc\u00ea tenha tudo o que precisa para come\u00e7ar.<br \/>\nEsteja voc\u00ea indo para o trabalho ou explorando a cidade, a bateria de l\u00edtio Xiaomi No. 9 Electric Scooter fornecer\u00e1 a pot\u00eancia e a confiabilidade de que voc\u00ea precisa para chegar aonde quer. Pe\u00e7a agora e experimente a conveni\u00eancia deste produto original fabricado na China!<\/p>","protected":false},"featured_media":224,"template":"","meta":{"_kad_post_transparent":"default","_kad_post_title":"","_kad_post_layout":"default","_kad_post_sidebar_id":"","_kad_post_content_style":"default","_kad_post_vertical_padding":"default","_kad_post_feature":"","_kad_post_feature_position":"","_kad_post_header":false,"_kad_post_footer":false},"product_cat":[33],"product_tag":[48,52,51,47,46,50,49],"class_list":["post-223","product","type-product","status-publish","has-post-thumbnail","hentry","product_cat-custom-battery-pack","product_tag-36v-scooter-lithium-battery","product_tag-battery","product_tag-battery-electric-bike","product_tag-electric-scooter-lithium-battery","product_tag-original-xiaomi-lithium-battery","product_tag-xiaomi-ebike-battery","product_tag-xiaomi-no-9-lithium-battery","entry","content-bg","loop-entry"],"_links":{"self":[{"href":"https:\/\/bybatt.com\/pt\/wp-json\/wp\/v2\/product\/223","targetHints":{"allow":["GET"]}}],"collection":[{"href":"https:\/\/bybatt.com\/pt\/wp-json\/wp\/v2\/product"}],"about":[{"href":"https:\/\/bybatt.com\/pt\/wp-json\/wp\/v2\/types\/product"}],"wp:featuredmedia":[{"embeddable":true,"href":"https:\/\/bybatt.com\/pt\/wp-json\/wp\/v2\/media\/224"}],"wp:attachment":[{"href":"https:\/\/bybatt.com\/pt\/wp-json\/wp\/v2\/media?parent=223"}],"wp:term":[{"taxonomy":"product_cat","embeddable":true,"href":"https:\/\/bybatt.com\/pt\/wp-json\/wp\/v2\/product_cat?post=223"},{"taxonomy":"product_tag","embeddable":true,"href":"https:\/\/bybatt.com\/pt\/wp-json\/wp\/v2\/product_tag?post=223"}],"curies":[{"name":"wp","href":"https:\/\/api.w.org\/{rel}","templated":true}]}}