{"id":230,"date":"2023-02-16T04:08:07","date_gmt":"2023-02-16T04:08:07","guid":{"rendered":"https:\/\/bybatt.com\/?post_type=product&#038;p=230"},"modified":"2023-02-16T04:25:03","modified_gmt":"2023-02-16T04:25:03","slug":"8-5-inch-universal-original-battery-pack-for-xiaomi-scooter","status":"publish","type":"product","link":"https:\/\/bybatt.com\/pt\/produto\/8-5-inch-universal-original-battery-pack-for-xiaomi-scooter\/","title":{"rendered":"Bateria original universal de 8,5 polegadas para scooter Xiaomi"},"content":{"rendered":"","protected":false},"excerpt":{"rendered":"<p>Apresentamos nossa bateria original universal de 8,5 polegadas para scooter Xiaomi M365! Com uma tens\u00e3o nominal de 36V e uma capacidade de 7,5-10,4A, esta bateria apresenta uma marca de bateria dom\u00e9stica LG de alta qualidade e foi projetada para velocidades naturais de 30-40 n\u00f3s 10s3P. Com uma corrente de sa\u00edda de 15-20A e uma pot\u00eancia de 250-350 watts, voc\u00ea pode esperar uma quilometragem de 25-50 quil\u00f4metros com uma \u00fanica carga.<br \/>\nEsta bateria vem com uma pot\u00eancia nominal do carregador de 71 watts e tens\u00e3o de entrada nominal do carregador de 100-240V~, 50\/60Hz. A tens\u00e3o limite de carregamento da bateria \u00e9 de 42V e o tempo de carregamento \u00e9 de cerca de 4 horas.<br \/>\nEquipado com um BMS inteligente, este pacote de bateria oferece prote\u00e7\u00e3o contra anormalidades de temperatura\/curto-circuito\/subtens\u00e3o\/sono autom\u00e1tico\/sobrecorrente\/sobrecarga dupla\/sobredescarga dupla, garantindo sua seguran\u00e7a ao usar sua scooter.<br \/>\nMedindo 28,7 * 4 * 7 cm de comprimento e pesando 1,8 kg, esta bateria \u00e9 embalada em uma \u00fanica caixa com tamanho de 65 * 10 * 10 cm e peso de 2 kg. \u00c9 compat\u00edvel apenas com o carro original Xiaomi (com comunica\u00e7\u00e3o) e comumente usado nos modelos originais Mi Pro, Pro2, 1S, M365 no mercado. Atualize sua scooter Xiaomi M365 com nossa bateria de alta qualidade hoje!<\/p>","protected":false},"featured_media":231,"template":"","meta":{"_kad_post_transparent":"default","_kad_post_title":"","_kad_post_layout":"default","_kad_post_sidebar_id":"","_kad_post_content_style":"default","_kad_post_vertical_padding":"default","_kad_post_feature":"","_kad_post_feature_position":"","_kad_post_header":false,"_kad_post_footer":false},"product_cat":[33],"product_tag":[55,54,53,56,59,57,58],"class_list":["post-230","product","type-product","status-publish","has-post-thumbnail","hentry","product_cat-custom-battery-pack","product_tag-8-5-inch-universal-battery-pack","product_tag-original-xiaomi-scooter-battery-pack","product_tag-universal-original-battery-pack","product_tag-xiaomi-m365-scooter-battery-pack","product_tag-xiaomi-mi-1s-scooter-battery-pack","product_tag-xiaomi-mi-pro-scooter-battery-pack","product_tag-xiaomi-mi-pro2-scooter-battery-pack","entry","content-bg","loop-entry"],"_links":{"self":[{"href":"https:\/\/bybatt.com\/pt\/wp-json\/wp\/v2\/product\/230","targetHints":{"allow":["GET"]}}],"collection":[{"href":"https:\/\/bybatt.com\/pt\/wp-json\/wp\/v2\/product"}],"about":[{"href":"https:\/\/bybatt.com\/pt\/wp-json\/wp\/v2\/types\/product"}],"wp:featuredmedia":[{"embeddable":true,"href":"https:\/\/bybatt.com\/pt\/wp-json\/wp\/v2\/media\/231"}],"wp:attachment":[{"href":"https:\/\/bybatt.com\/pt\/wp-json\/wp\/v2\/media?parent=230"}],"wp:term":[{"taxonomy":"product_cat","embeddable":true,"href":"https:\/\/bybatt.com\/pt\/wp-json\/wp\/v2\/product_cat?post=230"},{"taxonomy":"product_tag","embeddable":true,"href":"https:\/\/bybatt.com\/pt\/wp-json\/wp\/v2\/product_tag?post=230"}],"curies":[{"name":"wp","href":"https:\/\/api.w.org\/{rel}","templated":true}]}}