{"id":240,"date":"2023-02-16T04:43:33","date_gmt":"2023-02-16T04:43:33","guid":{"rendered":"https:\/\/bybatt.com\/?post_type=product&#038;p=240"},"modified":"2023-03-05T16:17:25","modified_gmt":"2023-03-05T16:17:25","slug":"byd-lifepo4-lead-acid-replacement-battery-for-solar-system","status":"publish","type":"product","link":"https:\/\/bybatt.com\/pt\/produto\/byd-lifepo4-lead-acid-replacement-battery-for-solar-system\/","title":{"rendered":"Bateria de substitui\u00e7\u00e3o de chumbo-\u00e1cido BYD LiFePO4 para sistema solar"},"content":{"rendered":"","protected":false},"excerpt":{"rendered":"<p>Apresentamos nossa bateria de substitui\u00e7\u00e3o de chumbo-\u00e1cido, perfeita para sistemas solares e substitui\u00e7\u00e3o de baterias de chumbo-\u00e1cido. Nossas baterias s\u00e3o feitas com novas c\u00e9lulas 100%, garantindo o m\u00e1ximo desempenho e confiabilidade. Com uma tens\u00e3o nominal de 12,8 V e uma variedade de capacidades para escolher, incluindo 60Ah, 100Ah, 150Ah, 200Ah e 250Ah, voc\u00ea pode encontrar o ajuste perfeito para suas necessidades espec\u00edficas.<br \/>\nNossas baterias de l\u00edtio de 12 V s\u00e3o ideais para sistemas solares, fornecendo uma fonte confi\u00e1vel de energia para suas necessidades energ\u00e9ticas. Com uma capacidade nominal de 200Ah\/2560Wh, voc\u00ea pode desfrutar de energia duradoura que n\u00e3o o decepcionar\u00e1.<br \/>\nNossas baterias s\u00e3o f\u00e1ceis de instalar e podem ser conectadas em paralelo ou s\u00e9rie para atingir uma tens\u00e3o de 25,6V. Al\u00e9m disso, com nosso avan\u00e7ado Sistema de gerenciamento de bateria (BMS) integrado em cada bateria, voc\u00ea pode ter certeza de que sua bateria sempre funcionar\u00e1 de maneira ideal e segura.<br \/>\nNossas baterias tamb\u00e9m s\u00e3o feitas com um material ABS+PC dur\u00e1vel, garantindo prote\u00e7\u00e3o duradoura contra os elementos e qualquer desgaste. Se voc\u00ea est\u00e1 procurando uma bateria confi\u00e1vel e eficiente para o seu sistema solar ou outras necessidades de energia, nossa bateria de l\u00edtio de 12V \u00e9 a escolha perfeita.<\/p>","protected":false},"featured_media":241,"template":"","meta":{"_kad_post_transparent":"default","_kad_post_title":"","_kad_post_layout":"default","_kad_post_sidebar_id":"","_kad_post_content_style":"default","_kad_post_vertical_padding":"default","_kad_post_feature":"","_kad_post_feature_position":"","_kad_post_header":false,"_kad_post_footer":false},"product_cat":[32],"product_tag":[64,61,60,62,63],"class_list":["post-240","product","type-product","status-publish","has-post-thumbnail","hentry","product_cat-lead-acid-replacement-battery","product_tag-byd-battery","product_tag-byd-lifepo4-battery","product_tag-lead-acid-replacement-battery","product_tag-lifepo4-solar-lithium-battery","product_tag-solar-lithium-battery","entry","content-bg","loop-entry"],"_links":{"self":[{"href":"https:\/\/bybatt.com\/pt\/wp-json\/wp\/v2\/product\/240","targetHints":{"allow":["GET"]}}],"collection":[{"href":"https:\/\/bybatt.com\/pt\/wp-json\/wp\/v2\/product"}],"about":[{"href":"https:\/\/bybatt.com\/pt\/wp-json\/wp\/v2\/types\/product"}],"wp:featuredmedia":[{"embeddable":true,"href":"https:\/\/bybatt.com\/pt\/wp-json\/wp\/v2\/media\/241"}],"wp:attachment":[{"href":"https:\/\/bybatt.com\/pt\/wp-json\/wp\/v2\/media?parent=240"}],"wp:term":[{"taxonomy":"product_cat","embeddable":true,"href":"https:\/\/bybatt.com\/pt\/wp-json\/wp\/v2\/product_cat?post=240"},{"taxonomy":"product_tag","embeddable":true,"href":"https:\/\/bybatt.com\/pt\/wp-json\/wp\/v2\/product_tag?post=240"}],"curies":[{"name":"wp","href":"https:\/\/api.w.org\/{rel}","templated":true}]}}