{"id":248,"date":"2023-02-16T08:09:47","date_gmt":"2023-02-16T08:09:47","guid":{"rendered":"https:\/\/bybatt.com\/?post_type=product&#038;p=248"},"modified":"2023-02-16T08:32:07","modified_gmt":"2023-02-16T08:32:07","slug":"12v-lifepo4-lithium-iron-phosphate-battery-with-bluetooth","status":"publish","type":"product","link":"https:\/\/bybatt.com\/pt\/produto\/12v-lifepo4-lithium-iron-phosphate-battery-with-bluetooth\/","title":{"rendered":"Bateria de fosfato de ferro de l\u00edtio LiFePO4 12V com Bluetooth"},"content":{"rendered":"","protected":false},"excerpt":{"rendered":"<p>Apresentamos nosso novo e aprimorado sistema de bateria que promete oferecer um desempenho inigual\u00e1vel! Nosso sistema de bateria \u00e9 constru\u00eddo usando novas c\u00e9lulas 100%, tornando-o uma op\u00e7\u00e3o confi\u00e1vel e duradoura para todas as suas necessidades de energia. Com uma tens\u00e3o nominal de 12V e uma capacidade nominal de 200Ah\/2560Wh, nosso sistema de bateria \u00e9 adequado para uma ampla gama de aplica\u00e7\u00f5es. Pode ser instalado em paralelo ou s\u00e9rie para 25,6V, proporcionando maior flexibilidade para suas necessidades.<br \/>\nNosso sistema de bateria tamb\u00e9m possui um sistema de gerenciamento de bateria (BMS) de \u00faltima gera\u00e7\u00e3o integrado para garantir um desempenho confi\u00e1vel. O BMS fornece prote\u00e7\u00e3o contra curto-circuito, sobrecarga e superaquecimento, enquanto mant\u00e9m uma tens\u00e3o balanceada em todas as c\u00e9lulas. Uma das principais caracter\u00edsticas do nosso sistema de bateria \u00e9 a op\u00e7\u00e3o de atualiza\u00e7\u00e3o f\u00e1cil. Voc\u00ea pode atualizar para o l\u00edtio perfeitamente com o tamanho do grupo BCI padr\u00e3o, mas com maior densidade de energia, capacidade de descarga mais profunda, maior efici\u00eancia de ida e volta e velocidade de carregamento mais r\u00e1pida. Nosso sistema de bateria tamb\u00e9m foi projetado para facilitar a manuten\u00e7\u00e3o. A fun\u00e7\u00e3o de balanceamento autom\u00e1tico permite conectar v\u00e1rias baterias em paralelo, melhorando a efici\u00eancia m\u00e9dia de carregamento de suas baterias a longo prazo. Voc\u00ea tamb\u00e9m pode monitorar o status da opera\u00e7\u00e3o da bateria em dispositivos m\u00f3veis em tempo real com o m\u00f3dulo Bluetooth integrado, oferecendo maior controle e informa\u00e7\u00f5es sobre o uso de energia.<\/p>","protected":false},"featured_media":249,"template":"","meta":{"_kad_post_transparent":"default","_kad_post_title":"","_kad_post_layout":"default","_kad_post_sidebar_id":"","_kad_post_content_style":"default","_kad_post_vertical_padding":"default","_kad_post_feature":"","_kad_post_feature_position":"","_kad_post_header":false,"_kad_post_footer":false},"product_cat":[32],"product_tag":[69,60,66,68,67,65,70],"class_list":["post-248","product","type-product","status-publish","has-post-thumbnail","hentry","product_cat-lead-acid-replacement-battery","product_tag-12v-200ah-100ah-lithium-ion-battery","product_tag-lead-acid-replacement-battery","product_tag-lifepo4-battery","product_tag-lifepo4-lithium-battery","product_tag-lithium-iron-battery","product_tag-lithium-iron-phosphate-battery","product_tag-solar-energy-storage-system-kit","entry","content-bg","loop-entry"],"_links":{"self":[{"href":"https:\/\/bybatt.com\/pt\/wp-json\/wp\/v2\/product\/248","targetHints":{"allow":["GET"]}}],"collection":[{"href":"https:\/\/bybatt.com\/pt\/wp-json\/wp\/v2\/product"}],"about":[{"href":"https:\/\/bybatt.com\/pt\/wp-json\/wp\/v2\/types\/product"}],"wp:featuredmedia":[{"embeddable":true,"href":"https:\/\/bybatt.com\/pt\/wp-json\/wp\/v2\/media\/249"}],"wp:attachment":[{"href":"https:\/\/bybatt.com\/pt\/wp-json\/wp\/v2\/media?parent=248"}],"wp:term":[{"taxonomy":"product_cat","embeddable":true,"href":"https:\/\/bybatt.com\/pt\/wp-json\/wp\/v2\/product_cat?post=248"},{"taxonomy":"product_tag","embeddable":true,"href":"https:\/\/bybatt.com\/pt\/wp-json\/wp\/v2\/product_tag?post=248"}],"curies":[{"name":"wp","href":"https:\/\/api.w.org\/{rel}","templated":true}]}}