{"id":261,"date":"2023-02-17T07:48:53","date_gmt":"2023-02-17T07:48:53","guid":{"rendered":"https:\/\/bybatt.com\/?post_type=product&#038;p=261"},"modified":"2023-02-17T08:00:46","modified_gmt":"2023-02-17T08:00:46","slug":"48v-lifepo4-deep-cycle-golf-cart-lithium-batteries-kits","status":"publish","type":"product","link":"https:\/\/bybatt.com\/pt\/produto\/48v-lifepo4-deep-cycle-golf-cart-lithium-batteries-kits\/","title":{"rendered":"Kits de baterias de l\u00edtio para carrinho de golfe de ciclo profundo 48V LiFePo4"},"content":{"rendered":"","protected":false},"excerpt":{"rendered":"<p>Apresentamos nossa bateria LiFEPO4 de 48V de alta qualidade, especialmente projetada para uso em carrinhos de golfe EZGO e CLUB CAR. Feita com novas c\u00e9lulas 100%, esta bateria de \u00edons de l\u00edtio oferece desempenho superior e durabilidade de longa dura\u00e7\u00e3o.<br \/>\nCom uma tens\u00e3o nominal de 51,2V e uma capacidade nominal de 80Ah ou 100Ah, esta bateria \u00e9 constru\u00edda para lidar com as demandas de seu carrinho de golfe com facilidade. Medindo 520 mm de comprimento, 310 mm de largura e 170 mm de altura, esta bateria \u00e9 compacta o suficiente para caber em seu carrinho de golfe sem ocupar muito espa\u00e7o.<br \/>\nNossa bateria foi projetada para durar at\u00e9 6.000 ciclos em 80% Depth of Discharge (DoD), tornando-a uma fonte de energia confi\u00e1vel e duradoura para o seu carrinho de golfe. Pesando aproximadamente 42 kg, esta bateria \u00e9 leve o suficiente para ser manuseada com facilidade, ao mesmo tempo em que fornece a pot\u00eancia e a capacidade necess\u00e1rias para um dia inteiro nos gramados.<br \/>\nCom uma caixa robusta de metal ou a\u00e7o inoxid\u00e1vel, voc\u00ea pode confiar que nossa bateria \u00e9 constru\u00edda para suportar as demandas de uso externo e fornecer desempenho confi\u00e1vel em uma variedade de condi\u00e7\u00f5es clim\u00e1ticas. As c\u00e9lulas usadas nesta bateria s\u00e3o todas c\u00e9lulas A+ LiFePO4 de alta qualidade, garantindo desempenho superior e durabilidade de longa dura\u00e7\u00e3o.<br \/>\nAtualize seu carrinho de golfe com nossa bateria LiFEPO4 de 48V de alta qualidade hoje e desfrute de energia confi\u00e1vel e desempenho duradouro no campo.<\/p>","protected":false},"featured_media":262,"template":"","meta":{"_kad_post_transparent":"default","_kad_post_title":"","_kad_post_layout":"default","_kad_post_sidebar_id":"","_kad_post_content_style":"default","_kad_post_vertical_padding":"default","_kad_post_feature":"","_kad_post_feature_position":"","_kad_post_header":false,"_kad_post_footer":false},"product_cat":[29,25],"product_tag":[84,81,83,52,77,79,78,80,82],"class_list":["post-261","product","type-product","status-publish","has-post-thumbnail","hentry","product_cat-lifepo4-battery-pack","product_cat-home-storage-battery","product_tag-48v-80ah-golf-cart-battery","product_tag-48v-lifepo4-batteries","product_tag-48v-lithium-golf-cart-battery","product_tag-battery","product_tag-golf-cart-lithium-batteries","product_tag-lithium-batteries-for-golf-carts","product_tag-lithium-golf-cart-batteries-kits","product_tag-lithium-ion-golf-cart-batteries","product_tag-powerful-48-volt-lifepo4-batteries","entry","content-bg","loop-entry"],"_links":{"self":[{"href":"https:\/\/bybatt.com\/pt\/wp-json\/wp\/v2\/product\/261","targetHints":{"allow":["GET"]}}],"collection":[{"href":"https:\/\/bybatt.com\/pt\/wp-json\/wp\/v2\/product"}],"about":[{"href":"https:\/\/bybatt.com\/pt\/wp-json\/wp\/v2\/types\/product"}],"wp:featuredmedia":[{"embeddable":true,"href":"https:\/\/bybatt.com\/pt\/wp-json\/wp\/v2\/media\/262"}],"wp:attachment":[{"href":"https:\/\/bybatt.com\/pt\/wp-json\/wp\/v2\/media?parent=261"}],"wp:term":[{"taxonomy":"product_cat","embeddable":true,"href":"https:\/\/bybatt.com\/pt\/wp-json\/wp\/v2\/product_cat?post=261"},{"taxonomy":"product_tag","embeddable":true,"href":"https:\/\/bybatt.com\/pt\/wp-json\/wp\/v2\/product_tag?post=261"}],"curies":[{"name":"wp","href":"https:\/\/api.w.org\/{rel}","templated":true}]}}