{"id":268,"date":"2023-02-17T08:08:39","date_gmt":"2023-02-17T08:08:39","guid":{"rendered":"https:\/\/bybatt.com\/?post_type=product&#038;p=268"},"modified":"2023-02-17T08:15:14","modified_gmt":"2023-02-17T08:15:14","slug":"12v-24v-36v-rechargeable-lifepo4-lithium-solar-battery-pack","status":"publish","type":"product","link":"https:\/\/bybatt.com\/pt\/produto\/12v-24v-36v-rechargeable-lifepo4-lithium-solar-battery-pack\/","title":{"rendered":"Pacote de bateria solar de l\u00edtio LiFePO4 recarreg\u00e1vel 12V 24V 36V"},"content":{"rendered":"","protected":false},"excerpt":{"rendered":"<p>Apresentando o pacote de bateria solar de l\u00edtio LiFePO4 recarreg\u00e1vel de 12V 24V 36V, a solu\u00e7\u00e3o perfeita para suas necessidades de armazenamento de energia. Constru\u00edda usando a qu\u00edmica patenteada de Fosfato de Ferro de L\u00edtio (LiFePO\u2084), esta bateria \u00e9 altamente vers\u00e1til e pode ser usada para uma ampla gama de aplica\u00e7\u00f5es.<br \/>\nO LFP-3650 possui um sistema de gerenciamento de bateria (BMS) integrado que garante desempenho ideal, evitando superaquecimento, sobrecarga e maximizando a vida \u00fatil do ciclo celular. Com o BMS (chip eletr\u00f4nico) interno, a bateria \u00e9 monitorada em tempo real e avisa o usu\u00e1rio caso seja detectada alguma anormalidade de tens\u00e3o ou capacidade.<br \/>\nCom apenas metade a um ter\u00e7o do peso de uma bateria de chumbo-\u00e1cido, a bateria LiFePO4 \u00e9 a escolha ideal para aplica\u00e7\u00f5es mar\u00edtimas, RV, carrinhos de golfe, motocicletas e fora da rede. Nossas baterias de l\u00edtio lifepo4 tamb\u00e9m s\u00e3o mais ecol\u00f3gicas do que as baterias SLA, pois n\u00e3o cont\u00eam metais pesados corrosivos ou nocivos.<br \/>\nAs baterias Lifepo4 t\u00eam uma baixa taxa de descarga e longa vida \u00fatil, com uma expectativa de vida m\u00e9dia de cerca de 5 a 10 anos. Eles podem lidar com capacidade de at\u00e9 85% para 6.000 ciclos em condi\u00e7\u00f5es recomendadas - 8.000 vezes (40% dod).<br \/>\nA bateria de l\u00edtio 36V 50Ah \u00e9 constru\u00edda usando c\u00e9lulas de bateria premium Grau A 3.2V LifePo4, um BMS de alta qualidade, uma caixa de metal\/SS e uma tela LCD (display) para f\u00e1cil monitoramento. Ele \u00e9 projetado para fornecer desempenho confi\u00e1vel e duradouro, tornando-o um produto mais vendido.<br \/>\nAtualize seu armazenamento de energia com a bateria de \u00edon de l\u00edtio de 36V 50Ah e aproveite os benef\u00edcios de uma fonte de energia leve, ecol\u00f3gica e duradoura.<\/p>","protected":false},"featured_media":269,"template":"","meta":{"_kad_post_transparent":"default","_kad_post_title":"","_kad_post_layout":"default","_kad_post_sidebar_id":"","_kad_post_content_style":"default","_kad_post_vertical_padding":"default","_kad_post_feature":"","_kad_post_feature_position":"","_kad_post_header":false,"_kad_post_footer":false},"product_cat":[25,30],"product_tag":[86,66,88,92,87,91,89,90,85],"class_list":["post-268","product","type-product","status-publish","has-post-thumbnail","hentry","product_cat-home-storage-battery","product_cat-solar-battery","product_tag-grade-a-36v-lithium-battery","product_tag-lifepo4-battery","product_tag-lifepo4-battery-for-electric-vehicle","product_tag-lifepo4-battery-packs","product_tag-lifepo4-lfp4-battery-50ah","product_tag-lifepo4-lithium-battery-for-solar","product_tag-lithium-battery-solar","product_tag-lithium-solar-batteries","product_tag-lithium-solar-battery","entry","content-bg","loop-entry"],"_links":{"self":[{"href":"https:\/\/bybatt.com\/pt\/wp-json\/wp\/v2\/product\/268","targetHints":{"allow":["GET"]}}],"collection":[{"href":"https:\/\/bybatt.com\/pt\/wp-json\/wp\/v2\/product"}],"about":[{"href":"https:\/\/bybatt.com\/pt\/wp-json\/wp\/v2\/types\/product"}],"wp:featuredmedia":[{"embeddable":true,"href":"https:\/\/bybatt.com\/pt\/wp-json\/wp\/v2\/media\/269"}],"wp:attachment":[{"href":"https:\/\/bybatt.com\/pt\/wp-json\/wp\/v2\/media?parent=268"}],"wp:term":[{"taxonomy":"product_cat","embeddable":true,"href":"https:\/\/bybatt.com\/pt\/wp-json\/wp\/v2\/product_cat?post=268"},{"taxonomy":"product_tag","embeddable":true,"href":"https:\/\/bybatt.com\/pt\/wp-json\/wp\/v2\/product_tag?post=268"}],"curies":[{"name":"wp","href":"https:\/\/api.w.org\/{rel}","templated":true}]}}