{"id":271,"date":"2023-02-17T13:19:40","date_gmt":"2023-02-17T13:19:40","guid":{"rendered":"https:\/\/bybatt.com\/?post_type=product&#038;p=271"},"modified":"2023-02-17T13:39:53","modified_gmt":"2023-02-17T13:39:53","slug":"high-voltage-home-storage-system-stackable-lifepo4-battery","status":"publish","type":"product","link":"https:\/\/bybatt.com\/pt\/produto\/high-voltage-home-storage-system-stackable-lifepo4-battery\/","title":{"rendered":"Sistema de armazenamento dom\u00e9stico de alta tens\u00e3o Bateria LiFePo4 empilh\u00e1vel"},"content":{"rendered":"","protected":false},"excerpt":{"rendered":"<p>Apresentando a bateria empilh\u00e1vel LiFePo4 do sistema de armazenamento dom\u00e9stico de alta tens\u00e3o - a solu\u00e7\u00e3o perfeita para as necessidades de energia da sua casa! Esta bateria de armazenamento de energia para casa m\u00f3vel possui um incr\u00edvel ciclo de vida de mais de 6.000 vezes, garantindo que dure por muitos anos.<br \/>\nProjetada pensando na sua conveni\u00eancia, esta bateria oferece suporte \u00e0 comunica\u00e7\u00e3o e personaliza\u00e7\u00e3o do inversor, para que voc\u00ea possa adapt\u00e1-la para atender \u00e0s suas necessidades espec\u00edficas. Com uma \u00fanica bateria fornecendo poderosos 10KWH de energia, esta bateria \u00e9 perfeita para sistemas de energia dom\u00e9sticos e carregamento de aplicativos dom\u00e9sticos.<br \/>\nCom seu design seguro e garantia contra vazamentos, voc\u00ea pode ter certeza de que esta bateria \u00e9 uma escolha confi\u00e1vel e sem preocupa\u00e7\u00f5es. Al\u00e9m disso, seu design livre de manuten\u00e7\u00e3o o torna incrivelmente f\u00e1cil de usar e manter.<br \/>\nConstru\u00edda para uso com sistemas solares dom\u00e9sticos, esta bateria possui uma maior densidade de energia e vida \u00fatil extrema, garantindo que dure mais e forne\u00e7a mais energia do que nunca. E com o design da roda inferior, voc\u00ea n\u00e3o precisa se preocupar com a instala\u00e7\u00e3o \u2013 \u00e9 t\u00e3o f\u00e1cil quanto empurr\u00e1-la para o lugar!<br \/>\nProjetada para m\u00e1xima efici\u00eancia, esta bateria suporta uso paralelo e possui mais de 6.000 ciclos de desempenho confi\u00e1vel. Seu sistema de gerenciamento de bateria garante que ele sempre opere da melhor maneira poss\u00edvel e, com 95% DOD e mais capacidade utiliz\u00e1vel, voc\u00ea ter\u00e1 toda a energia necess\u00e1ria para manter sua casa funcionando sem problemas.<\/p>","protected":false},"featured_media":272,"template":"","meta":{"_kad_post_transparent":"default","_kad_post_title":"","_kad_post_layout":"default","_kad_post_sidebar_id":"","_kad_post_content_style":"default","_kad_post_vertical_padding":"default","_kad_post_feature":"","_kad_post_feature_position":"","_kad_post_header":false,"_kad_post_footer":false},"product_cat":[25,28],"product_tag":[95,99,96,97,94,93,98],"class_list":["post-271","product","type-product","status-publish","has-post-thumbnail","hentry","product_cat-home-storage-battery","product_cat-base-station-battery","product_tag-50kw-51-2v-lithium-battery","product_tag-home-storage-battery","product_tag-life-power-station","product_tag-prismatic-primary-off-lithium-battery-for-cycle","product_tag-stackable-energy-storage-systems","product_tag-stackable-lifepo4-battery","product_tag-stackable-lithium-battery","entry","content-bg","loop-entry"],"_links":{"self":[{"href":"https:\/\/bybatt.com\/pt\/wp-json\/wp\/v2\/product\/271","targetHints":{"allow":["GET"]}}],"collection":[{"href":"https:\/\/bybatt.com\/pt\/wp-json\/wp\/v2\/product"}],"about":[{"href":"https:\/\/bybatt.com\/pt\/wp-json\/wp\/v2\/types\/product"}],"wp:featuredmedia":[{"embeddable":true,"href":"https:\/\/bybatt.com\/pt\/wp-json\/wp\/v2\/media\/272"}],"wp:attachment":[{"href":"https:\/\/bybatt.com\/pt\/wp-json\/wp\/v2\/media?parent=271"}],"wp:term":[{"taxonomy":"product_cat","embeddable":true,"href":"https:\/\/bybatt.com\/pt\/wp-json\/wp\/v2\/product_cat?post=271"},{"taxonomy":"product_tag","embeddable":true,"href":"https:\/\/bybatt.com\/pt\/wp-json\/wp\/v2\/product_tag?post=271"}],"curies":[{"name":"wp","href":"https:\/\/api.w.org\/{rel}","templated":true}]}}