{"id":277,"date":"2023-02-17T13:41:35","date_gmt":"2023-02-17T13:41:35","guid":{"rendered":"https:\/\/bybatt.com\/?post_type=product&#038;p=277"},"modified":"2023-02-17T13:53:19","modified_gmt":"2023-02-17T13:53:19","slug":"lithium-iron-phosphate-lifepo4-solar-server-rack-batteries","status":"publish","type":"product","link":"https:\/\/bybatt.com\/pt\/produto\/lithium-iron-phosphate-lifepo4-solar-server-rack-batteries\/","title":{"rendered":"Baterias de rack de servidor solar LiFePO4 de fosfato de ferro de l\u00edtio"},"content":{"rendered":"","protected":false},"excerpt":{"rendered":"<p>Apresentando nossas baterias de rack de servidor solar de fosfato de ferro de l\u00edtio (LiFePO4), projetadas para fornecer armazenamento de energia confi\u00e1vel e eficiente para seu sistema de energia solar. Todas as c\u00e9lulas usadas em nossas baterias s\u00e3o 100% novas, garantindo desempenho e longevidade ideais.<br \/>\nCom tens\u00e3o nominal de 240V e capacidade nominal de 100Ah, essas baterias oferecem ampla pot\u00eancia para manter seu sistema funcionando sem problemas. Eles podem lidar com uma corrente de carga m\u00e1xima de 100A e uma corrente de descarga m\u00e1xima de 100A, tornando-os adequados para uma ampla gama de aplica\u00e7\u00f5es.<br \/>\nNossas baterias apresentam um modo de carga de CC\/CV e v\u00eam com uma tela de exibi\u00e7\u00e3o opcional para ajud\u00e1-lo a monitorar o status da bateria. Eles tamb\u00e9m suportam comunica\u00e7\u00e3o via RS485\/CAN, permitindo que voc\u00ea os integre em um sistema maior de gerenciamento de energia.<br \/>\nConstru\u00eddas com um inv\u00f3lucro de metal resistente, nossas baterias podem suportar uma ampla gama de temperaturas e condi\u00e7\u00f5es ambientais. As dimens\u00f5es da bateria s\u00e3o 600*600*1530 mm, tornando-as adequadas para instala\u00e7\u00e3o em racks de servidores. O peso da bateria \u00e9 de cerca de 190kg, facilitando o transporte e a instala\u00e7\u00e3o.<br \/>\nNossas baterias v\u00eam equipadas com uma variedade de recursos de prote\u00e7\u00e3o, incluindo prote\u00e7\u00e3o contra sobrecarga, prote\u00e7\u00e3o contra descarga excessiva, prote\u00e7\u00e3o contra sobrecorrente e muito mais, garantindo a seguran\u00e7a e a longevidade do seu sistema.<\/p>","protected":false},"featured_media":278,"template":"","meta":{"_kad_post_transparent":"default","_kad_post_title":"","_kad_post_layout":"default","_kad_post_sidebar_id":"","_kad_post_content_style":"default","_kad_post_vertical_padding":"default","_kad_post_feature":"","_kad_post_feature_position":"","_kad_post_header":false,"_kad_post_footer":false},"product_cat":[25,28],"product_tag":[102,103,105,100,101,104],"class_list":["post-277","product","type-product","status-publish","has-post-thumbnail","hentry","product_cat-home-storage-battery","product_cat-base-station-battery","product_tag-48v-100ah-lifepo4-cart-battery","product_tag-communication-base-station","product_tag-lithium-ion-phosphate-battery","product_tag-server-rack-batteries","product_tag-server-rack-lifepo4-solar-batteries","product_tag-solar-pack-battery","entry","content-bg","loop-entry"],"_links":{"self":[{"href":"https:\/\/bybatt.com\/pt\/wp-json\/wp\/v2\/product\/277","targetHints":{"allow":["GET"]}}],"collection":[{"href":"https:\/\/bybatt.com\/pt\/wp-json\/wp\/v2\/product"}],"about":[{"href":"https:\/\/bybatt.com\/pt\/wp-json\/wp\/v2\/types\/product"}],"wp:featuredmedia":[{"embeddable":true,"href":"https:\/\/bybatt.com\/pt\/wp-json\/wp\/v2\/media\/278"}],"wp:attachment":[{"href":"https:\/\/bybatt.com\/pt\/wp-json\/wp\/v2\/media?parent=277"}],"wp:term":[{"taxonomy":"product_cat","embeddable":true,"href":"https:\/\/bybatt.com\/pt\/wp-json\/wp\/v2\/product_cat?post=277"},{"taxonomy":"product_tag","embeddable":true,"href":"https:\/\/bybatt.com\/pt\/wp-json\/wp\/v2\/product_tag?post=277"}],"curies":[{"name":"wp","href":"https:\/\/api.w.org\/{rel}","templated":true}]}}