{"id":280,"date":"2023-02-17T14:31:23","date_gmt":"2023-02-17T14:31:23","guid":{"rendered":"https:\/\/bybatt.com\/?post_type=product&#038;p=280"},"modified":"2023-03-05T16:17:53","modified_gmt":"2023-03-05T16:17:53","slug":"48v-telecom-base-station-battery-pack-power-system-solution","status":"publish","type":"product","link":"https:\/\/bybatt.com\/pt\/produto\/48v-telecom-base-station-battery-pack-power-system-solution\/","title":{"rendered":"Solu\u00e7\u00e3o de sistema de alimenta\u00e7\u00e3o de pacote de bateria de esta\u00e7\u00e3o base de telecomunica\u00e7\u00f5es de 48 V"},"content":{"rendered":"","protected":false},"excerpt":{"rendered":"<p>Apresentamos nossa solu\u00e7\u00e3o de sistema de alimenta\u00e7\u00e3o de bateria para esta\u00e7\u00e3o base de telecomunica\u00e7\u00f5es de 48 V - a solu\u00e7\u00e3o definitiva para suas necessidades de energia de telecomunica\u00e7\u00f5es.<br \/>\nNossa bateria \u00e9 feita com novas c\u00e9lulas 100%, garantindo que voc\u00ea obtenha a melhor qualidade e desempenho de sua bateria. O tipo de bateria LiFePO4 \u00e9 altamente eficiente e confi\u00e1vel, tornando-a a escolha perfeita para sua esta\u00e7\u00e3o base de telecomunica\u00e7\u00f5es.<br \/>\nCom uma tens\u00e3o nominal de 240V e capacidade nominal de 100Ah, esta bateria \u00e9 capaz de fornecer energia confi\u00e1vel para sua esta\u00e7\u00e3o base de telecomunica\u00e7\u00f5es. A bateria est\u00e1 equipada com uma corrente m\u00e1xima de carga de 100A e corrente m\u00e1xima de descarga de 100A, permitindo carregar e descarregar de forma r\u00e1pida e eficiente.<br \/>\nA bateria vem com um modo de carga de CC\/CV, garantindo que sua bateria seja carregada com seguran\u00e7a e efici\u00eancia. A tela de exibi\u00e7\u00e3o \u00e9 opcional, permitindo que voc\u00ea monitore o desempenho da bateria com facilidade. O tipo de comunica\u00e7\u00e3o RS485\/CAN permite uma comunica\u00e7\u00e3o perfeita com sua esta\u00e7\u00e3o base de telecomunica\u00e7\u00f5es.<br \/>\nNossa bateria \u00e9 projetada para funcionar em uma ampla gama de temperaturas e ambientes, com sua constru\u00e7\u00e3o met\u00e1lica robusta garantindo sua durabilidade e longevidade. Com dimens\u00f5es de 600*600*1530mm e um peso de 190kg (aproximadamente), esta bateria \u00e9 compacta e f\u00e1cil de instalar.<br \/>\nA bateria est\u00e1 equipada com uma variedade de recursos de prote\u00e7\u00e3o, incluindo prote\u00e7\u00e3o contra sobrecarga, prote\u00e7\u00e3o contra descarga excessiva, prote\u00e7\u00e3o contra sobrecarga de corrente e muito mais. Com essas prote\u00e7\u00f5es instaladas, voc\u00ea pode ter certeza de que sua bateria \u00e9 segura e confi\u00e1vel.<\/p>","protected":false},"featured_media":281,"template":"","meta":{"_kad_post_transparent":"default","_kad_post_title":"","_kad_post_layout":"default","_kad_post_sidebar_id":"","_kad_post_content_style":"default","_kad_post_vertical_padding":"default","_kad_post_feature":"","_kad_post_feature_position":"","_kad_post_header":false,"_kad_post_footer":false},"product_cat":[25,28],"product_tag":[111,110,106,108,107,112,109],"class_list":["post-280","product","type-product","status-publish","has-post-thumbnail","hentry","product_cat-home-storage-battery","product_cat-base-station-battery","product_tag-48v-50ah-lifepo4-battery","product_tag-48v-lifepo4-battery-pack","product_tag-base-station-battery","product_tag-base-station-battery-kit","product_tag-base-station-battery-packs","product_tag-battery-pack-rack-type","product_tag-lifepo4-battery-pack","entry","content-bg","loop-entry"],"_links":{"self":[{"href":"https:\/\/bybatt.com\/pt\/wp-json\/wp\/v2\/product\/280","targetHints":{"allow":["GET"]}}],"collection":[{"href":"https:\/\/bybatt.com\/pt\/wp-json\/wp\/v2\/product"}],"about":[{"href":"https:\/\/bybatt.com\/pt\/wp-json\/wp\/v2\/types\/product"}],"wp:featuredmedia":[{"embeddable":true,"href":"https:\/\/bybatt.com\/pt\/wp-json\/wp\/v2\/media\/281"}],"wp:attachment":[{"href":"https:\/\/bybatt.com\/pt\/wp-json\/wp\/v2\/media?parent=280"}],"wp:term":[{"taxonomy":"product_cat","embeddable":true,"href":"https:\/\/bybatt.com\/pt\/wp-json\/wp\/v2\/product_cat?post=280"},{"taxonomy":"product_tag","embeddable":true,"href":"https:\/\/bybatt.com\/pt\/wp-json\/wp\/v2\/product_tag?post=280"}],"curies":[{"name":"wp","href":"https:\/\/api.w.org\/{rel}","templated":true}]}}