{"id":288,"date":"2023-02-18T03:13:02","date_gmt":"2023-02-18T03:13:02","guid":{"rendered":"https:\/\/bybatt.com\/?post_type=product&#038;p=288"},"modified":"2023-02-18T03:19:31","modified_gmt":"2023-02-18T03:19:31","slug":"server-mount-lifepo4-battery-solar-energy-storage-system","status":"publish","type":"product","link":"https:\/\/bybatt.com\/pt\/produto\/server-mount-lifepo4-battery-solar-energy-storage-system\/","title":{"rendered":"Sistema de armazenamento de energia solar de bateria LiFePO4 montado em servidor"},"content":{"rendered":"","protected":false},"excerpt":{"rendered":"<p>Apresentando nosso sistema de armazenamento de energia solar de bateria LiFePO4 para servidor, uma solu\u00e7\u00e3o de armazenamento de energia confi\u00e1vel e de alto desempenho projetada para atender \u00e0s exigentes necessidades de servidores e data centers modernos.<br \/>\nConstru\u00edda com apenas novas c\u00e9lulas 100%, nossa tecnologia de bateria LiFePO4 garante desempenho e longevidade excepcionais, fornecendo sa\u00edda de energia est\u00e1vel e armazenamento consistente de energia para todas as necessidades do seu servidor.<br \/>\nCom uma tens\u00e3o nominal de 240V e uma capacidade nominal de 100Ah, o nosso sistema de baterias possui uma corrente m\u00e1xima de carga de 100A e uma corrente m\u00e1xima de descarga de 100A. Nossa tecnologia avan\u00e7ada de modo de carga de CC\/CV garante uma carga mais segura e eficiente para o seu sistema de bateria.<br \/>\nNosso sistema vem equipado com uma tela de exibi\u00e7\u00e3o opcional e recursos de comunica\u00e7\u00e3o RS485\/CAN, facilitando o monitoramento do desempenho de sua bateria e a comunica\u00e7\u00e3o com outros dispositivos em sua rede.<br \/>\nProjetado para suportar condi\u00e7\u00f5es de trabalho adversas, nosso sistema de armazenamento de energia solar de bateria LiFePO4 para montagem em servidor \u00e9 envolto em uma carca\u00e7a de metal resistente, garantindo durabilidade e longevidade. Com 600*600*1530 mm, \u00e9 compacto o suficiente para caber em qualquer sala de servidores ou centro de dados.<br \/>\nPesando aproximadamente 190kg, nosso sistema oferece f\u00e1cil instala\u00e7\u00e3o e manuseio, com prote\u00e7\u00e3o contra sobrecarga, prote\u00e7\u00e3o contra descarga excessiva, prote\u00e7\u00e3o contra sobrecorrente e outros recursos de seguran\u00e7a essenciais integrados para garantir o uso seguro e protegido de nosso sistema de bateria.<br \/>\nCom uma \u00fanica capacidade de bateria de 5KWH, nosso sistema pode ser empilhado em at\u00e9 15KWH para atender aos seus requisitos de armazenamento de energia. Nosso sistema de armazenamento de energia solar de bateria LiFePO4 para montagem em servidor \u00e9 a solu\u00e7\u00e3o de armazenamento de energia perfeita para todas as suas necessidades de servidor e data center.<\/p>","protected":false},"featured_media":289,"template":"","meta":{"_kad_post_transparent":"default","_kad_post_title":"","_kad_post_layout":"default","_kad_post_sidebar_id":"","_kad_post_content_style":"default","_kad_post_vertical_padding":"default","_kad_post_feature":"","_kad_post_feature_position":"","_kad_post_header":false,"_kad_post_footer":false},"product_cat":[25,28],"product_tag":[120,119,118,117,116,113,115,101,114],"class_list":["post-288","product","type-product","status-publish","has-post-thumbnail","hentry","product_cat-home-storage-battery","product_cat-base-station-battery","product_tag-energy-storage-container","product_tag-lifepo4-energy-battery","product_tag-lithium-battery-51-2v-100ah","product_tag-rack-mount-lifepo4-battery","product_tag-rack-mounted-lithium-battery","product_tag-server-mount-lifepo4-battery","product_tag-server-rack-battery","product_tag-server-rack-lifepo4-solar-batteries","product_tag-solar-lithium-battery-server-rack","entry","content-bg","loop-entry"],"_links":{"self":[{"href":"https:\/\/bybatt.com\/pt\/wp-json\/wp\/v2\/product\/288","targetHints":{"allow":["GET"]}}],"collection":[{"href":"https:\/\/bybatt.com\/pt\/wp-json\/wp\/v2\/product"}],"about":[{"href":"https:\/\/bybatt.com\/pt\/wp-json\/wp\/v2\/types\/product"}],"wp:featuredmedia":[{"embeddable":true,"href":"https:\/\/bybatt.com\/pt\/wp-json\/wp\/v2\/media\/289"}],"wp:attachment":[{"href":"https:\/\/bybatt.com\/pt\/wp-json\/wp\/v2\/media?parent=288"}],"wp:term":[{"taxonomy":"product_cat","embeddable":true,"href":"https:\/\/bybatt.com\/pt\/wp-json\/wp\/v2\/product_cat?post=288"},{"taxonomy":"product_tag","embeddable":true,"href":"https:\/\/bybatt.com\/pt\/wp-json\/wp\/v2\/product_tag?post=288"}],"curies":[{"name":"wp","href":"https:\/\/api.w.org\/{rel}","templated":true}]}}