{"id":291,"date":"2023-02-18T03:25:01","date_gmt":"2023-02-18T03:25:01","guid":{"rendered":"https:\/\/bybatt.com\/?post_type=product&#038;p=291"},"modified":"2023-02-18T03:32:11","modified_gmt":"2023-02-18T03:32:11","slug":"ups-battery-base-station-backup-battery-power-system-solution","status":"publish","type":"product","link":"https:\/\/bybatt.com\/pt\/produto\/ups-battery-base-station-backup-battery-power-system-solution\/","title":{"rendered":"Solu\u00e7\u00e3o de sistema de energia de backup de bateria de esta\u00e7\u00e3o base de bateria UPS"},"content":{"rendered":"","protected":false},"excerpt":{"rendered":"<p>Apresentamos nossa solu\u00e7\u00e3o de sistema de energia de bateria de backup de esta\u00e7\u00e3o base de bateria UPS de ponta, projetada para fornecer a voc\u00ea uma solu\u00e7\u00e3o de backup de energia confi\u00e1vel e eficiente para todas as suas necessidades de energia. Nossas baterias s\u00e3o constru\u00eddas com novas c\u00e9lulas 100%, usando a mais recente tecnologia de bateria LiFePO4 para garantir energia duradoura e de alto desempenho.<br \/>\nCom uma tens\u00e3o nominal de 240V e uma capacidade nominal de 100Ah, nosso sistema de bateria \u00e9 capaz de lidar com cargas pesadas com facilidade. Nosso sistema de bateria tem uma corrente de carga m\u00e1xima de 100A e uma corrente de descarga m\u00e1xima de 100A, permitindo um carregamento r\u00e1pido e tempos de descarga r\u00e1pidos.<br \/>\nNossas baterias s\u00e3o projetadas com um modo de carga CC\/CV e v\u00eam com uma tela de exibi\u00e7\u00e3o opcional para monitorar e controlar os n\u00edveis de energia. Nosso sistema tamb\u00e9m inclui comunica\u00e7\u00e3o RS485\/CAN, permitindo f\u00e1cil integra\u00e7\u00e3o com seus sistemas de energia existentes.<br \/>\nConstru\u00eddo a partir de materiais met\u00e1licos dur\u00e1veis, nosso sistema de bateria \u00e9 constru\u00eddo para suportar temperaturas extremas e condi\u00e7\u00f5es ambientais adversas. As dimens\u00f5es do nosso sistema s\u00e3o 6006001530mm e pesa aproximadamente 190kg, tornando-o uma solu\u00e7\u00e3o conveniente e pr\u00e1tica para uma ampla gama de necessidades de energia.<br \/>\nNosso sistema \u00e9 equipado com prote\u00e7\u00e3o contra sobrecarga, prote\u00e7\u00e3o contra descarga excessiva, prote\u00e7\u00e3o contra sobrecorrente e outros recursos avan\u00e7ados de seguran\u00e7a, garantindo que seu sistema de energia esteja sempre protegido e seguro.<\/p>","protected":false},"featured_media":292,"template":"","meta":{"_kad_post_transparent":"default","_kad_post_title":"","_kad_post_layout":"default","_kad_post_sidebar_id":"","_kad_post_content_style":"default","_kad_post_vertical_padding":"default","_kad_post_feature":"","_kad_post_feature_position":"","_kad_post_header":false,"_kad_post_footer":false},"product_cat":[25,28],"product_tag":[124,123,126,125,122,121,127],"class_list":["post-291","product","type-product","status-publish","has-post-thumbnail","hentry","product_cat-home-storage-battery","product_cat-base-station-battery","product_tag-51-2v-energy-storage-solar-base-station-power","product_tag-base-station-backup-battery","product_tag-battery-200ah","product_tag-supply-48v-100ah-gyll-lifepo4-solar-battery-rack","product_tag-ups-base-station-backup-battery","product_tag-ups-battery","product_tag-ups-communication-base-station","entry","content-bg","loop-entry"],"_links":{"self":[{"href":"https:\/\/bybatt.com\/pt\/wp-json\/wp\/v2\/product\/291","targetHints":{"allow":["GET"]}}],"collection":[{"href":"https:\/\/bybatt.com\/pt\/wp-json\/wp\/v2\/product"}],"about":[{"href":"https:\/\/bybatt.com\/pt\/wp-json\/wp\/v2\/types\/product"}],"wp:featuredmedia":[{"embeddable":true,"href":"https:\/\/bybatt.com\/pt\/wp-json\/wp\/v2\/media\/292"}],"wp:attachment":[{"href":"https:\/\/bybatt.com\/pt\/wp-json\/wp\/v2\/media?parent=291"}],"wp:term":[{"taxonomy":"product_cat","embeddable":true,"href":"https:\/\/bybatt.com\/pt\/wp-json\/wp\/v2\/product_cat?post=291"},{"taxonomy":"product_tag","embeddable":true,"href":"https:\/\/bybatt.com\/pt\/wp-json\/wp\/v2\/product_tag?post=291"}],"curies":[{"name":"wp","href":"https:\/\/api.w.org\/{rel}","templated":true}]}}