{"id":296,"date":"2023-02-18T03:39:37","date_gmt":"2023-02-18T03:39:37","guid":{"rendered":"https:\/\/bybatt.com\/?post_type=product&#038;p=296"},"modified":"2023-02-18T03:48:57","modified_gmt":"2023-02-18T03:48:57","slug":"48v-power-wall-mounted-lithium-battery-energy-storage-system","status":"publish","type":"product","link":"https:\/\/bybatt.com\/pt\/produto\/48v-power-wall-mounted-lithium-battery-energy-storage-system\/","title":{"rendered":"Sistema de armazenamento de energia de bateria de l\u00edtio montada na parede de 48 V"},"content":{"rendered":"","protected":false},"excerpt":{"rendered":"<p>Apresentando nosso sistema de armazenamento de energia de bateria de l\u00edtio montada na parede de 48V, projetado para fornecer armazenamento de energia confi\u00e1vel e eficiente para resid\u00eancias e empresas. Nossas baterias s\u00e3o feitas com novas c\u00e9lulas 100%, garantindo desempenho de alta qualidade e longa dura\u00e7\u00e3o.<br \/>\nEscolha entre uma variedade de capacidades para atender \u00e0s suas necessidades de energia: 50Ah, 100Ah, 150Ah ou 200Ah, com sa\u00eddas de energia variando de 2,56KWH a 10,24KWH. Com uma pot\u00eancia m\u00e1xima de at\u00e9 10240 W, nosso sistema de bateria fornece ampla pot\u00eancia para todas as suas necessidades de energia.<br \/>\nNosso sistema de bateria \u00e9 constru\u00eddo para durar, com uma vida \u00fatil de at\u00e9 6.000 ciclos na profundidade de descarga 80% e uma faixa de temperatura de -20\u00b0C a 60\u00b0C. A bateria pode ser armazenada por at\u00e9 5 meses a 25\u00b0C, 3 meses a 35\u00b0C e 1 m\u00eas a 45\u00b0C, tornando-a adequada para v\u00e1rias condi\u00e7\u00f5es ambientais.<br \/>\nO design montado na parede do nosso sistema de bateria permite f\u00e1cil instala\u00e7\u00e3o e economiza espa\u00e7o valioso. Com dimens\u00f5es de 360*140*570 mm, \u00e9 compacto e cabe em espa\u00e7os apertados.<\/p>","protected":false},"featured_media":297,"template":"","meta":{"_kad_post_transparent":"default","_kad_post_title":"","_kad_post_layout":"default","_kad_post_sidebar_id":"","_kad_post_content_style":"default","_kad_post_vertical_padding":"default","_kad_post_feature":"","_kad_post_feature_position":"","_kad_post_header":false,"_kad_post_footer":false},"product_cat":[25,27],"product_tag":[136,135,131,137,129,132,134,130,128,133],"class_list":["post-296","product","type-product","status-publish","has-post-thumbnail","hentry","product_cat-home-storage-battery","product_cat-home-battery-powerwall","product_tag-10kwh-7kwh-5kwh-energy-storage-battery","product_tag-48v-wall-mounted-power-battery","product_tag-energy-storage-system","product_tag-lifepo4-lithium-battery-powerwall","product_tag-lithium-battery-wall-mount","product_tag-powerwall-battery","product_tag-rechargeable-lifepo4-lithium-ion-battery","product_tag-wall-mounted-battery","product_tag-wall-mounted-lithium-battery","product_tag-wall-mounted-power-battery","entry","content-bg","loop-entry"],"_links":{"self":[{"href":"https:\/\/bybatt.com\/pt\/wp-json\/wp\/v2\/product\/296","targetHints":{"allow":["GET"]}}],"collection":[{"href":"https:\/\/bybatt.com\/pt\/wp-json\/wp\/v2\/product"}],"about":[{"href":"https:\/\/bybatt.com\/pt\/wp-json\/wp\/v2\/types\/product"}],"wp:featuredmedia":[{"embeddable":true,"href":"https:\/\/bybatt.com\/pt\/wp-json\/wp\/v2\/media\/297"}],"wp:attachment":[{"href":"https:\/\/bybatt.com\/pt\/wp-json\/wp\/v2\/media?parent=296"}],"wp:term":[{"taxonomy":"product_cat","embeddable":true,"href":"https:\/\/bybatt.com\/pt\/wp-json\/wp\/v2\/product_cat?post=296"},{"taxonomy":"product_tag","embeddable":true,"href":"https:\/\/bybatt.com\/pt\/wp-json\/wp\/v2\/product_tag?post=296"}],"curies":[{"name":"wp","href":"https:\/\/api.w.org\/{rel}","templated":true}]}}